{"id":3317,"date":"2023-12-04T13:51:56","date_gmt":"2023-12-04T13:51:56","guid":{"rendered":"https:\/\/axsonjohnsonfoundation.org\/?page_id=3317"},"modified":"2024-03-06T09:55:45","modified_gmt":"2024-03-06T09:55:45","slug":"gdpr","status":"publish","type":"page","link":"https:\/\/axsonjohnsonfoundation.org\/sv\/gdpr\/","title":{"rendered":"GDPR"},"content":{"rendered":"\n<div class=\"section-x-padding\">\n    <div class=\"wysiwyg section-inner-width mx-auto my-8\">\n        <h3>GDPR &#8211; Axel och Margaret Ax:son Johnsons stiftelses hantering av personuppgifter<\/h3>\n<p><strong>Syfte<br \/>\n<\/strong>Axel och Margaret Ax:son Johnsons stiftelse f\u00f6r allm\u00e4nnyttiga \u00e4ndam\u00e5l v\u00e4rnar om din integritet. Du ska kunna k\u00e4nna dig trygg n\u00e4r du anf\u00f6rtror oss dina personuppgifter. D\u00e4rf\u00f6r har vi uppr\u00e4ttat en policy d\u00e4r vi visar vilka personuppgifter vi hanterar och hur vi hanterar dem. Den utg\u00e5r fr\u00e5n g\u00e4llande dataskyddslagstiftning och f\u00f6rtydligar hur vi jobbar f\u00f6r att ta tillvara dina r\u00e4ttigheter och din integritet. Lagen som ligger till grund f\u00f6r v\u00e5r policy \u00e4r EU:s dataskyddsf\u00f6rordning GDPR, som den 28 maj 2018 ersatte Personuppgiftslagen (PUL) som hade varit g\u00e4llande sedan 1998. Nedan kan du l\u00e4sa mer om Axel och Margaret Ax:son Johnsons stiftelses hantering av personuppgifter.<\/p>\n<p><strong>Bakgrund<\/strong><br \/>\nVi behandlar dina personuppgifter fr\u00e4mst f\u00f6r att fullf\u00f6lja v\u00e5ra f\u00f6rpliktelser mot dig. V\u00e5r utg\u00e5ngspunkt \u00e4r att inte behandla fler personuppgifter \u00e4n de som beh\u00f6vs f\u00f6r v\u00e5r verksamhet. All personal inom Axel och Margaret Ax:son Johnsons stiftelse har f\u00e5tt information om vad som g\u00e4ller vid hantering av personuppgifter.<\/p>\n<p><strong>Vilka personuppgifter behandlar vi?<\/strong><br \/>\nVi behandlar endast personuppgifter n\u00e4r vi har laglig grund. Vi behandlar endast personuppgifter som du registrerat eller uppgett frivilligt. Vi behandlar inte personuppgifter i annat fall \u00e4n n\u00e4r de beh\u00f6vs f\u00f6r att fullg\u00f6ra f\u00f6rpliktelser enligt avtal och lag.<\/p>\n<p><strong>Vilka r\u00e4ttigheter har du?<br \/>\n<\/strong>Du har n\u00e4r som helst r\u00e4tt att \u00e5terkalla ditt samtycke att f\u00f6r oss hantera dina personuppgifter. Vi kommer d\u00e5 inte l\u00e4ngre att behandla dina personuppgifter eller inh\u00e4mta nya, under f\u00f6ruts\u00e4ttning att det inte beh\u00f6vs f\u00f6r att fullg\u00f6ra v\u00e5ra skyldigheter enligt avtal eller lag. Vill du radera dina uppgifter \u00e4r det din r\u00e4ttighet att kontakta oss och meddela oss att du vill bli gl\u00f6md. Finns det d\u00e5 inga skulder kvar att reglera kommer du att omg\u00e5ende tas bort ur v\u00e5ra system.<\/p>\n<p><strong>Behandlas dina personuppgifter p\u00e5 ett betryggande s\u00e4tt?<\/strong><br \/>\nUtg\u00e5ngspunkten \u00e4r att endast anst\u00e4llda inom Axel och Margaret Ax:son Johnsons stiftelse och leverant\u00f6rer som vi som f\u00f6retag har anlitat har tillg\u00e5ng till dina personuppgifter.<\/p>\n<p><strong>Ansvar<\/strong><br \/>\nAxel och Margaret Ax:son Johnsons stiftelse \u00e4r personuppgiftsansvarig, vilket inneb\u00e4r att vi \u00e4r ansvariga f\u00f6r hur dina personuppgifter behandlas och att dina r\u00e4ttigheter tas tillvara.<\/p>\n<p><strong>Kontaktuppgifter<br \/>\n<\/strong>Mejlar ditt \u00e4rende till <a href=\"mailto:info@axsonjohnsonstiftelsen.se\">info@axsonjohnsonstiftelsen.se<\/a> eller skriv till <strong>Axel och Margaret Ax:son Johnsons stiftelse\u00a0ATT: <\/strong>Integritetsansvarig, Stureplan 3 103 75 STOCKHOLM.<\/p>\n<p><strong>S\u00e5 h\u00e4r behandlar Axel och Margaret Ax:son Johnsons stiftelse personuppgifter <\/strong><\/p>\n<p><strong>Personuppgiftsbehandling \u2013 e-post och i andra ostrukturerade dokument.<\/strong><\/p>\n<p><strong>Varf\u00f6r \u2013 <\/strong>Ta emot och m\u00f6jligg\u00f6ra e-postkonversationer i v\u00e5r verksamhet.<\/p>\n<p><strong>Vilka personuppgifter behandlas \u2013 <\/strong>Namn, e-post och \u00f6vrig information som avs\u00e4ndare v\u00e4ljer att skicka till oss. <strong>\u00a0<\/strong><\/p>\n<p><strong>Laglig grund \u2013<\/strong> Intresseavv\u00e4gning. N\u00e4r vi l\u00e4st e-posten g\u00f6rs det en ytterligare bed\u00f6mning om vilken laglig grund vi har f\u00f6r den fortsatta personuppgiftsbehandlingen.<\/p>\n<p><strong>Lagringsperiod \u2013 <\/strong>Uppgifterna sparas s\u00e5 l\u00e4nge som vi bed\u00f6mer dem som aktuella f\u00f6r verksamheten.<\/p>\n<p><strong>Personuppgiftsbehandling \u2013 <\/strong><strong>Digitala nyhetsbrev<\/strong><\/p>\n<p><strong>Varf\u00f6r \u2013 <\/strong>F\u00f6r att kunna mejla ut v\u00e5rt nyhetsbrev till personer som intresserar sig f\u00f6r v\u00e5ra produkter.<\/p>\n<p><strong>Vilka personuppgifter behandlas \u2013 <\/strong>E-postadress<\/p>\n<p><strong>Laglig grund \u2013<\/strong> Intresseavv\u00e4gning<\/p>\n<p><strong>Lagringsperiod \u2013 <\/strong>Man kan n\u00e4r som helst v\u00e4lja att avregistrera sig fr\u00e5n v\u00e5rt nyhetsbrev. Klicka p\u00e5 l\u00e4nken som finns l\u00e4ngst ned i v\u00e5ra mejlutskick. D\u00e5 upph\u00f6r utskicket med en g\u00e5ng och du tas bort fr\u00e5n systemet.<strong>\u00a0 <\/strong><\/p>\n<p><strong>Personuppgiftsbehandling \u2013 <\/strong><strong>Personer som<\/strong><strong> ing\u00e5r avtal med Axel och Margaret Ax:son Johnsons stiftelse (f\u00f6rfattare, \u00f6vers\u00e4ttare, fotografer, illustrat\u00f6rer, formgivare med flera)<\/strong><\/p>\n<p><strong>Varf\u00f6r \u2013 <\/strong>F\u00f6r att kunna bedriva v\u00e5r utgivningsverksamhet och f\u00f6r att kunna ing\u00e5 ett avtal med vederb\u00f6rande beh\u00f6ver vi behandla personuppgifter med dem som vi fattar avtal med.<\/p>\n<p><strong>Vilka personuppgifter behandlas \u2013 <\/strong>Namn, adress, e-postadress, telefonnummer, kontonummer och eventuella uppgifter som l\u00e4mnas i samband med att ett avtal sammanst\u00e4lls. Beroende p\u00e5 om du har ett eget f\u00f6retag beh\u00f6ver vi \u00e4ven behandla ditt personnummer. Vi behandlar \u00e4ven eventuellt ditt namn i artikelinformationen.<\/p>\n<p><strong>Laglig grund \u2013<\/strong> Intresseavv\u00e4gning<\/p>\n<p><strong>Lagringsperiod \u2013 <\/strong>Uppgifterna sparas s\u00e5 l\u00e4nge som vi bed\u00f6mer dem som aktuella f\u00f6r verksamheten.<\/p>\n<p><strong>Personuppgiftsbehandling \u2013 <\/strong><strong>Leverant\u00f6rer, \u00e5terf\u00f6rs\u00e4ljare och \u00f6vriga kunder<\/strong><\/p>\n<p><strong>Varf\u00f6r \u2013 <\/strong>F\u00f6r att f\u00f6renkla v\u00e5ra kontakter med v\u00e5ra leverant\u00f6rer, \u00e5terf\u00f6rs\u00e4ljare och \u00f6vriga kunder.<\/p>\n<p><strong>Vilka personuppgifter behandlas \u2013 <\/strong>Namn, adress, e-postadress, telefonnummer och eventuella uppgifter som l\u00e4mnas i samband med att ett kundsamarbete skapas.<\/p>\n<p><strong>Laglig grund \u2013<\/strong> Intresseavv\u00e4gning<\/p>\n<p><strong>Lagringsperiod \u2013 <\/strong>Vi sparar personuppgifterna s\u00e5 l\u00e4nge det finns ett f\u00f6rh\u00e5llande med den registrerade och en tid d\u00e4refter, s\u00e5 l\u00e4nge det finns laglig grund.<\/p>\n<p>&nbsp;<\/p>\n<p><strong>Personuppgiftsbehandling \u2013 s\u00f6ker arbete, praktik eller frilansuppdrag hos Axel och Margaret Ax:son Johnsons stiftelse (f\u00f6rfattare, \u00f6vers\u00e4ttare, bildredakt\u00f6rer, textredakt\u00f6rer med flera)<\/strong><\/p>\n<p><strong>Varf\u00f6r \u2013 <\/strong>F\u00f6r att kunna anlita och ta emot praktikanter samt frilansare i v\u00e5r verksamhet.<\/p>\n<p><strong>Vilka personuppgifter behandlas \u2013 <\/strong>CV, personligt brev, adress, e-post och telefonnummer.<\/p>\n<p><strong>Laglig grund \u2013<\/strong> Intresseavv\u00e4gning<\/p>\n<p><strong>Lagringsperiod \u2013 <\/strong>Uppgifterna sparas s\u00e5 l\u00e4nge som vi bed\u00f6mer dem som aktuella f\u00f6r verksamheten. Man kan n\u00e4r som helst v\u00e4lja att ta bort sig fr\u00e5n v\u00e5rt register. Mejla d\u00e5 till <a href=\"mailto:info@axsonjohnsonstiftelsen.se\">info@axsonjohnsonstiftelsen.se<\/a> s\u00e5 tar vi bort dina uppgifter.<\/p>\n<p><strong>Personuppgiftsbehandling \u2013 Event <\/strong><\/p>\n<p><strong>Varf\u00f6r \u2013 <\/strong>F\u00f6r att kunna bjuda in g\u00e4ster och anordna event i v\u00e5r verksamhet.<\/p>\n<p><strong>Vilka personuppgifter behandlas <\/strong>\u2013 Namn, e-postadress, telefonnummer, eventuella allergier.<strong>\u00a0 <\/strong><\/p>\n<p><strong>Laglig grund \u2013<\/strong> Intresseavv\u00e4gning<\/p>\n<p><strong>Lagringsperiod \u2013 <\/strong>Uppgifterna sparas s\u00e5 l\u00e4nge som vi bed\u00f6mer dem som aktuella f\u00f6r verksamheten. Efter det raderas dem fr\u00e5n v\u00e5rt system.<\/p>\n    <\/div>\n<\/div>","protected":false},"excerpt":{"rendered":"","protected":false},"author":1,"featured_media":0,"parent":0,"menu_order":0,"comment_status":"closed","ping_status":"closed","template":"templates\/template-general.php","meta":{"_acf_changed":false,"footnotes":""},"class_list":["post-3317","page","type-page","status-publish","hentry"],"acf":[],"yoast_head":"<!-- This site is optimized with the Yoast SEO plugin v27.4 - https:\/\/yoast.com\/product\/yoast-seo-wordpress\/ -->\n<title>GDPR - Axel and Margaret Ax:son Johnson Foundation for public benefit<\/title>\n<meta name=\"robots\" content=\"index, follow, max-snippet:-1, max-image-preview:large, max-video-preview:-1\" \/>\n<link rel=\"canonical\" href=\"https:\/\/axsonjohnsonfoundation.org\/sv\/gdpr\/\" \/>\n<meta property=\"og:locale\" content=\"sv_SE\" \/>\n<meta property=\"og:type\" content=\"article\" \/>\n<meta property=\"og:title\" content=\"GDPR - Axel and Margaret Ax:son Johnson Foundation for public benefit\" \/>\n<meta property=\"og:url\" content=\"https:\/\/axsonjohnsonfoundation.org\/sv\/gdpr\/\" \/>\n<meta property=\"og:site_name\" content=\"Axel and Margaret Ax:son Johnson Foundation for public benefit\" \/>\n<meta property=\"article:modified_time\" content=\"2024-03-06T09:55:45+00:00\" \/>\n<meta property=\"og:image\" content=\"https:\/\/axsonjohnsonfoundation.org\/wp-content\/uploads\/2022\/05\/big-placeholder-people-1.jpeg\" \/>\n\t<meta property=\"og:image:width\" content=\"1088\" \/>\n\t<meta property=\"og:image:height\" content=\"612\" \/>\n\t<meta property=\"og:image:type\" content=\"image\/jpeg\" \/>\n<meta name=\"twitter:card\" content=\"summary_large_image\" \/>\n<script type=\"application\/ld+json\" class=\"yoast-schema-graph\">{\"@context\":\"https:\\\/\\\/schema.org\",\"@graph\":[{\"@type\":\"WebPage\",\"@id\":\"https:\\\/\\\/axsonjohnsonfoundation.org\\\/sv\\\/gdpr\\\/\",\"url\":\"https:\\\/\\\/axsonjohnsonfoundation.org\\\/sv\\\/gdpr\\\/\",\"name\":\"GDPR - Axel and Margaret Ax:son Johnson Foundation for public benefit\",\"isPartOf\":{\"@id\":\"https:\\\/\\\/axsonjohnsonfoundation.org\\\/sv\\\/#website\"},\"datePublished\":\"2023-12-04T13:51:56+00:00\",\"dateModified\":\"2024-03-06T09:55:45+00:00\",\"breadcrumb\":{\"@id\":\"https:\\\/\\\/axsonjohnsonfoundation.org\\\/sv\\\/gdpr\\\/#breadcrumb\"},\"inLanguage\":\"sv-SE\",\"potentialAction\":[{\"@type\":\"ReadAction\",\"target\":[\"https:\\\/\\\/axsonjohnsonfoundation.org\\\/sv\\\/gdpr\\\/\"]}]},{\"@type\":\"BreadcrumbList\",\"@id\":\"https:\\\/\\\/axsonjohnsonfoundation.org\\\/sv\\\/gdpr\\\/#breadcrumb\",\"itemListElement\":[{\"@type\":\"ListItem\",\"position\":1,\"name\":\"Start\",\"item\":\"\\\/sv\\\/\"},{\"@type\":\"ListItem\",\"position\":2,\"name\":\"GDPR\"}]},{\"@type\":\"WebSite\",\"@id\":\"https:\\\/\\\/axsonjohnsonfoundation.org\\\/sv\\\/#website\",\"url\":\"https:\\\/\\\/axsonjohnsonfoundation.org\\\/sv\\\/\",\"name\":\"Axel and Margaret Ax:son Johnson Foundation for public benefit\",\"description\":\"Promoting scientific and scholarly research\",\"potentialAction\":[{\"@type\":\"SearchAction\",\"target\":{\"@type\":\"EntryPoint\",\"urlTemplate\":\"https:\\\/\\\/axsonjohnsonfoundation.org\\\/sv\\\/?s={search_term_string}\"},\"query-input\":{\"@type\":\"PropertyValueSpecification\",\"valueRequired\":true,\"valueName\":\"search_term_string\"}}],\"inLanguage\":\"sv-SE\"}]}<\/script>\n<!-- \/ Yoast SEO plugin. -->","yoast_head_json":{"title":"GDPR - Axel and Margaret Ax:son Johnson Foundation for public benefit","robots":{"index":"index","follow":"follow","max-snippet":"max-snippet:-1","max-image-preview":"max-image-preview:large","max-video-preview":"max-video-preview:-1"},"canonical":"https:\/\/axsonjohnsonfoundation.org\/sv\/gdpr\/","og_locale":"sv_SE","og_type":"article","og_title":"GDPR - Axel and Margaret Ax:son Johnson Foundation for public benefit","og_url":"https:\/\/axsonjohnsonfoundation.org\/sv\/gdpr\/","og_site_name":"Axel and Margaret Ax:son Johnson Foundation for public benefit","article_modified_time":"2024-03-06T09:55:45+00:00","og_image":[{"width":1088,"height":612,"url":"https:\/\/axsonjohnsonfoundation.org\/wp-content\/uploads\/2022\/05\/big-placeholder-people-1.jpeg","type":"image\/jpeg"}],"twitter_card":"summary_large_image","schema":{"@context":"https:\/\/schema.org","@graph":[{"@type":"WebPage","@id":"https:\/\/axsonjohnsonfoundation.org\/sv\/gdpr\/","url":"https:\/\/axsonjohnsonfoundation.org\/sv\/gdpr\/","name":"GDPR - Axel and Margaret Ax:son Johnson Foundation for public benefit","isPartOf":{"@id":"https:\/\/axsonjohnsonfoundation.org\/sv\/#website"},"datePublished":"2023-12-04T13:51:56+00:00","dateModified":"2024-03-06T09:55:45+00:00","breadcrumb":{"@id":"https:\/\/axsonjohnsonfoundation.org\/sv\/gdpr\/#breadcrumb"},"inLanguage":"sv-SE","potentialAction":[{"@type":"ReadAction","target":["https:\/\/axsonjohnsonfoundation.org\/sv\/gdpr\/"]}]},{"@type":"BreadcrumbList","@id":"https:\/\/axsonjohnsonfoundation.org\/sv\/gdpr\/#breadcrumb","itemListElement":[{"@type":"ListItem","position":1,"name":"Start","item":"\/sv\/"},{"@type":"ListItem","position":2,"name":"GDPR"}]},{"@type":"WebSite","@id":"https:\/\/axsonjohnsonfoundation.org\/sv\/#website","url":"https:\/\/axsonjohnsonfoundation.org\/sv\/","name":"Axel and Margaret Ax:son Johnson Foundation for public benefit","description":"Promoting scientific and scholarly research","potentialAction":[{"@type":"SearchAction","target":{"@type":"EntryPoint","urlTemplate":"https:\/\/axsonjohnsonfoundation.org\/sv\/?s={search_term_string}"},"query-input":{"@type":"PropertyValueSpecification","valueRequired":true,"valueName":"search_term_string"}}],"inLanguage":"sv-SE"}]}},"_links":{"self":[{"href":"https:\/\/axsonjohnsonfoundation.org\/sv\/wp-json\/wp\/v2\/pages\/3317","targetHints":{"allow":["GET"]}}],"collection":[{"href":"https:\/\/axsonjohnsonfoundation.org\/sv\/wp-json\/wp\/v2\/pages"}],"about":[{"href":"https:\/\/axsonjohnsonfoundation.org\/sv\/wp-json\/wp\/v2\/types\/page"}],"author":[{"embeddable":true,"href":"https:\/\/axsonjohnsonfoundation.org\/sv\/wp-json\/wp\/v2\/users\/1"}],"replies":[{"embeddable":true,"href":"https:\/\/axsonjohnsonfoundation.org\/sv\/wp-json\/wp\/v2\/comments?post=3317"}],"version-history":[{"count":8,"href":"https:\/\/axsonjohnsonfoundation.org\/sv\/wp-json\/wp\/v2\/pages\/3317\/revisions"}],"predecessor-version":[{"id":3421,"href":"https:\/\/axsonjohnsonfoundation.org\/sv\/wp-json\/wp\/v2\/pages\/3317\/revisions\/3421"}],"wp:attachment":[{"href":"https:\/\/axsonjohnsonfoundation.org\/sv\/wp-json\/wp\/v2\/media?parent=3317"}],"curies":[{"name":"wp","href":"https:\/\/api.w.org\/{rel}","templated":true}]}}