{"id":376,"date":"2022-06-07T07:05:47","date_gmt":"2022-06-07T07:05:47","guid":{"rendered":"https:\/\/axel-johnson-stiftelse.ohmytest.se\/?page_id=376"},"modified":"2023-05-10T13:39:46","modified_gmt":"2023-05-10T13:39:46","slug":"bokforlaget-stolpe","status":"publish","type":"page","link":"https:\/\/axsonjohnsonfoundation.org\/sv\/publicistik\/bokforlaget-stolpe\/","title":{"rendered":"Bokf\u00f6rlaget Stolpe"},"content":{"rendered":"\n<div class=\"section-x-padding\">\n    <p class=\"body-xl section-inner-width mx-auto my-8\">\n        Bokutgivning har varit en viktig del av stiftelsens arbete sedan 1999. Sedan 2018 ger Bokf\u00f6rlaget Stolpe ut b\u00f6cker baserade p\u00e5 stiftelsens forskningsprojekt och seminarier.    <\/p>\n<\/div>\n\n\n<div class=\"section-x-padding\">\n    <div class=\"wysiwyg section-inner-width mx-auto my-8\">\n        <p><a href=\"https:\/\/bokforlagetstolpe.com\/\" target=\"_blank\" rel=\"noopener\">Bokf\u00f6rlaget Stolpe<\/a> efterstr\u00e4var att ge ut Sveriges mest h\u00f6gkvalitativa fackb\u00f6cker, vilket inneb\u00e4r att stor vikt l\u00e4ggs vid design, repro, tryck och bindning. F\u00f6rlaget ing\u00e5r i Axel och Margaret Ax:son Johnsons stiftelse f\u00f6r allm\u00e4nnyttiga \u00e4ndam\u00e5l, vars vision \u00e4r att st\u00f6dja individer, id\u00e9er och projekt inom humaniora och samh\u00e4llsvetenskap. Bokf\u00f6rlaget Stolpe f\u00f6rl\u00e4gger bland annat b\u00f6cker baserade p\u00e5 stiftelsens forskningsprojekt och seminarier och tillg\u00e4ngligg\u00f6r dem i Sverige och \u00f6vriga v\u00e4rlden.<\/p>\n    <\/div>\n<\/div>","protected":false},"excerpt":{"rendered":"","protected":false},"author":8,"featured_media":0,"parent":400,"menu_order":0,"comment_status":"closed","ping_status":"closed","template":"templates\/template-general.php","meta":{"_acf_changed":false,"footnotes":""},"class_list":["post-376","page","type-page","status-publish","hentry"],"acf":[],"yoast_head":"<!-- This site is optimized with the Yoast SEO plugin v27.4 - https:\/\/yoast.com\/product\/yoast-seo-wordpress\/ -->\n<title>Bokf\u00f6rlaget Stolpe<\/title>\n<meta name=\"description\" content=\"Bokutgivning har varit en viktig del av stiftelsens arbete sedan 1999. Sedan 2018 samarbetar stiftelsen med Bokf\u00f6rlaget Stolpe. F\u00f6rlaget ger ut b\u00f6cker baserade p\u00e5 stiftelsens forskningsprojekt, seminarier och stipendier.\" \/>\n<meta name=\"robots\" content=\"index, follow, max-snippet:-1, max-image-preview:large, max-video-preview:-1\" \/>\n<link rel=\"canonical\" href=\"https:\/\/axsonjohnsonfoundation.org\/sv\/publicistik\/bokforlaget-stolpe\/\" \/>\n<meta property=\"og:locale\" content=\"sv_SE\" \/>\n<meta property=\"og:type\" content=\"article\" \/>\n<meta property=\"og:title\" content=\"Bokf\u00f6rlaget Stolpe\" \/>\n<meta property=\"og:description\" content=\"Bokutgivning har varit en viktig del av stiftelsens arbete sedan 1999. Sedan 2018 samarbetar stiftelsen med Bokf\u00f6rlaget Stolpe. F\u00f6rlaget ger ut b\u00f6cker baserade p\u00e5 stiftelsens forskningsprojekt, seminarier och stipendier.\" \/>\n<meta property=\"og:url\" content=\"https:\/\/axsonjohnsonfoundation.org\/sv\/publicistik\/bokforlaget-stolpe\/\" \/>\n<meta property=\"og:site_name\" content=\"Axel and Margaret Ax:son Johnson Foundation for public benefit\" \/>\n<meta property=\"article:modified_time\" content=\"2023-05-10T13:39:46+00:00\" \/>\n<meta property=\"og:image\" content=\"https:\/\/axsonjohnsonfoundation.org\/wp-content\/uploads\/2022\/05\/big-placeholder-people-1.jpeg\" \/>\n\t<meta property=\"og:image:width\" content=\"1088\" \/>\n\t<meta property=\"og:image:height\" content=\"612\" \/>\n\t<meta property=\"og:image:type\" content=\"image\/jpeg\" \/>\n<meta name=\"twitter:card\" content=\"summary_large_image\" \/>\n<script type=\"application\/ld+json\" class=\"yoast-schema-graph\">{\"@context\":\"https:\\\/\\\/schema.org\",\"@graph\":[{\"@type\":\"WebPage\",\"@id\":\"https:\\\/\\\/axsonjohnsonfoundation.org\\\/sv\\\/publicistik\\\/bokforlaget-stolpe\\\/\",\"url\":\"https:\\\/\\\/axsonjohnsonfoundation.org\\\/sv\\\/publicistik\\\/bokforlaget-stolpe\\\/\",\"name\":\"Bokf\u00f6rlaget Stolpe\",\"isPartOf\":{\"@id\":\"https:\\\/\\\/axsonjohnsonfoundation.org\\\/sv\\\/#website\"},\"datePublished\":\"2022-06-07T07:05:47+00:00\",\"dateModified\":\"2023-05-10T13:39:46+00:00\",\"description\":\"Bokutgivning har varit en viktig del av stiftelsens arbete sedan 1999. Sedan 2018 samarbetar stiftelsen med Bokf\u00f6rlaget Stolpe. F\u00f6rlaget ger ut b\u00f6cker baserade p\u00e5 stiftelsens forskningsprojekt, seminarier och stipendier.\",\"breadcrumb\":{\"@id\":\"https:\\\/\\\/axsonjohnsonfoundation.org\\\/sv\\\/publicistik\\\/bokforlaget-stolpe\\\/#breadcrumb\"},\"inLanguage\":\"sv-SE\",\"potentialAction\":[{\"@type\":\"ReadAction\",\"target\":[\"https:\\\/\\\/axsonjohnsonfoundation.org\\\/sv\\\/publicistik\\\/bokforlaget-stolpe\\\/\"]}]},{\"@type\":\"BreadcrumbList\",\"@id\":\"https:\\\/\\\/axsonjohnsonfoundation.org\\\/sv\\\/publicistik\\\/bokforlaget-stolpe\\\/#breadcrumb\",\"itemListElement\":[{\"@type\":\"ListItem\",\"position\":1,\"name\":\"Start\",\"item\":\"\\\/sv\\\/\"},{\"@type\":\"ListItem\",\"position\":2,\"name\":\"Publicistik\",\"item\":\"https:\\\/\\\/axsonjohnsonfoundation.org\\\/sv\\\/publicistik\\\/\"},{\"@type\":\"ListItem\",\"position\":3,\"name\":\"Bokf\u00f6rlaget Stolpe\"}]},{\"@type\":\"WebSite\",\"@id\":\"https:\\\/\\\/axsonjohnsonfoundation.org\\\/sv\\\/#website\",\"url\":\"https:\\\/\\\/axsonjohnsonfoundation.org\\\/sv\\\/\",\"name\":\"Axel and Margaret Ax:son Johnson Foundation for public benefit\",\"description\":\"Promoting scientific and scholarly research\",\"potentialAction\":[{\"@type\":\"SearchAction\",\"target\":{\"@type\":\"EntryPoint\",\"urlTemplate\":\"https:\\\/\\\/axsonjohnsonfoundation.org\\\/sv\\\/?s={search_term_string}\"},\"query-input\":{\"@type\":\"PropertyValueSpecification\",\"valueRequired\":true,\"valueName\":\"search_term_string\"}}],\"inLanguage\":\"sv-SE\"}]}<\/script>\n<!-- \/ Yoast SEO plugin. -->","yoast_head_json":{"title":"Bokf\u00f6rlaget Stolpe","description":"Bokutgivning har varit en viktig del av stiftelsens arbete sedan 1999. Sedan 2018 samarbetar stiftelsen med Bokf\u00f6rlaget Stolpe. F\u00f6rlaget ger ut b\u00f6cker baserade p\u00e5 stiftelsens forskningsprojekt, seminarier och stipendier.","robots":{"index":"index","follow":"follow","max-snippet":"max-snippet:-1","max-image-preview":"max-image-preview:large","max-video-preview":"max-video-preview:-1"},"canonical":"https:\/\/axsonjohnsonfoundation.org\/sv\/publicistik\/bokforlaget-stolpe\/","og_locale":"sv_SE","og_type":"article","og_title":"Bokf\u00f6rlaget Stolpe","og_description":"Bokutgivning har varit en viktig del av stiftelsens arbete sedan 1999. Sedan 2018 samarbetar stiftelsen med Bokf\u00f6rlaget Stolpe. F\u00f6rlaget ger ut b\u00f6cker baserade p\u00e5 stiftelsens forskningsprojekt, seminarier och stipendier.","og_url":"https:\/\/axsonjohnsonfoundation.org\/sv\/publicistik\/bokforlaget-stolpe\/","og_site_name":"Axel and Margaret Ax:son Johnson Foundation for public benefit","article_modified_time":"2023-05-10T13:39:46+00:00","og_image":[{"width":1088,"height":612,"url":"https:\/\/axsonjohnsonfoundation.org\/wp-content\/uploads\/2022\/05\/big-placeholder-people-1.jpeg","type":"image\/jpeg"}],"twitter_card":"summary_large_image","schema":{"@context":"https:\/\/schema.org","@graph":[{"@type":"WebPage","@id":"https:\/\/axsonjohnsonfoundation.org\/sv\/publicistik\/bokforlaget-stolpe\/","url":"https:\/\/axsonjohnsonfoundation.org\/sv\/publicistik\/bokforlaget-stolpe\/","name":"Bokf\u00f6rlaget Stolpe","isPartOf":{"@id":"https:\/\/axsonjohnsonfoundation.org\/sv\/#website"},"datePublished":"2022-06-07T07:05:47+00:00","dateModified":"2023-05-10T13:39:46+00:00","description":"Bokutgivning har varit en viktig del av stiftelsens arbete sedan 1999. Sedan 2018 samarbetar stiftelsen med Bokf\u00f6rlaget Stolpe. F\u00f6rlaget ger ut b\u00f6cker baserade p\u00e5 stiftelsens forskningsprojekt, seminarier och stipendier.","breadcrumb":{"@id":"https:\/\/axsonjohnsonfoundation.org\/sv\/publicistik\/bokforlaget-stolpe\/#breadcrumb"},"inLanguage":"sv-SE","potentialAction":[{"@type":"ReadAction","target":["https:\/\/axsonjohnsonfoundation.org\/sv\/publicistik\/bokforlaget-stolpe\/"]}]},{"@type":"BreadcrumbList","@id":"https:\/\/axsonjohnsonfoundation.org\/sv\/publicistik\/bokforlaget-stolpe\/#breadcrumb","itemListElement":[{"@type":"ListItem","position":1,"name":"Start","item":"\/sv\/"},{"@type":"ListItem","position":2,"name":"Publicistik","item":"https:\/\/axsonjohnsonfoundation.org\/sv\/publicistik\/"},{"@type":"ListItem","position":3,"name":"Bokf\u00f6rlaget Stolpe"}]},{"@type":"WebSite","@id":"https:\/\/axsonjohnsonfoundation.org\/sv\/#website","url":"https:\/\/axsonjohnsonfoundation.org\/sv\/","name":"Axel and Margaret Ax:son Johnson Foundation for public benefit","description":"Promoting scientific and scholarly research","potentialAction":[{"@type":"SearchAction","target":{"@type":"EntryPoint","urlTemplate":"https:\/\/axsonjohnsonfoundation.org\/sv\/?s={search_term_string}"},"query-input":{"@type":"PropertyValueSpecification","valueRequired":true,"valueName":"search_term_string"}}],"inLanguage":"sv-SE"}]}},"_links":{"self":[{"href":"https:\/\/axsonjohnsonfoundation.org\/sv\/wp-json\/wp\/v2\/pages\/376","targetHints":{"allow":["GET"]}}],"collection":[{"href":"https:\/\/axsonjohnsonfoundation.org\/sv\/wp-json\/wp\/v2\/pages"}],"about":[{"href":"https:\/\/axsonjohnsonfoundation.org\/sv\/wp-json\/wp\/v2\/types\/page"}],"author":[{"embeddable":true,"href":"https:\/\/axsonjohnsonfoundation.org\/sv\/wp-json\/wp\/v2\/users\/8"}],"replies":[{"embeddable":true,"href":"https:\/\/axsonjohnsonfoundation.org\/sv\/wp-json\/wp\/v2\/comments?post=376"}],"version-history":[{"count":37,"href":"https:\/\/axsonjohnsonfoundation.org\/sv\/wp-json\/wp\/v2\/pages\/376\/revisions"}],"predecessor-version":[{"id":3064,"href":"https:\/\/axsonjohnsonfoundation.org\/sv\/wp-json\/wp\/v2\/pages\/376\/revisions\/3064"}],"up":[{"embeddable":true,"href":"https:\/\/axsonjohnsonfoundation.org\/sv\/wp-json\/wp\/v2\/pages\/400"}],"wp:attachment":[{"href":"https:\/\/axsonjohnsonfoundation.org\/sv\/wp-json\/wp\/v2\/media?parent=376"}],"curies":[{"name":"wp","href":"https:\/\/api.w.org\/{rel}","templated":true}]}}