{"id":4005,"date":"2025-08-28T11:14:09","date_gmt":"2025-08-28T11:14:09","guid":{"rendered":"https:\/\/axsonjohnsonfoundation.org\/?page_id=4005"},"modified":"2025-08-29T13:27:47","modified_gmt":"2025-08-29T13:27:47","slug":"stiftelsens-andamal","status":"publish","type":"page","link":"https:\/\/axsonjohnsonfoundation.org\/sv\/stiftelsens-andamal\/","title":{"rendered":"Stiftelsens \u00e4ndam\u00e5l"},"content":{"rendered":"\n<div class=\"section-x-padding\">\n    <div class=\"wysiwyg section-inner-width mx-auto my-8\">\n        <p><strong>\u00c4ndam\u00e5lsparagraferna och stiftelsens huvudsakliga \u00e4ndam\u00e5l<\/strong><\/p>\n<p>Stiftelsens \u00e4ndam\u00e5l anges i tv\u00e5 paragrafer (\u00a7\u00a7 2 och 3) i de stadgar som g\u00e4ller f\u00f6r stiftelsen.<\/p>\n<p>\u201dStiftelsen har till huvudsakligt \u00e4ndam\u00e5l att inom Sverige allm\u00e4nt fr\u00e4mja vetenskaplig forskning och skall d\u00e4rj\u00e4mte inom landet allm\u00e4nt fr\u00e4mja v\u00e5rd och uppfostran av barn, l\u00e4mna underst\u00f6d f\u00f6r beredande av utbildning \u00e5t barn och ungdom samt fr\u00e4mja v\u00e5rd av beh\u00f6vande \u00e5lderstigna, sjuka eller lytta.<\/p>\n<p>F\u00f6r fr\u00e4mjande av stiftelsens \u00e4ndam\u00e5l m\u00e5 av dess tillg\u00e5ngar utdelas underst\u00f6d, stipendier och andra anslag. Stiftelsen m\u00e5 ock genom andra \u00e5tg\u00e4rder och anordningar s\u00f6ka f\u00f6rverkliga sina syften.\u201d<\/p>\n<p>Sett \u00f6ver tiden fr\u00e4mjar stiftelsen samtliga sina \u00e4ndam\u00e5l, men idag \u00e4r stiftelsens fokus p\u00e5 projekt, id\u00e9er och individer inom humaniora och samh\u00e4llsvetenskap som tar sig uttryck genom forskning och utbildning, seminarier samt \u2013 den tredje uppgiften \u2013 publicistik.<\/p>\n<p><strong>Inom Sverige idag<\/strong><\/p>\n<p>Stiftelsen har till huvudsakligt \u00e4ndam\u00e5l att \u201dinom Sverige\u201d allm\u00e4nt fr\u00e4mja vetenskaplig forskning. N\u00e4r stiftelsen bildades \u00e5r 1947 fanns det skatter\u00e4ttsliga sk\u00e4l f\u00f6r uttrycket \u201d<em>inom Sverige<\/em>\u201d. Genom ett skatter\u00e4ttsligt avg\u00f6rande fr\u00e5n senare tid (Regeringsr\u00e4ttens \u00e5rsbok 2004 ref. 131) finns inte l\u00e4ngre dessa sk\u00e4l. P\u00e5 Skatteverkets hemsida \u00e5terfinns dess v\u00e4gledning baserat p\u00e5 avg\u00f6randet: \u201dDet finns inte n\u00e5gon begr\u00e4nsning till verksamhet som gynnar mottagare i Sverige. Detta framg\u00e5r av H\u00f6gsta f\u00f6rvaltningsdomstolens avg\u00f6rande om en stiftelse som l\u00e4mnade bidrag till undervisning eller utbildning d\u00e4r st\u00f6rre delen av medlen l\u00e4mnats till mottagare utanf\u00f6r Sverige (R\u00c5 2004 ref. 131).\u201d<a href=\"https:\/\/www.skatteverket.se\/download\/18.deeebd104898a3a9c80006956\/1708608341278\/kap07.pdf\" name=\"_ftnref1\">[1]<\/a> Fr\u00e5gan har allts\u00e5 avgjorts i prejudicerande r\u00e4ttsfall.<\/p>\n<p>Bakgrunden till avg\u00f6randet \u00e4r att forskning sedan l\u00e5ng tid \u00e4r alltmer global. De b\u00e4sta forskarna samarbetar f\u00f6ljaktligen \u00f6ver nationella gr\u00e4nser. Internationalisering \u00e4r en sj\u00e4lvklarhet \u00f6ver hela v\u00e4rlden, s\u00e5 \u00e4ven i Sverige. Forskar- och studentutbyten \u00f6ver landsgr\u00e4nserna befr\u00e4mjar svensk forskning.<\/p>\n<p>Det \u00e4r av stor vikt f\u00f6r svensk forskning att kunna tillf\u00f6ras kompetens fr\u00e5n andra l\u00e4nder och forskarmilj\u00f6er. Det sker b\u00e4st genom att svenska forskare sammanf\u00f6rs med framst\u00e5ende forskare fr\u00e5n andra l\u00e4nder och i forskarmilj\u00f6er. Regeringen skriver: \u201dInternationella samarbeten inom h\u00f6gre utbildning och forskning \u00e4r i m\u00e5nga fall avg\u00f6rande f\u00f6r excellent forskning och innovation.\u201d<a href=\"https:\/\/www.regeringen.se\/globalassets\/regeringen\/dokument\/utbildningsdepartementet\/hogre-utbildning\/ansvarsfull-internationalisering-delrapport.pdf\" name=\"_ftnref2\">[2]<\/a> \u201d Internationalisering \u00e4r inte ett sj\u00e4lv\u00e4ndam\u00e5l utan ett medel att \u201dn\u00e5 \u00f6kad kvalitet och relevans i sin verksamhet, f\u00f6r att st\u00e4rka det svenska samh\u00e4llslivet i \u00f6vrigt och bidra till h\u00e5llbar utveckling nationellt och globalt\u201d. F\u00f6r en liten nation som Sverige \u00e4r internationalisering en n\u00f6dv\u00e4ndighet.\u201d<a href=\"https:\/\/www.regeringen.se\/globalassets\/regeringen\/dokument\/utbildningsdepartementet\/hogre-utbildning\/ansvarsfull-internationalisering-delrapport.pdf\" name=\"_ftnref3\">[3]<\/a><\/p>\n<p>Uttrycket \u201d<em>inom Sverige<\/em>\u201d har likheter med begreppet \u201d<em>landsgagneligt<\/em>\u201d som f\u00f6rekommer i stadgarna f\u00f6r stiftelser med liknande profil. Det handlar d\u00e5 om s\u00e5dana \u00e5tg\u00e4rder som gagnar svensk utveckling inom forskning och utbildning i stort men som inte beh\u00f6ver vara geografiskt begr\u00e4nsade till Sverige.<\/p>\n<p>Stiftelsens verksamhet, liksom n\u00e4stan all forskning, pr\u00e4glas s\u00e5ledes i dag av ett l\u00e5ngsiktigt, internationellt perspektiv.<\/p>\n<p>Med st\u00f6d av stiftelser\u00e4ttslig expertis har styrelsen d\u00e4rf\u00f6r kommit fram till att st\u00f6d kan ges\u00a0f\u00f6r forskning\u00a0utanf\u00f6r Sverige. Fast\u00e4n Stiftelsen st\u00f6ttar forskare utanf\u00f6r Sverige\u00a0finns det tydliga band till Sverige.\u00a0S\u00e5dan vetenskaplig forskning som \u00e4r till nytta f\u00f6r Sverige och svenska intressen i vid mening \u00e4r\u00a0d\u00e4rf\u00f6r\u00a0v\u00e4l f\u00f6renlig med\u00a0stiftelsens \u00e4ndam\u00e5l.<\/p>\n<p><strong>Tredje uppgiften \u2013 samverkansuppgiften<\/strong><\/p>\n<p>Enligt h\u00f6gskolelagen (1992:1434) ska det i h\u00f6gskolornas uppgift ing\u00e5 att samverka med det omgivande samh\u00e4llet f\u00f6r \u00f6msesidigt utbyte och verka f\u00f6r att den kunskap och kompetens som finns vid h\u00f6gskolan kommer samh\u00e4llet till nytta. Detta ben\u00e4mns inom h\u00f6gskolev\u00e4rlden f\u00f6r den tredje uppgiften.<\/p>\n<p>Stiftelsen sprider via seminarier, b\u00f6cker och TV-program kunskap som skapats inom forskarv\u00e4rlden i Sverige och internationellt till det \u00f6vriga samh\u00e4llet. D\u00e4rigenom fr\u00e4mjas stiftelsens \u00e4ndam\u00e5l att \u201dinom Sverige allm\u00e4nt fr\u00e4mja vetenskaplig forskning\u201d.<\/p>\n<p><strong>Hur vi arbetar<\/strong><\/p>\n<p>Stiftelsen \u00e4r\u00a0delvis en\u00a0<strong><em>verksamhetsstiftelse<\/em><\/strong> vilket inneb\u00e4r att stiftelsen bedriver projekt i egen regi och genom dotterbolag.<\/p>\n<p>Genom stipendier och\u00a0andra\u00a0anslag\u00a0st\u00f6djer\u00a0Stiftelsen\u00a0\u00e4ven enskilda individer\u00a0samt samarbetar med externa parter inom den akademiska v\u00e4rlden.\u00a0D\u00e4rigenom \u00e4r stiftelsen delvis \u00e4ven en\u00a0<strong><em>avkastningsstiftelse<\/em><\/strong>.<\/p>\n    <\/div>\n<\/div>","protected":false},"excerpt":{"rendered":"","protected":false},"author":8,"featured_media":0,"parent":0,"menu_order":0,"comment_status":"closed","ping_status":"closed","template":"templates\/template-general.php","meta":{"_acf_changed":false,"footnotes":""},"class_list":["post-4005","page","type-page","status-publish","hentry"],"acf":[],"yoast_head":"<!-- This site is optimized with the Yoast SEO plugin v27.4 - https:\/\/yoast.com\/product\/yoast-seo-wordpress\/ -->\n<title>Stiftelsens \u00e4ndam\u00e5l - Axel and Margaret Ax:son Johnson Foundation for public benefit<\/title>\n<meta name=\"robots\" content=\"index, follow, max-snippet:-1, max-image-preview:large, max-video-preview:-1\" \/>\n<link rel=\"canonical\" href=\"https:\/\/axsonjohnsonfoundation.org\/sv\/stiftelsens-andamal\/\" \/>\n<meta property=\"og:locale\" content=\"sv_SE\" \/>\n<meta property=\"og:type\" content=\"article\" \/>\n<meta property=\"og:title\" content=\"Stiftelsens \u00e4ndam\u00e5l - Axel and Margaret Ax:son Johnson Foundation for public benefit\" \/>\n<meta property=\"og:url\" content=\"https:\/\/axsonjohnsonfoundation.org\/sv\/stiftelsens-andamal\/\" \/>\n<meta property=\"og:site_name\" content=\"Axel and Margaret Ax:son Johnson Foundation for public benefit\" \/>\n<meta property=\"article:modified_time\" content=\"2025-08-29T13:27:47+00:00\" \/>\n<meta property=\"og:image\" content=\"https:\/\/axsonjohnsonfoundation.org\/wp-content\/uploads\/2022\/05\/big-placeholder-people-1.jpeg\" \/>\n\t<meta property=\"og:image:width\" content=\"1088\" \/>\n\t<meta property=\"og:image:height\" content=\"612\" \/>\n\t<meta property=\"og:image:type\" content=\"image\/jpeg\" \/>\n<meta name=\"twitter:card\" content=\"summary_large_image\" \/>\n<script type=\"application\/ld+json\" class=\"yoast-schema-graph\">{\"@context\":\"https:\\\/\\\/schema.org\",\"@graph\":[{\"@type\":\"WebPage\",\"@id\":\"https:\\\/\\\/axsonjohnsonfoundation.org\\\/sv\\\/stiftelsens-andamal\\\/\",\"url\":\"https:\\\/\\\/axsonjohnsonfoundation.org\\\/sv\\\/stiftelsens-andamal\\\/\",\"name\":\"Stiftelsens \u00e4ndam\u00e5l - Axel and Margaret Ax:son Johnson Foundation for public benefit\",\"isPartOf\":{\"@id\":\"https:\\\/\\\/axsonjohnsonfoundation.org\\\/sv\\\/#website\"},\"datePublished\":\"2025-08-28T11:14:09+00:00\",\"dateModified\":\"2025-08-29T13:27:47+00:00\",\"breadcrumb\":{\"@id\":\"https:\\\/\\\/axsonjohnsonfoundation.org\\\/sv\\\/stiftelsens-andamal\\\/#breadcrumb\"},\"inLanguage\":\"sv-SE\",\"potentialAction\":[{\"@type\":\"ReadAction\",\"target\":[\"https:\\\/\\\/axsonjohnsonfoundation.org\\\/sv\\\/stiftelsens-andamal\\\/\"]}]},{\"@type\":\"BreadcrumbList\",\"@id\":\"https:\\\/\\\/axsonjohnsonfoundation.org\\\/sv\\\/stiftelsens-andamal\\\/#breadcrumb\",\"itemListElement\":[{\"@type\":\"ListItem\",\"position\":1,\"name\":\"Start\",\"item\":\"\\\/sv\\\/\"},{\"@type\":\"ListItem\",\"position\":2,\"name\":\"Stiftelsens \u00e4ndam\u00e5l\"}]},{\"@type\":\"WebSite\",\"@id\":\"https:\\\/\\\/axsonjohnsonfoundation.org\\\/sv\\\/#website\",\"url\":\"https:\\\/\\\/axsonjohnsonfoundation.org\\\/sv\\\/\",\"name\":\"Axel and Margaret Ax:son Johnson Foundation for public benefit\",\"description\":\"Promoting scientific and scholarly research\",\"potentialAction\":[{\"@type\":\"SearchAction\",\"target\":{\"@type\":\"EntryPoint\",\"urlTemplate\":\"https:\\\/\\\/axsonjohnsonfoundation.org\\\/sv\\\/?s={search_term_string}\"},\"query-input\":{\"@type\":\"PropertyValueSpecification\",\"valueRequired\":true,\"valueName\":\"search_term_string\"}}],\"inLanguage\":\"sv-SE\"}]}<\/script>\n<!-- \/ Yoast SEO plugin. -->","yoast_head_json":{"title":"Stiftelsens \u00e4ndam\u00e5l - Axel and Margaret Ax:son Johnson Foundation for public benefit","robots":{"index":"index","follow":"follow","max-snippet":"max-snippet:-1","max-image-preview":"max-image-preview:large","max-video-preview":"max-video-preview:-1"},"canonical":"https:\/\/axsonjohnsonfoundation.org\/sv\/stiftelsens-andamal\/","og_locale":"sv_SE","og_type":"article","og_title":"Stiftelsens \u00e4ndam\u00e5l - Axel and Margaret Ax:son Johnson Foundation for public benefit","og_url":"https:\/\/axsonjohnsonfoundation.org\/sv\/stiftelsens-andamal\/","og_site_name":"Axel and Margaret Ax:son Johnson Foundation for public benefit","article_modified_time":"2025-08-29T13:27:47+00:00","og_image":[{"width":1088,"height":612,"url":"https:\/\/axsonjohnsonfoundation.org\/wp-content\/uploads\/2022\/05\/big-placeholder-people-1.jpeg","type":"image\/jpeg"}],"twitter_card":"summary_large_image","schema":{"@context":"https:\/\/schema.org","@graph":[{"@type":"WebPage","@id":"https:\/\/axsonjohnsonfoundation.org\/sv\/stiftelsens-andamal\/","url":"https:\/\/axsonjohnsonfoundation.org\/sv\/stiftelsens-andamal\/","name":"Stiftelsens \u00e4ndam\u00e5l - Axel and Margaret Ax:son Johnson Foundation for public benefit","isPartOf":{"@id":"https:\/\/axsonjohnsonfoundation.org\/sv\/#website"},"datePublished":"2025-08-28T11:14:09+00:00","dateModified":"2025-08-29T13:27:47+00:00","breadcrumb":{"@id":"https:\/\/axsonjohnsonfoundation.org\/sv\/stiftelsens-andamal\/#breadcrumb"},"inLanguage":"sv-SE","potentialAction":[{"@type":"ReadAction","target":["https:\/\/axsonjohnsonfoundation.org\/sv\/stiftelsens-andamal\/"]}]},{"@type":"BreadcrumbList","@id":"https:\/\/axsonjohnsonfoundation.org\/sv\/stiftelsens-andamal\/#breadcrumb","itemListElement":[{"@type":"ListItem","position":1,"name":"Start","item":"\/sv\/"},{"@type":"ListItem","position":2,"name":"Stiftelsens \u00e4ndam\u00e5l"}]},{"@type":"WebSite","@id":"https:\/\/axsonjohnsonfoundation.org\/sv\/#website","url":"https:\/\/axsonjohnsonfoundation.org\/sv\/","name":"Axel and Margaret Ax:son Johnson Foundation for public benefit","description":"Promoting scientific and scholarly research","potentialAction":[{"@type":"SearchAction","target":{"@type":"EntryPoint","urlTemplate":"https:\/\/axsonjohnsonfoundation.org\/sv\/?s={search_term_string}"},"query-input":{"@type":"PropertyValueSpecification","valueRequired":true,"valueName":"search_term_string"}}],"inLanguage":"sv-SE"}]}},"_links":{"self":[{"href":"https:\/\/axsonjohnsonfoundation.org\/sv\/wp-json\/wp\/v2\/pages\/4005","targetHints":{"allow":["GET"]}}],"collection":[{"href":"https:\/\/axsonjohnsonfoundation.org\/sv\/wp-json\/wp\/v2\/pages"}],"about":[{"href":"https:\/\/axsonjohnsonfoundation.org\/sv\/wp-json\/wp\/v2\/types\/page"}],"author":[{"embeddable":true,"href":"https:\/\/axsonjohnsonfoundation.org\/sv\/wp-json\/wp\/v2\/users\/8"}],"replies":[{"embeddable":true,"href":"https:\/\/axsonjohnsonfoundation.org\/sv\/wp-json\/wp\/v2\/comments?post=4005"}],"version-history":[{"count":9,"href":"https:\/\/axsonjohnsonfoundation.org\/sv\/wp-json\/wp\/v2\/pages\/4005\/revisions"}],"predecessor-version":[{"id":4060,"href":"https:\/\/axsonjohnsonfoundation.org\/sv\/wp-json\/wp\/v2\/pages\/4005\/revisions\/4060"}],"wp:attachment":[{"href":"https:\/\/axsonjohnsonfoundation.org\/sv\/wp-json\/wp\/v2\/media?parent=4005"}],"curies":[{"name":"wp","href":"https:\/\/api.w.org\/{rel}","templated":true}]}}