{"id":4023,"date":"2025-08-28T12:47:36","date_gmt":"2025-08-28T12:47:36","guid":{"rendered":"https:\/\/axsonjohnsonfoundation.org\/?page_id=4023"},"modified":"2025-08-28T13:43:42","modified_gmt":"2025-08-28T13:43:42","slug":"stora-fackbokspriset","status":"publish","type":"page","link":"https:\/\/axsonjohnsonfoundation.org\/sv\/stora-fackbokspriset\/","title":{"rendered":"Stora Fackbokspriset"},"content":{"rendered":"\n\n\n<div class=\"section-x-padding\">\n    <p class=\"body-xl section-inner-width mx-auto my-8\">\n        Axel och Margaret Ax:son Johnsons stiftelse f\u00f6r allm\u00e4nnyttiga \u00e4ndam\u00e5l utdelar varje \u00e5r, givet att det finns en v\u00e4rdig mottagare, Stora Fackbokspriset om 125 000 kronor till den eller de levande personer som skrivit \u00e5rets svenska fackbok i enlighet med Forum Axess devis \u201dVetenskap, bildning, tradition\u201d. Tanken \u00e4r att st\u00f6dja framst\u00e5ende ess\u00e4istiskt humanistiskt f\u00f6rfattarskap som lyfter fram vetenskap, bildning och tradition med h\u00f6g stilistisk och fackm\u00e4ssig verksh\u00f6jd. Syftet \u00e4r att uppmuntra en ber\u00e4ttande humanistisk bildningstradition pr\u00e4glad av stilistisk briljans.    <\/p>\n<\/div>\n\n\n<div class=\"section-x-padding\">\n    <div class=\"wysiwyg section-inner-width mx-auto my-8\">\n        <p><strong>Tidigare nominerade och vinnare till Stora fackbokspriset<br \/>\n<\/strong>(vinnarna i fetstil)<\/p>\n<div class=\"release__PublicationContent-sc-6son67-0 faxjME\">\n<p><strong>2024<br \/>\n<\/strong><\/p>\n<p><strong>Jonsson, Oscar, <em>F\u00f6rsvaret av Sverige<\/em> (Mondial)<\/strong><br \/>\nNilsson, Henrik, <em>H\u00e5let i st\u00e4ngslet <\/em>(H:str\u00f6m)<br \/>\nRanstorp,\u00a0 Magnus, <em>Hamas: terror inifr\u00e5n<\/em> (Mondial)<br \/>\nBarrling, Katarina, <em>V\u00e4rldens mest protestantiska land<\/em> (Bokf\u00f6rlaget Stolpe)<br \/>\nTralau, Johan, <em>Myten om tidens b\u00f6rjan<\/em> (ellerstr\u00f6ms)<br \/>\nWestin Tikkanen, Karin, <em>Latin \u2013 handbok i od\u00f6dlighet<\/em> (Historiska media)<\/p>\n<p><strong>2023<u><br \/>\n<\/u><\/strong><strong>Henrik Berggren, <em>Landet utanf\u00f6r: Sverige och kriget 1943-1945<\/em> (Norstedts)<br \/>\n<\/strong>Staffan Carlsson, <em>Helgon och maktspelare<\/em> (Bonniers)<br \/>\nEva Ekselius, <em>Vakna mitt folk!<\/em> (Volante)<br \/>\nHorace Engdahl, <em>Sp\u00e5rvagnsresor med Hume<\/em> (Bonniers)<br \/>\nSvante Nordin, <em>V\u00e4rldsandens partisaner<\/em> (Fri tanke)<br \/>\nAnnika Sanden, <em>Jag, en olycklig sp\u00e5man<\/em> (NoK)<\/p>\n<p><strong>2022<br \/>\n<\/strong><strong>Hans-Gunnar Axberger, Statsministermordet (Norstedts)<br \/>\n<\/strong>Katarina Barrling &amp; Cecilia Garme, <em>Saknad<\/em> (Mondial)<br \/>\nKalle Lind, <em>Karl Gerhard<\/em> (Historia Media)<br \/>\nJonathan Lindstr\u00f6m, <em>Sveriges l\u00e5nga historia<\/em> (Norstedts)<br \/>\nSakine Madon, <em>Inget \u00e4r heligt<\/em> (Fri tanke)<br \/>\nGunnar Wetterberg, <em>Pr\u00e4sterna<\/em> (Bonniers)<\/p>\n<p><strong>2021<br \/>\n<\/strong><strong>Jakob Christensson, <em>Vattenvarelser<\/em> (Bladh by Bladh)<br \/>\n<\/strong>Monica Braw, <em>Japan och japonismen<\/em> (Gidlunds)<br \/>\nCarl Henrik Carlsson, <em>Judarnas historia i Sverige<\/em> (NoK)<br \/>\nAnders Cullhed, <em>Dante: den f\u00f6rste f\u00f6rfattaren<\/em> (NoK)<br \/>\nLena K\u00e5reland, <em>Franska flan\u00f6rer<\/em> (Appell)<br \/>\nSvante Nordin, <em>Tanke och dr\u00f6m<\/em> (Timbro)<\/p>\n<p><strong>2020<br \/>\n<\/strong><strong>Lasse Wierup, <em>Gangsterparadiset<\/em> (Forum)<br \/>\n<\/strong>Per-Arne Bodin, <em>Rysk litteratur i 1\u00a0000 \u00e5r<\/em> (Norma)<br \/>\nFredrik Kullberg, <em>Kriget mot sk\u00f6nheten<\/em> (Timbro)<br \/>\nAnnika Sand\u00e9n, <em>Fr\u00f6jdelekar<\/em> (Atlantis)<br \/>\nDavid Thurfejll, <em>Granskogsfolk<\/em> (Norstedts)<br \/>\nAnna-Karin Wyndhamn &amp; Ivar Arpi, <em>Genusdoktrinen<\/em> (Fri tanke)<\/p>\n<p><strong>2019<br \/>\n<\/strong><strong>Gunnar \u00c5selius, <em>Vietnamkriget och de svenska diplomaterna<\/em> (<\/strong>Dialogos)<br \/>\nLennart Bengtsson, <em>Vad h\u00e4nder med klimatet?<\/em> (Karneval)<br \/>\nGunnar Broberg, <em>Mannen som ordnade naturen<\/em> (NoK)<br \/>\nSverker Johansson, <em>P\u00e5 spaning efter spr\u00e5kets ursprung<\/em> (NoK<br \/>\nDan Korn, <em>Som om Gud fanns<\/em> (Timbro)<br \/>\nAnna-Karin Palm, <em>\u201dJag vill s\u00e4tta v\u00e4rlden i r\u00f6relse\u201d (<\/em>Bonniers)<\/p>\n<p><strong>2018<br \/>\n<\/strong><strong>Per I Gedin, <em>N\u00e4r Sverige blev modernt <\/em>(Bonniers)<br \/>\n<\/strong>Jonna Bornemark, <em>Det om\u00e4tbaras ren\u00e4ssans<\/em> (Volante)<br \/>\nPer Landin, <em>Langbehns testamente<\/em> (Augusti)<br \/>\nJens Liljestrand, <em>Mannen i skogen<\/em> (Bonniers)<br \/>\nJan Romgard, <em>Polarforskaren som stannade i Kina<\/em> (Fri tanke)<br \/>\nKari Tarkiainen, <em>Moskoviten<\/em> (SLS)<\/p>\n<p><strong>2017<br \/>\n<\/strong><strong>Henrik Meinander, <em>Gustaf Mannerheim \u2013 aristokrat i vadmal<\/em> (Lind &amp; Co)<br \/>\n<\/strong>Wilhelm Agrell, <em>Sprickor i j\u00e4rnrid\u00e5n<\/em> (Historiska Media)<br \/>\nFatima Bremmer, <em>Ett j\u00e4vla solsken<\/em> (Forum)<br \/>\nBengt Jangfeldt, <em>Vi och dom<\/em> (Wahlstr\u00f6m &amp; Widstrand)<br \/>\nPeter Kadhammar, <em>Vi som var s\u00e5 lyckliga<\/em> (NoK)<br \/>\nGunnar Petri, <em>Hans J\u00e4rta<\/em> (Historiska Media)<\/p>\n<p><strong>2016<br \/>\n<\/strong><strong>Max Engman, <em>Spr\u00e5kfr\u00e5gan<\/em> (SLS\/Atlantis)<br \/>\n<\/strong>Dag Sebastian Ahlander, <em>Gustaf Mannerheim<\/em> (Historiska Media)<br \/>\nGunnar Broberg, <em>Nattens historia<\/em> (NoK)<br \/>\nHanne Kj\u00f6ller, <em>En svensk tiger<\/em> (Fri tanke)<br \/>\nAnnika Sand\u00e9n, <em>B\u00f6dlar<\/em> (Atlantis)<br \/>\nKlas \u00c5mark, <em>F\u00f6r\u00f6varna best\u00e4mmer villkoren<\/em> (Bonniers)<\/p>\n<p><strong>2015<br \/>\n<\/strong><strong>Fredric Bedoire, <em>Den svenska arkitekturens historia<\/em> (Norstedts)<br \/>\n<\/strong>Jakob Christensson, red., <em>Tal om l\u00e4ckerheter<\/em> (Kungl. Skogs o Lantbruksak)<br \/>\nPer I Gedin, <em>Isaac Gr\u00fcnewald<\/em> (Bonniers)<br \/>\nKerstin Ekman, <em>D\u00e5 allt var levande och lustigt<\/em> (Bonniers)<br \/>\nMy Hellsing, <em>Hedvig Elisabeth Charlotte<\/em> (Atlantis)<br \/>\nNils Uddenberg, <em>Lidande &amp; l\u00e4kedom<\/em> (Fri tanke)<\/p>\n<p><strong>2014<br \/>\n<\/strong><strong>Susann Silfverstolpe, Silverg\u00e5vor (Atlantis<\/strong><\/p>\n<p><strong>2013<br \/>\n<\/strong><strong>Carl-Johan Malmberg, Stj\u00e4rnan i foten (Wahlstr\u00f6m &amp; Widstrand)<\/strong><\/p>\n<p><strong>2012<br \/>\n<\/strong><strong>Nina Burton, Flodernas bok (Bonniers)<\/strong><\/p>\n<p><strong>2011<br \/>\n<\/strong><strong>Svante Nordin, Filosoferna (Atlantis)<\/strong><\/p>\n<\/div>\n<p>&nbsp;<\/p>\n<p><strong>Stora Fackboksprisets jury best\u00e5r av:<br \/>\n<\/strong>PJ Anders Linder<br \/>\nMattias Hess\u00e9rus<br \/>\nLouise Belfrag<br \/>\nNina Solomin<br \/>\nKurt Almqvist<\/p>\n    <\/div>\n<\/div>","protected":false},"excerpt":{"rendered":"","protected":false},"author":8,"featured_media":0,"parent":0,"menu_order":0,"comment_status":"closed","ping_status":"closed","template":"templates\/template-general.php","meta":{"_acf_changed":false,"footnotes":""},"class_list":["post-4023","page","type-page","status-publish","hentry"],"acf":[],"yoast_head":"<!-- This site is optimized with the Yoast SEO plugin v27.5 - https:\/\/yoast.com\/product\/yoast-seo-wordpress\/ -->\n<title>Stora Fackbokspriset - Axel and Margaret Ax:son Johnson Foundation for public benefit<\/title>\n<meta name=\"robots\" content=\"index, follow, max-snippet:-1, max-image-preview:large, max-video-preview:-1\" \/>\n<link rel=\"canonical\" href=\"https:\/\/axsonjohnsonfoundation.org\/sv\/stora-fackbokspriset\/\" \/>\n<meta property=\"og:locale\" content=\"sv_SE\" \/>\n<meta property=\"og:type\" content=\"article\" \/>\n<meta property=\"og:title\" content=\"Stora Fackbokspriset - Axel and Margaret Ax:son Johnson Foundation for public benefit\" \/>\n<meta property=\"og:url\" content=\"https:\/\/axsonjohnsonfoundation.org\/sv\/stora-fackbokspriset\/\" \/>\n<meta property=\"og:site_name\" content=\"Axel and Margaret Ax:son Johnson Foundation for public benefit\" \/>\n<meta property=\"article:modified_time\" content=\"2025-08-28T13:43:42+00:00\" \/>\n<meta property=\"og:image\" content=\"https:\/\/axsonjohnsonfoundation.org\/wp-content\/uploads\/2022\/05\/big-placeholder-people-1.jpeg\" \/>\n\t<meta property=\"og:image:width\" content=\"1088\" \/>\n\t<meta property=\"og:image:height\" content=\"612\" \/>\n\t<meta property=\"og:image:type\" content=\"image\/jpeg\" \/>\n<meta name=\"twitter:card\" content=\"summary_large_image\" \/>\n<script type=\"application\/ld+json\" class=\"yoast-schema-graph\">{\"@context\":\"https:\\\/\\\/schema.org\",\"@graph\":[{\"@type\":\"WebPage\",\"@id\":\"https:\\\/\\\/axsonjohnsonfoundation.org\\\/sv\\\/stora-fackbokspriset\\\/\",\"url\":\"https:\\\/\\\/axsonjohnsonfoundation.org\\\/sv\\\/stora-fackbokspriset\\\/\",\"name\":\"Stora Fackbokspriset - Axel and Margaret Ax:son Johnson Foundation for public benefit\",\"isPartOf\":{\"@id\":\"https:\\\/\\\/axsonjohnsonfoundation.org\\\/sv\\\/#website\"},\"datePublished\":\"2025-08-28T12:47:36+00:00\",\"dateModified\":\"2025-08-28T13:43:42+00:00\",\"breadcrumb\":{\"@id\":\"https:\\\/\\\/axsonjohnsonfoundation.org\\\/sv\\\/stora-fackbokspriset\\\/#breadcrumb\"},\"inLanguage\":\"sv-SE\",\"potentialAction\":[{\"@type\":\"ReadAction\",\"target\":[\"https:\\\/\\\/axsonjohnsonfoundation.org\\\/sv\\\/stora-fackbokspriset\\\/\"]}]},{\"@type\":\"BreadcrumbList\",\"@id\":\"https:\\\/\\\/axsonjohnsonfoundation.org\\\/sv\\\/stora-fackbokspriset\\\/#breadcrumb\",\"itemListElement\":[{\"@type\":\"ListItem\",\"position\":1,\"name\":\"Start\",\"item\":\"\\\/sv\\\/\"},{\"@type\":\"ListItem\",\"position\":2,\"name\":\"Stora Fackbokspriset\"}]},{\"@type\":\"WebSite\",\"@id\":\"https:\\\/\\\/axsonjohnsonfoundation.org\\\/sv\\\/#website\",\"url\":\"https:\\\/\\\/axsonjohnsonfoundation.org\\\/sv\\\/\",\"name\":\"Axel and Margaret Ax:son Johnson Foundation for public benefit\",\"description\":\"Promoting scientific and scholarly research\",\"potentialAction\":[{\"@type\":\"SearchAction\",\"target\":{\"@type\":\"EntryPoint\",\"urlTemplate\":\"https:\\\/\\\/axsonjohnsonfoundation.org\\\/sv\\\/?s={search_term_string}\"},\"query-input\":{\"@type\":\"PropertyValueSpecification\",\"valueRequired\":true,\"valueName\":\"search_term_string\"}}],\"inLanguage\":\"sv-SE\"}]}<\/script>\n<!-- \/ Yoast SEO plugin. -->","yoast_head_json":{"title":"Stora Fackbokspriset - Axel and Margaret Ax:son Johnson Foundation for public benefit","robots":{"index":"index","follow":"follow","max-snippet":"max-snippet:-1","max-image-preview":"max-image-preview:large","max-video-preview":"max-video-preview:-1"},"canonical":"https:\/\/axsonjohnsonfoundation.org\/sv\/stora-fackbokspriset\/","og_locale":"sv_SE","og_type":"article","og_title":"Stora Fackbokspriset - Axel and Margaret Ax:son Johnson Foundation for public benefit","og_url":"https:\/\/axsonjohnsonfoundation.org\/sv\/stora-fackbokspriset\/","og_site_name":"Axel and Margaret Ax:son Johnson Foundation for public benefit","article_modified_time":"2025-08-28T13:43:42+00:00","og_image":[{"width":1088,"height":612,"url":"https:\/\/axsonjohnsonfoundation.org\/wp-content\/uploads\/2022\/05\/big-placeholder-people-1.jpeg","type":"image\/jpeg"}],"twitter_card":"summary_large_image","schema":{"@context":"https:\/\/schema.org","@graph":[{"@type":"WebPage","@id":"https:\/\/axsonjohnsonfoundation.org\/sv\/stora-fackbokspriset\/","url":"https:\/\/axsonjohnsonfoundation.org\/sv\/stora-fackbokspriset\/","name":"Stora Fackbokspriset - Axel and Margaret Ax:son Johnson Foundation for public benefit","isPartOf":{"@id":"https:\/\/axsonjohnsonfoundation.org\/sv\/#website"},"datePublished":"2025-08-28T12:47:36+00:00","dateModified":"2025-08-28T13:43:42+00:00","breadcrumb":{"@id":"https:\/\/axsonjohnsonfoundation.org\/sv\/stora-fackbokspriset\/#breadcrumb"},"inLanguage":"sv-SE","potentialAction":[{"@type":"ReadAction","target":["https:\/\/axsonjohnsonfoundation.org\/sv\/stora-fackbokspriset\/"]}]},{"@type":"BreadcrumbList","@id":"https:\/\/axsonjohnsonfoundation.org\/sv\/stora-fackbokspriset\/#breadcrumb","itemListElement":[{"@type":"ListItem","position":1,"name":"Start","item":"\/sv\/"},{"@type":"ListItem","position":2,"name":"Stora Fackbokspriset"}]},{"@type":"WebSite","@id":"https:\/\/axsonjohnsonfoundation.org\/sv\/#website","url":"https:\/\/axsonjohnsonfoundation.org\/sv\/","name":"Axel and Margaret Ax:son Johnson Foundation for public benefit","description":"Promoting scientific and scholarly research","potentialAction":[{"@type":"SearchAction","target":{"@type":"EntryPoint","urlTemplate":"https:\/\/axsonjohnsonfoundation.org\/sv\/?s={search_term_string}"},"query-input":{"@type":"PropertyValueSpecification","valueRequired":true,"valueName":"search_term_string"}}],"inLanguage":"sv-SE"}]}},"_links":{"self":[{"href":"https:\/\/axsonjohnsonfoundation.org\/sv\/wp-json\/wp\/v2\/pages\/4023","targetHints":{"allow":["GET"]}}],"collection":[{"href":"https:\/\/axsonjohnsonfoundation.org\/sv\/wp-json\/wp\/v2\/pages"}],"about":[{"href":"https:\/\/axsonjohnsonfoundation.org\/sv\/wp-json\/wp\/v2\/types\/page"}],"author":[{"embeddable":true,"href":"https:\/\/axsonjohnsonfoundation.org\/sv\/wp-json\/wp\/v2\/users\/8"}],"replies":[{"embeddable":true,"href":"https:\/\/axsonjohnsonfoundation.org\/sv\/wp-json\/wp\/v2\/comments?post=4023"}],"version-history":[{"count":6,"href":"https:\/\/axsonjohnsonfoundation.org\/sv\/wp-json\/wp\/v2\/pages\/4023\/revisions"}],"predecessor-version":[{"id":4051,"href":"https:\/\/axsonjohnsonfoundation.org\/sv\/wp-json\/wp\/v2\/pages\/4023\/revisions\/4051"}],"wp:attachment":[{"href":"https:\/\/axsonjohnsonfoundation.org\/sv\/wp-json\/wp\/v2\/media?parent=4023"}],"curies":[{"name":"wp","href":"https:\/\/api.w.org\/{rel}","templated":true}]}}