{"id":444,"date":"2022-06-07T06:37:00","date_gmt":"2022-06-07T06:37:00","guid":{"rendered":"https:\/\/axel-johnson-stiftelse.ohmytest.se\/?page_id=444"},"modified":"2022-08-29T08:20:42","modified_gmt":"2022-08-29T08:20:42","slug":"axson-johnson-centre-for-the-study-of-classical-architecture","status":"publish","type":"page","link":"https:\/\/axsonjohnsonfoundation.org\/sv\/forskning-och-utbildning\/center\/axson-johnson-centre-for-the-study-of-classical-architecture\/","title":{"rendered":"Ax:son Johnson Centre for the Study of Classical Architecture"},"content":{"rendered":"\n<div class=\"section-x-padding\">\n    <p class=\"body-xl section-inner-width mx-auto my-8\">\n        F\u00f6r att bevara och utveckla kunskapen om den klassiska arkitekturen har stiftelsen, i samarbete med universitetet i Cambridge, grundat Ax:son Johnson Centre for the Study of Classical Architecture. Centret bedriver forskning och utbildning kring den klassiska arkitekturens historia och betydelse idag, samt arrangerar seminarier.    <\/p>\n<\/div>\n\n\n<div class=\"section-x-padding\">\n    <div class=\"wysiwyg section-inner-width mx-auto my-8\">\n        <p>Den klassiska byggnadsstilen utg\u00e5r fr\u00e5n m\u00e4nniskan och hennes behov, och utvecklades kontinuerligt fram till 1900-talets f\u00f6rsta h\u00e4lft. Det moderna massamh\u00e4llets krav p\u00e5 storskalighet och effektivitet gjorde dock att en ny stil, modernismen, med ett reducerat formspr\u00e5k kom att dominera den samtida arkitekturen.<\/p>\n    <\/div>\n<\/div>\n\n\n<div class=\"section-y-margin section-x-padding\">\n    <blockquote class=\"section-inner-width mx-auto border-l-9 border-beige-400 pl-5 text-22 xs:text-36 leading-snug\">\n        Centret bedriver forskning och utbildning kring den klassiska arkitekturens historia och betydelse idag, samt arrangerar seminarier.            <\/blockquote>\n<\/div>\n\n\n<div class=\"section-x-padding\">\n    <div class=\"wysiwyg section-inner-width mx-auto my-8\">\n        <p>Under senare \u00e5r har intresset f\u00f6r och efterfr\u00e5gan p\u00e5 klassisk arkitektur \u00f6kat bland b\u00e5de allm\u00e4nhet och fastighetsutvecklare. F\u00f6r att bevara och utveckla kunskapen om den klassiska arkitekturen har stiftelsen, i samarbete med universitetet i Cambridge, grundat <a href=\"https:\/\/csca.aha.cam.ac.uk\/\" target=\"_blank\" rel=\"noopener\">Ax:son Johnson Centre for the Study of Classical Architecture<\/a>. Centret bedriver forskning och utbildning kring den klassiska arkitekturens historia och betydelse idag, samt arrangerar seminarier.<\/p>\n    <\/div>\n<\/div>","protected":false},"excerpt":{"rendered":"","protected":false},"author":8,"featured_media":0,"parent":459,"menu_order":0,"comment_status":"closed","ping_status":"closed","template":"templates\/template-general.php","meta":{"_acf_changed":false,"footnotes":""},"class_list":["post-444","page","type-page","status-publish","hentry"],"acf":[],"yoast_head":"<!-- This site is optimized with the Yoast SEO plugin v27.4 - https:\/\/yoast.com\/product\/yoast-seo-wordpress\/ -->\n<title>Ax:son Johnson Centre for the Study of Classical Architecture - Axel and Margaret Ax:son Johnson Foundation for public benefit<\/title>\n<meta name=\"robots\" content=\"index, follow, max-snippet:-1, max-image-preview:large, max-video-preview:-1\" \/>\n<link rel=\"canonical\" href=\"https:\/\/axsonjohnsonfoundation.org\/sv\/forskning-och-utbildning\/center\/axson-johnson-centre-for-the-study-of-classical-architecture\/\" \/>\n<meta property=\"og:locale\" content=\"sv_SE\" \/>\n<meta property=\"og:type\" content=\"article\" \/>\n<meta property=\"og:title\" content=\"Ax:son Johnson Centre for the Study of Classical Architecture - Axel and Margaret Ax:son Johnson Foundation for public benefit\" \/>\n<meta property=\"og:url\" content=\"https:\/\/axsonjohnsonfoundation.org\/sv\/forskning-och-utbildning\/center\/axson-johnson-centre-for-the-study-of-classical-architecture\/\" \/>\n<meta property=\"og:site_name\" content=\"Axel and Margaret Ax:son Johnson Foundation for public benefit\" \/>\n<meta property=\"article:modified_time\" content=\"2022-08-29T08:20:42+00:00\" \/>\n<meta property=\"og:image\" content=\"https:\/\/axsonjohnsonfoundation.org\/wp-content\/uploads\/2022\/05\/big-placeholder-people-1.jpeg\" \/>\n\t<meta property=\"og:image:width\" content=\"1088\" \/>\n\t<meta property=\"og:image:height\" content=\"612\" \/>\n\t<meta property=\"og:image:type\" content=\"image\/jpeg\" \/>\n<meta name=\"twitter:card\" content=\"summary_large_image\" \/>\n<script type=\"application\/ld+json\" class=\"yoast-schema-graph\">{\"@context\":\"https:\\\/\\\/schema.org\",\"@graph\":[{\"@type\":\"WebPage\",\"@id\":\"https:\\\/\\\/axsonjohnsonfoundation.org\\\/sv\\\/forskning-och-utbildning\\\/center\\\/axson-johnson-centre-for-the-study-of-classical-architecture\\\/\",\"url\":\"https:\\\/\\\/axsonjohnsonfoundation.org\\\/sv\\\/forskning-och-utbildning\\\/center\\\/axson-johnson-centre-for-the-study-of-classical-architecture\\\/\",\"name\":\"Ax:son Johnson Centre for the Study of Classical Architecture - Axel and Margaret Ax:son Johnson Foundation for public benefit\",\"isPartOf\":{\"@id\":\"https:\\\/\\\/axsonjohnsonfoundation.org\\\/sv\\\/#website\"},\"datePublished\":\"2022-06-07T06:37:00+00:00\",\"dateModified\":\"2022-08-29T08:20:42+00:00\",\"breadcrumb\":{\"@id\":\"https:\\\/\\\/axsonjohnsonfoundation.org\\\/sv\\\/forskning-och-utbildning\\\/center\\\/axson-johnson-centre-for-the-study-of-classical-architecture\\\/#breadcrumb\"},\"inLanguage\":\"sv-SE\",\"potentialAction\":[{\"@type\":\"ReadAction\",\"target\":[\"https:\\\/\\\/axsonjohnsonfoundation.org\\\/sv\\\/forskning-och-utbildning\\\/center\\\/axson-johnson-centre-for-the-study-of-classical-architecture\\\/\"]}]},{\"@type\":\"BreadcrumbList\",\"@id\":\"https:\\\/\\\/axsonjohnsonfoundation.org\\\/sv\\\/forskning-och-utbildning\\\/center\\\/axson-johnson-centre-for-the-study-of-classical-architecture\\\/#breadcrumb\",\"itemListElement\":[{\"@type\":\"ListItem\",\"position\":1,\"name\":\"Start\",\"item\":\"\\\/sv\\\/\"},{\"@type\":\"ListItem\",\"position\":2,\"name\":\"Forskning och utbildning\",\"item\":\"https:\\\/\\\/axsonjohnsonfoundation.org\\\/sv\\\/forskning-och-utbildning\\\/\"},{\"@type\":\"ListItem\",\"position\":3,\"name\":\"Centrumbildningar\",\"item\":\"https:\\\/\\\/axsonjohnsonfoundation.org\\\/sv\\\/forskning-och-utbildning\\\/center\\\/\"},{\"@type\":\"ListItem\",\"position\":4,\"name\":\"Ax:son Johnson Centre for the Study of Classical Architecture\"}]},{\"@type\":\"WebSite\",\"@id\":\"https:\\\/\\\/axsonjohnsonfoundation.org\\\/sv\\\/#website\",\"url\":\"https:\\\/\\\/axsonjohnsonfoundation.org\\\/sv\\\/\",\"name\":\"Axel and Margaret Ax:son Johnson Foundation for public benefit\",\"description\":\"Promoting scientific and scholarly research\",\"potentialAction\":[{\"@type\":\"SearchAction\",\"target\":{\"@type\":\"EntryPoint\",\"urlTemplate\":\"https:\\\/\\\/axsonjohnsonfoundation.org\\\/sv\\\/?s={search_term_string}\"},\"query-input\":{\"@type\":\"PropertyValueSpecification\",\"valueRequired\":true,\"valueName\":\"search_term_string\"}}],\"inLanguage\":\"sv-SE\"}]}<\/script>\n<!-- \/ Yoast SEO plugin. -->","yoast_head_json":{"title":"Ax:son Johnson Centre for the Study of Classical Architecture - Axel and Margaret Ax:son Johnson Foundation for public benefit","robots":{"index":"index","follow":"follow","max-snippet":"max-snippet:-1","max-image-preview":"max-image-preview:large","max-video-preview":"max-video-preview:-1"},"canonical":"https:\/\/axsonjohnsonfoundation.org\/sv\/forskning-och-utbildning\/center\/axson-johnson-centre-for-the-study-of-classical-architecture\/","og_locale":"sv_SE","og_type":"article","og_title":"Ax:son Johnson Centre for the Study of Classical Architecture - Axel and Margaret Ax:son Johnson Foundation for public benefit","og_url":"https:\/\/axsonjohnsonfoundation.org\/sv\/forskning-och-utbildning\/center\/axson-johnson-centre-for-the-study-of-classical-architecture\/","og_site_name":"Axel and Margaret Ax:son Johnson Foundation for public benefit","article_modified_time":"2022-08-29T08:20:42+00:00","og_image":[{"width":1088,"height":612,"url":"https:\/\/axsonjohnsonfoundation.org\/wp-content\/uploads\/2022\/05\/big-placeholder-people-1.jpeg","type":"image\/jpeg"}],"twitter_card":"summary_large_image","schema":{"@context":"https:\/\/schema.org","@graph":[{"@type":"WebPage","@id":"https:\/\/axsonjohnsonfoundation.org\/sv\/forskning-och-utbildning\/center\/axson-johnson-centre-for-the-study-of-classical-architecture\/","url":"https:\/\/axsonjohnsonfoundation.org\/sv\/forskning-och-utbildning\/center\/axson-johnson-centre-for-the-study-of-classical-architecture\/","name":"Ax:son Johnson Centre for the Study of Classical Architecture - Axel and Margaret Ax:son Johnson Foundation for public benefit","isPartOf":{"@id":"https:\/\/axsonjohnsonfoundation.org\/sv\/#website"},"datePublished":"2022-06-07T06:37:00+00:00","dateModified":"2022-08-29T08:20:42+00:00","breadcrumb":{"@id":"https:\/\/axsonjohnsonfoundation.org\/sv\/forskning-och-utbildning\/center\/axson-johnson-centre-for-the-study-of-classical-architecture\/#breadcrumb"},"inLanguage":"sv-SE","potentialAction":[{"@type":"ReadAction","target":["https:\/\/axsonjohnsonfoundation.org\/sv\/forskning-och-utbildning\/center\/axson-johnson-centre-for-the-study-of-classical-architecture\/"]}]},{"@type":"BreadcrumbList","@id":"https:\/\/axsonjohnsonfoundation.org\/sv\/forskning-och-utbildning\/center\/axson-johnson-centre-for-the-study-of-classical-architecture\/#breadcrumb","itemListElement":[{"@type":"ListItem","position":1,"name":"Start","item":"\/sv\/"},{"@type":"ListItem","position":2,"name":"Forskning och utbildning","item":"https:\/\/axsonjohnsonfoundation.org\/sv\/forskning-och-utbildning\/"},{"@type":"ListItem","position":3,"name":"Centrumbildningar","item":"https:\/\/axsonjohnsonfoundation.org\/sv\/forskning-och-utbildning\/center\/"},{"@type":"ListItem","position":4,"name":"Ax:son Johnson Centre for the Study of Classical Architecture"}]},{"@type":"WebSite","@id":"https:\/\/axsonjohnsonfoundation.org\/sv\/#website","url":"https:\/\/axsonjohnsonfoundation.org\/sv\/","name":"Axel and Margaret Ax:son Johnson Foundation for public benefit","description":"Promoting scientific and scholarly research","potentialAction":[{"@type":"SearchAction","target":{"@type":"EntryPoint","urlTemplate":"https:\/\/axsonjohnsonfoundation.org\/sv\/?s={search_term_string}"},"query-input":{"@type":"PropertyValueSpecification","valueRequired":true,"valueName":"search_term_string"}}],"inLanguage":"sv-SE"}]}},"_links":{"self":[{"href":"https:\/\/axsonjohnsonfoundation.org\/sv\/wp-json\/wp\/v2\/pages\/444","targetHints":{"allow":["GET"]}}],"collection":[{"href":"https:\/\/axsonjohnsonfoundation.org\/sv\/wp-json\/wp\/v2\/pages"}],"about":[{"href":"https:\/\/axsonjohnsonfoundation.org\/sv\/wp-json\/wp\/v2\/types\/page"}],"author":[{"embeddable":true,"href":"https:\/\/axsonjohnsonfoundation.org\/sv\/wp-json\/wp\/v2\/users\/8"}],"replies":[{"embeddable":true,"href":"https:\/\/axsonjohnsonfoundation.org\/sv\/wp-json\/wp\/v2\/comments?post=444"}],"version-history":[{"count":19,"href":"https:\/\/axsonjohnsonfoundation.org\/sv\/wp-json\/wp\/v2\/pages\/444\/revisions"}],"predecessor-version":[{"id":1643,"href":"https:\/\/axsonjohnsonfoundation.org\/sv\/wp-json\/wp\/v2\/pages\/444\/revisions\/1643"}],"up":[{"embeddable":true,"href":"https:\/\/axsonjohnsonfoundation.org\/sv\/wp-json\/wp\/v2\/pages\/459"}],"wp:attachment":[{"href":"https:\/\/axsonjohnsonfoundation.org\/sv\/wp-json\/wp\/v2\/media?parent=444"}],"curies":[{"name":"wp","href":"https:\/\/api.w.org\/{rel}","templated":true}]}}