{"id":451,"date":"2022-05-15T18:45:19","date_gmt":"2022-05-15T18:45:19","guid":{"rendered":"https:\/\/axel-johnson-stiftelse.ohmytest.se\/?page_id=451"},"modified":"2022-08-29T08:19:51","modified_gmt":"2022-08-29T08:19:51","slug":"the-changing-character-of-war-centre","status":"publish","type":"page","link":"https:\/\/axsonjohnsonfoundation.org\/sv\/forskning-och-utbildning\/center\/the-changing-character-of-war-centre\/","title":{"rendered":"Changing Character of War Centre"},"content":{"rendered":"\n<div class=\"section-x-padding\">\n    <p class=\"body-xl section-inner-width mx-auto my-8\">\n        Changing Character of War Centre har unders\u00f6kt utvecklingen av v\u00e4pnade konflikter och dess konsekvenser sedan 2003. Centret samlar forskare fr\u00e5n flera discipliner, s\u00e4rskilt historia, politik, internationella relationer, juridik och filosofi.    <\/p>\n<\/div>\n\n\n<div class=\"section-x-padding\">\n    <div class=\"wysiwyg section-inner-width mx-auto my-8\">\n        <p><a href=\"http:\/\/www.ccw.ox.ac.uk\/\" target=\"_blank\" rel=\"noopener\">Changing Character of War Centre<\/a> (CCW) \u00e4r en del av Pembroke Colleges multidisciplin\u00e4ra milj\u00f6. Centret har kopplingar till forskare inom antropologi, psykologi och ekonomi. CCW samverkar ocks\u00e5 med flera <em>Oxford centers of excellence, <\/em>exempelvis Centre for International Studies, Centre for the Resolution of Intractable Conflict, Oxford Internet Institute och Blavatnik School of Government. CCW intresserar sig ocks\u00e5 f\u00f6r datavetenskap, matematik och ingenj\u00f6rskonst, p\u00e5 grund av betydelsen av ny teknik f\u00f6r v\u00e4pnade konflikter i dag. Centret unders\u00f6ker f\u00f6r\u00e4ndring, genom analys av teori och praktik samt konceptuell utveckling.<\/p>\n    <\/div>\n<\/div>","protected":false},"excerpt":{"rendered":"","protected":false},"author":8,"featured_media":0,"parent":459,"menu_order":0,"comment_status":"closed","ping_status":"closed","template":"templates\/template-general.php","meta":{"_acf_changed":false,"footnotes":""},"class_list":["post-451","page","type-page","status-publish","hentry"],"acf":[],"yoast_head":"<!-- This site is optimized with the Yoast SEO plugin v27.4 - https:\/\/yoast.com\/product\/yoast-seo-wordpress\/ -->\n<title>Changing Character of War Centre - Axel and Margaret Ax:son Johnson Foundation for public benefit<\/title>\n<meta name=\"robots\" content=\"index, follow, max-snippet:-1, max-image-preview:large, max-video-preview:-1\" \/>\n<link rel=\"canonical\" href=\"https:\/\/axsonjohnsonfoundation.org\/sv\/forskning-och-utbildning\/center\/the-changing-character-of-war-centre\/\" \/>\n<meta property=\"og:locale\" content=\"sv_SE\" \/>\n<meta property=\"og:type\" content=\"article\" \/>\n<meta property=\"og:title\" content=\"Changing Character of War Centre - Axel and Margaret Ax:son Johnson Foundation for public benefit\" \/>\n<meta property=\"og:url\" content=\"https:\/\/axsonjohnsonfoundation.org\/sv\/forskning-och-utbildning\/center\/the-changing-character-of-war-centre\/\" \/>\n<meta property=\"og:site_name\" content=\"Axel and Margaret Ax:son Johnson Foundation for public benefit\" \/>\n<meta property=\"article:modified_time\" content=\"2022-08-29T08:19:51+00:00\" \/>\n<meta property=\"og:image\" content=\"https:\/\/axsonjohnsonfoundation.org\/wp-content\/uploads\/2022\/05\/big-placeholder-people-1.jpeg\" \/>\n\t<meta property=\"og:image:width\" content=\"1088\" \/>\n\t<meta property=\"og:image:height\" content=\"612\" \/>\n\t<meta property=\"og:image:type\" content=\"image\/jpeg\" \/>\n<meta name=\"twitter:card\" content=\"summary_large_image\" \/>\n<script type=\"application\/ld+json\" class=\"yoast-schema-graph\">{\"@context\":\"https:\\\/\\\/schema.org\",\"@graph\":[{\"@type\":\"WebPage\",\"@id\":\"https:\\\/\\\/axsonjohnsonfoundation.org\\\/sv\\\/forskning-och-utbildning\\\/center\\\/the-changing-character-of-war-centre\\\/\",\"url\":\"https:\\\/\\\/axsonjohnsonfoundation.org\\\/sv\\\/forskning-och-utbildning\\\/center\\\/the-changing-character-of-war-centre\\\/\",\"name\":\"Changing Character of War Centre - Axel and Margaret Ax:son Johnson Foundation for public benefit\",\"isPartOf\":{\"@id\":\"https:\\\/\\\/axsonjohnsonfoundation.org\\\/sv\\\/#website\"},\"datePublished\":\"2022-05-15T18:45:19+00:00\",\"dateModified\":\"2022-08-29T08:19:51+00:00\",\"breadcrumb\":{\"@id\":\"https:\\\/\\\/axsonjohnsonfoundation.org\\\/sv\\\/forskning-och-utbildning\\\/center\\\/the-changing-character-of-war-centre\\\/#breadcrumb\"},\"inLanguage\":\"sv-SE\",\"potentialAction\":[{\"@type\":\"ReadAction\",\"target\":[\"https:\\\/\\\/axsonjohnsonfoundation.org\\\/sv\\\/forskning-och-utbildning\\\/center\\\/the-changing-character-of-war-centre\\\/\"]}]},{\"@type\":\"BreadcrumbList\",\"@id\":\"https:\\\/\\\/axsonjohnsonfoundation.org\\\/sv\\\/forskning-och-utbildning\\\/center\\\/the-changing-character-of-war-centre\\\/#breadcrumb\",\"itemListElement\":[{\"@type\":\"ListItem\",\"position\":1,\"name\":\"Start\",\"item\":\"\\\/sv\\\/\"},{\"@type\":\"ListItem\",\"position\":2,\"name\":\"Forskning och utbildning\",\"item\":\"https:\\\/\\\/axsonjohnsonfoundation.org\\\/sv\\\/forskning-och-utbildning\\\/\"},{\"@type\":\"ListItem\",\"position\":3,\"name\":\"Centrumbildningar\",\"item\":\"https:\\\/\\\/axsonjohnsonfoundation.org\\\/sv\\\/forskning-och-utbildning\\\/center\\\/\"},{\"@type\":\"ListItem\",\"position\":4,\"name\":\"Changing Character of War Centre\"}]},{\"@type\":\"WebSite\",\"@id\":\"https:\\\/\\\/axsonjohnsonfoundation.org\\\/sv\\\/#website\",\"url\":\"https:\\\/\\\/axsonjohnsonfoundation.org\\\/sv\\\/\",\"name\":\"Axel and Margaret Ax:son Johnson Foundation for public benefit\",\"description\":\"Promoting scientific and scholarly research\",\"potentialAction\":[{\"@type\":\"SearchAction\",\"target\":{\"@type\":\"EntryPoint\",\"urlTemplate\":\"https:\\\/\\\/axsonjohnsonfoundation.org\\\/sv\\\/?s={search_term_string}\"},\"query-input\":{\"@type\":\"PropertyValueSpecification\",\"valueRequired\":true,\"valueName\":\"search_term_string\"}}],\"inLanguage\":\"sv-SE\"}]}<\/script>\n<!-- \/ Yoast SEO plugin. -->","yoast_head_json":{"title":"Changing Character of War Centre - Axel and Margaret Ax:son Johnson Foundation for public benefit","robots":{"index":"index","follow":"follow","max-snippet":"max-snippet:-1","max-image-preview":"max-image-preview:large","max-video-preview":"max-video-preview:-1"},"canonical":"https:\/\/axsonjohnsonfoundation.org\/sv\/forskning-och-utbildning\/center\/the-changing-character-of-war-centre\/","og_locale":"sv_SE","og_type":"article","og_title":"Changing Character of War Centre - Axel and Margaret Ax:son Johnson Foundation for public benefit","og_url":"https:\/\/axsonjohnsonfoundation.org\/sv\/forskning-och-utbildning\/center\/the-changing-character-of-war-centre\/","og_site_name":"Axel and Margaret Ax:son Johnson Foundation for public benefit","article_modified_time":"2022-08-29T08:19:51+00:00","og_image":[{"width":1088,"height":612,"url":"https:\/\/axsonjohnsonfoundation.org\/wp-content\/uploads\/2022\/05\/big-placeholder-people-1.jpeg","type":"image\/jpeg"}],"twitter_card":"summary_large_image","schema":{"@context":"https:\/\/schema.org","@graph":[{"@type":"WebPage","@id":"https:\/\/axsonjohnsonfoundation.org\/sv\/forskning-och-utbildning\/center\/the-changing-character-of-war-centre\/","url":"https:\/\/axsonjohnsonfoundation.org\/sv\/forskning-och-utbildning\/center\/the-changing-character-of-war-centre\/","name":"Changing Character of War Centre - Axel and Margaret Ax:son Johnson Foundation for public benefit","isPartOf":{"@id":"https:\/\/axsonjohnsonfoundation.org\/sv\/#website"},"datePublished":"2022-05-15T18:45:19+00:00","dateModified":"2022-08-29T08:19:51+00:00","breadcrumb":{"@id":"https:\/\/axsonjohnsonfoundation.org\/sv\/forskning-och-utbildning\/center\/the-changing-character-of-war-centre\/#breadcrumb"},"inLanguage":"sv-SE","potentialAction":[{"@type":"ReadAction","target":["https:\/\/axsonjohnsonfoundation.org\/sv\/forskning-och-utbildning\/center\/the-changing-character-of-war-centre\/"]}]},{"@type":"BreadcrumbList","@id":"https:\/\/axsonjohnsonfoundation.org\/sv\/forskning-och-utbildning\/center\/the-changing-character-of-war-centre\/#breadcrumb","itemListElement":[{"@type":"ListItem","position":1,"name":"Start","item":"\/sv\/"},{"@type":"ListItem","position":2,"name":"Forskning och utbildning","item":"https:\/\/axsonjohnsonfoundation.org\/sv\/forskning-och-utbildning\/"},{"@type":"ListItem","position":3,"name":"Centrumbildningar","item":"https:\/\/axsonjohnsonfoundation.org\/sv\/forskning-och-utbildning\/center\/"},{"@type":"ListItem","position":4,"name":"Changing Character of War Centre"}]},{"@type":"WebSite","@id":"https:\/\/axsonjohnsonfoundation.org\/sv\/#website","url":"https:\/\/axsonjohnsonfoundation.org\/sv\/","name":"Axel and Margaret Ax:son Johnson Foundation for public benefit","description":"Promoting scientific and scholarly research","potentialAction":[{"@type":"SearchAction","target":{"@type":"EntryPoint","urlTemplate":"https:\/\/axsonjohnsonfoundation.org\/sv\/?s={search_term_string}"},"query-input":{"@type":"PropertyValueSpecification","valueRequired":true,"valueName":"search_term_string"}}],"inLanguage":"sv-SE"}]}},"_links":{"self":[{"href":"https:\/\/axsonjohnsonfoundation.org\/sv\/wp-json\/wp\/v2\/pages\/451","targetHints":{"allow":["GET"]}}],"collection":[{"href":"https:\/\/axsonjohnsonfoundation.org\/sv\/wp-json\/wp\/v2\/pages"}],"about":[{"href":"https:\/\/axsonjohnsonfoundation.org\/sv\/wp-json\/wp\/v2\/types\/page"}],"author":[{"embeddable":true,"href":"https:\/\/axsonjohnsonfoundation.org\/sv\/wp-json\/wp\/v2\/users\/8"}],"replies":[{"embeddable":true,"href":"https:\/\/axsonjohnsonfoundation.org\/sv\/wp-json\/wp\/v2\/comments?post=451"}],"version-history":[{"count":33,"href":"https:\/\/axsonjohnsonfoundation.org\/sv\/wp-json\/wp\/v2\/pages\/451\/revisions"}],"predecessor-version":[{"id":1992,"href":"https:\/\/axsonjohnsonfoundation.org\/sv\/wp-json\/wp\/v2\/pages\/451\/revisions\/1992"}],"up":[{"embeddable":true,"href":"https:\/\/axsonjohnsonfoundation.org\/sv\/wp-json\/wp\/v2\/pages\/459"}],"wp:attachment":[{"href":"https:\/\/axsonjohnsonfoundation.org\/sv\/wp-json\/wp\/v2\/media?parent=451"}],"curies":[{"name":"wp","href":"https:\/\/api.w.org\/{rel}","templated":true}]}}