{"id":459,"date":"2022-06-07T14:39:37","date_gmt":"2022-06-07T14:39:37","guid":{"rendered":"https:\/\/axel-johnson-stiftelse.ohmytest.se\/?page_id=459"},"modified":"2022-08-29T08:21:39","modified_gmt":"2022-08-29T08:21:39","slug":"center","status":"publish","type":"page","link":"https:\/\/axsonjohnsonfoundation.org\/sv\/forskning-och-utbildning\/center\/","title":{"rendered":"Centrumbildningar"},"content":{"rendered":"\n<div class=\"section-x-padding\">\n    <p class=\"body-xl section-inner-width mx-auto my-8\">\n        Axel och Margaret Ax:son Johnsons stiftelse f\u00f6r allm\u00e4nnyttiga \u00e4ndam\u00e5l finansierar ett antal forsknings- och utbildningscentra i Sverige och utomlands.    <\/p>\n<\/div>\n\n\n<div class=\"section-x-padding\">\n    <div class=\"wysiwyg section-inner-width mx-auto my-8\">\n        <p>Axel och Margaret Ax:son Johnsons stiftelse f\u00f6r allm\u00e4nnyttiga \u00e4ndam\u00e5l finansierar forsknings- och utbildningscentra p\u00e5 Handelsh\u00f6gskolan i Stockholm, Cambridge University och Oxford University.<\/p>\n    <\/div>\n<\/div>\n\n\n<div class=\"section-y-margin section-x-padding\">\n    <div class=\"section-width mx-auto\">\n\n        \n        <div class=\"grid grid-cols-1 xs:grid-cols-2 md:grid-cols-3 gap-8 xs:gap-9\">\n            \n<a href=\"https:\/\/axsonjohnsonfoundation.org\/sv\/forskning-och-utbildning\/center\/axson-johnson-centre-for-the-study-of-classical-architecture\/\" class=\"block group scale-image scale-image--small\">\n    <picture class=\"block mb-6 overflow-hidden rounded-lg will-change-transform\">\n        <source width=\"338\" height=\"341\" data-srcset=\"https:\/\/images.ohmyhosting.se\/8iRWTTlTcqRcDLXNX0xHl6G8GqM=\/338x341\/smart\/filters:quality(85)\/https%3A%2F%2Faxsonjohnsonfoundation.org%2Fwp-content%2Fuploads%2F2022%2F06%2FCSCA.jpg 1x,\n            https:\/\/images.ohmyhosting.se\/NUt43vjbiTsuEHxAuSwD6uz4I8M=\/676x682\/smart\/filters:quality(85)\/https%3A%2F%2Faxsonjohnsonfoundation.org%2Fwp-content%2Fuploads%2F2022%2F06%2FCSCA.jpg 2x\" media=\"(min-width: 1024px)\" \/>\n        <source width=\"301\" height=\"303\" data-srcset=\"https:\/\/images.ohmyhosting.se\/JtgZyXliEU_MXB2ffMJsF57UZbk=\/301x303\/smart\/filters:quality(85)\/https%3A%2F%2Faxsonjohnsonfoundation.org%2Fwp-content%2Fuploads%2F2022%2F06%2FCSCA.jpg 1x,\n            https:\/\/images.ohmyhosting.se\/Wjcv-nXHYbYlSavSJxvBg1jKBYA=\/602x606\/smart\/filters:quality(85)\/https%3A%2F%2Faxsonjohnsonfoundation.org%2Fwp-content%2Fuploads%2F2022%2F06%2FCSCA.jpg 2x\" media=\"(min-width: 869px)\" \/>\n        <source width=\"249\" height=\"251\" ata-srcset=\"https:\/\/images.ohmyhosting.se\/WctBSoYODfPAiCIayRi2NVM0UOM=\/249x251\/smart\/filters:quality(85)\/https%3A%2F%2Faxsonjohnsonfoundation.org%2Fwp-content%2Fuploads%2F2022%2F06%2FCSCA.jpg 1x,\n            https:\/\/images.ohmyhosting.se\/-wZLJfs348gJV-mcpFTz6Uzppdk=\/498x502\/smart\/filters:quality(85)\/https%3A%2F%2Faxsonjohnsonfoundation.org%2Fwp-content%2Fuploads%2F2022%2F06%2FCSCA.jpg 2x\" media=\"(min-width: 768px)\" \/>\n        <source width=\"342\" height=\"341\" data-srcset=\"https:\/\/images.ohmyhosting.se\/FvSCacUqoItTbyEg8L7maSbExss=\/342x341\/smart\/filters:quality(85)\/https%3A%2F%2Faxsonjohnsonfoundation.org%2Fwp-content%2Fuploads%2F2022%2F06%2FCSCA.jpg 1x,\n            https:\/\/images.ohmyhosting.se\/SP0o3rb7QEpqorYBONkCyUp6zos=\/684x682\/smart\/filters:quality(85)\/https%3A%2F%2Faxsonjohnsonfoundation.org%2Fwp-content%2Fuploads%2F2022%2F06%2FCSCA.jpg 2x\" media=\"(min-width: 641px)\" \/>\n        <source width=\"278\" height=\"277\" data-srcset=\"https:\/\/images.ohmyhosting.se\/kRdOmxnAsU-qxM-iCH0Zvzc0oOc=\/278x277\/smart\/filters:quality(85)\/https%3A%2F%2Faxsonjohnsonfoundation.org%2Fwp-content%2Fuploads%2F2022%2F06%2FCSCA.jpg 1x,\n            https:\/\/images.ohmyhosting.se\/UtY4RoLfHPXIoSuaCSi-d8qA8oM=\/556x554\/smart\/filters:quality(85)\/https%3A%2F%2Faxsonjohnsonfoundation.org%2Fwp-content%2Fuploads%2F2022%2F06%2FCSCA.jpg 2x\" media=\"(min-width: 500px)\" \/>\n        <source width=\"452\" height=\"380\" data-srcset=\"https:\/\/images.ohmyhosting.se\/ge9l4soSoms3TIJTRgZDZ2ydpco=\/452x380\/smart\/filters:quality(85)\/https%3A%2F%2Faxsonjohnsonfoundation.org%2Fwp-content%2Fuploads%2F2022%2F06%2FCSCA.jpg 1x,\n            https:\/\/images.ohmyhosting.se\/uRFmJRI0QehAj0b7iNFwxbovl8w=\/904x760\/smart\/filters:quality(85)\/https%3A%2F%2Faxsonjohnsonfoundation.org%2Fwp-content%2Fuploads%2F2022%2F06%2FCSCA.jpg 2x\" media=\"(min-width: 415px)\" \/>\n        <source width=\"382\" height=\"371\" data-srcset=\"https:\/\/images.ohmyhosting.se\/68PygM3pAwEw7ivYxLZCkhzb53c=\/382x371\/smart\/filters:quality(85)\/https%3A%2F%2Faxsonjohnsonfoundation.org%2Fwp-content%2Fuploads%2F2022%2F06%2FCSCA.jpg 1x,\n            https:\/\/images.ohmyhosting.se\/3cVnbk48m0t2dg_lk-1qb49RW74=\/764x742\/smart\/filters:quality(85)\/https%3A%2F%2Faxsonjohnsonfoundation.org%2Fwp-content%2Fuploads%2F2022%2F06%2FCSCA.jpg 2x\" media=\"(min-width: 376px)\" \/>\n        <source width=\"343\" height=\"331\" data-srcset=\"https:\/\/images.ohmyhosting.se\/bIZNLm8taqzeKgkaO_flJaj7VUw=\/343x331\/smart\/filters:quality(85)\/https%3A%2F%2Faxsonjohnsonfoundation.org%2Fwp-content%2Fuploads%2F2022%2F06%2FCSCA.jpg 1x,\n            https:\/\/images.ohmyhosting.se\/a4eQcsHF6ywvUszFoFiZdJcrRlE=\/686x662\/smart\/filters:quality(85)\/https%3A%2F%2Faxsonjohnsonfoundation.org%2Fwp-content%2Fuploads%2F2022%2F06%2FCSCA.jpg 2x\" media=\"(min-width: 1px)\" \/>\n        <img width=\"338\" height=\"341\"\n            class=\"lazy mx-auto rounded-lg pointer-events-none\"\n            data-src=\"https:\/\/images.ohmyhosting.se\/A5TNqDF0kVJvLMKzOf2fqgoFUTI=\/338x341\/smart\/filters:quality(10):blur(9)\/https%3A%2F%2Faxsonjohnsonfoundation.org%2Fwp-content%2Fuploads%2F2022%2F06%2FCSCA.jpg\"\n            alt=\"\">\n    <\/picture>\n    <article class=\"text-center\">\n        <h2 class=\"heading-sm text-[1.3rem] pt-1.5 mb-2.5 group-hover:text-blue-600\">\n            <span class=\"border-b border-transparent group-hover:border-blue-600\">\n                Ax:son Johnson Centre for the Study of Classical Architecture            <\/span>\n            <svg class=\"inline transform group-hover:translate-x-0.5\n                transition-transform duration-200 pb-0.5 ml-0.5\" width=\"8\" height=\"15\" viewBox=\"0 0 9 16\"\n                fill=\"none\" xmlns=\"http:\/\/www.w3.org\/2000\/svg\">\n                <path d=\"M1.5 1.5L7.5 8L1.5 14.5\" stroke=\"currentColor\" stroke-width=\"1.5\" \/>\n            <\/svg>\n        <\/h2>\n        <p class='body-md'>CSCA bedriver forskning och utbildning kring den klassiska arkitekturens historia och betydelse idag, samt arrangerar seminarier.<\/p>    <\/article>\n<\/a>\n<a href=\"https:\/\/axsonjohnsonfoundation.org\/sv\/forskning-och-utbildning\/center\/cspc\/\" class=\"block group scale-image scale-image--small\">\n    <picture class=\"block mb-6 overflow-hidden rounded-lg will-change-transform\">\n        <source width=\"338\" height=\"341\" data-srcset=\"https:\/\/images.ohmyhosting.se\/jgP6GOb67sBEgNxGSdh2igw_6yc=\/338x341\/smart\/filters:quality(85)\/https%3A%2F%2Faxsonjohnsonfoundation.org%2Fwp-content%2Fuploads%2F2022%2F06%2FCSSC.jpg 1x,\n            https:\/\/images.ohmyhosting.se\/ruCq9qWOxn5MuceNqcz7GMJX8xM=\/676x682\/smart\/filters:quality(85)\/https%3A%2F%2Faxsonjohnsonfoundation.org%2Fwp-content%2Fuploads%2F2022%2F06%2FCSSC.jpg 2x\" media=\"(min-width: 1024px)\" \/>\n        <source width=\"301\" height=\"303\" data-srcset=\"https:\/\/images.ohmyhosting.se\/3MHVEtNcPmrn0G8D9WZ9rdx6j7k=\/301x303\/smart\/filters:quality(85)\/https%3A%2F%2Faxsonjohnsonfoundation.org%2Fwp-content%2Fuploads%2F2022%2F06%2FCSSC.jpg 1x,\n            https:\/\/images.ohmyhosting.se\/8bb5x-cPC_1uTuX5Lz6CO8uwIqc=\/602x606\/smart\/filters:quality(85)\/https%3A%2F%2Faxsonjohnsonfoundation.org%2Fwp-content%2Fuploads%2F2022%2F06%2FCSSC.jpg 2x\" media=\"(min-width: 869px)\" \/>\n        <source width=\"249\" height=\"251\" ata-srcset=\"https:\/\/images.ohmyhosting.se\/E08lW8nenUHRrWe0pT7yR0gYPpo=\/249x251\/smart\/filters:quality(85)\/https%3A%2F%2Faxsonjohnsonfoundation.org%2Fwp-content%2Fuploads%2F2022%2F06%2FCSSC.jpg 1x,\n            https:\/\/images.ohmyhosting.se\/LC-YOh131RprNAZlkbAH--RoxOM=\/498x502\/smart\/filters:quality(85)\/https%3A%2F%2Faxsonjohnsonfoundation.org%2Fwp-content%2Fuploads%2F2022%2F06%2FCSSC.jpg 2x\" media=\"(min-width: 768px)\" \/>\n        <source width=\"342\" height=\"341\" data-srcset=\"https:\/\/images.ohmyhosting.se\/sGh4_aAV-CjZFppScW4BTt_xnfk=\/342x341\/smart\/filters:quality(85)\/https%3A%2F%2Faxsonjohnsonfoundation.org%2Fwp-content%2Fuploads%2F2022%2F06%2FCSSC.jpg 1x,\n            https:\/\/images.ohmyhosting.se\/VBjTpeK1PqrQdA5uw9rRfbIB18E=\/684x682\/smart\/filters:quality(85)\/https%3A%2F%2Faxsonjohnsonfoundation.org%2Fwp-content%2Fuploads%2F2022%2F06%2FCSSC.jpg 2x\" media=\"(min-width: 641px)\" \/>\n        <source width=\"278\" height=\"277\" data-srcset=\"https:\/\/images.ohmyhosting.se\/IjPpGi5qBLZ57bgZ6LYbomXxR7M=\/278x277\/smart\/filters:quality(85)\/https%3A%2F%2Faxsonjohnsonfoundation.org%2Fwp-content%2Fuploads%2F2022%2F06%2FCSSC.jpg 1x,\n            https:\/\/images.ohmyhosting.se\/J4FqGLbt-RTRPklnumt78dhJJ48=\/556x554\/smart\/filters:quality(85)\/https%3A%2F%2Faxsonjohnsonfoundation.org%2Fwp-content%2Fuploads%2F2022%2F06%2FCSSC.jpg 2x\" media=\"(min-width: 500px)\" \/>\n        <source width=\"452\" height=\"380\" data-srcset=\"https:\/\/images.ohmyhosting.se\/VzcC6HnS3TGJeIRNR8S99TfyMMM=\/452x380\/smart\/filters:quality(85)\/https%3A%2F%2Faxsonjohnsonfoundation.org%2Fwp-content%2Fuploads%2F2022%2F06%2FCSSC.jpg 1x,\n            https:\/\/images.ohmyhosting.se\/PoZolnejjcE1lNlHPZjR-zYfUeA=\/904x760\/smart\/filters:quality(85)\/https%3A%2F%2Faxsonjohnsonfoundation.org%2Fwp-content%2Fuploads%2F2022%2F06%2FCSSC.jpg 2x\" media=\"(min-width: 415px)\" \/>\n        <source width=\"382\" height=\"371\" data-srcset=\"https:\/\/images.ohmyhosting.se\/jH84nFdVVFiYWJK2eg0vfI3Sgsg=\/382x371\/smart\/filters:quality(85)\/https%3A%2F%2Faxsonjohnsonfoundation.org%2Fwp-content%2Fuploads%2F2022%2F06%2FCSSC.jpg 1x,\n            https:\/\/images.ohmyhosting.se\/MxVlLDbyw0yEhRoW7v-BO_EzF3g=\/764x742\/smart\/filters:quality(85)\/https%3A%2F%2Faxsonjohnsonfoundation.org%2Fwp-content%2Fuploads%2F2022%2F06%2FCSSC.jpg 2x\" media=\"(min-width: 376px)\" \/>\n        <source width=\"343\" height=\"331\" data-srcset=\"https:\/\/images.ohmyhosting.se\/jGyYYUZX-H4RuGo3EC31Zpe239s=\/343x331\/smart\/filters:quality(85)\/https%3A%2F%2Faxsonjohnsonfoundation.org%2Fwp-content%2Fuploads%2F2022%2F06%2FCSSC.jpg 1x,\n            https:\/\/images.ohmyhosting.se\/YSh7TEtIl3s-bOOXrQqXVvJIqxs=\/686x662\/smart\/filters:quality(85)\/https%3A%2F%2Faxsonjohnsonfoundation.org%2Fwp-content%2Fuploads%2F2022%2F06%2FCSSC.jpg 2x\" media=\"(min-width: 1px)\" \/>\n        <img width=\"338\" height=\"341\"\n            class=\"lazy mx-auto rounded-lg pointer-events-none\"\n            data-src=\"https:\/\/images.ohmyhosting.se\/XGIugY1H1eI-TIWtcCoG9QT23SE=\/338x341\/smart\/filters:quality(10):blur(9)\/https%3A%2F%2Faxsonjohnsonfoundation.org%2Fwp-content%2Fuploads%2F2022%2F06%2FCSSC.jpg\"\n            alt=\"\">\n    <\/picture>\n    <article class=\"text-center\">\n        <h2 class=\"heading-sm text-[1.3rem] pt-1.5 mb-2.5 group-hover:text-blue-600\">\n            <span class=\"border-b border-transparent group-hover:border-blue-600\">\n                Centre for Statecraft and Strategic Communication            <\/span>\n            <svg class=\"inline transform group-hover:translate-x-0.5\n                transition-transform duration-200 pb-0.5 ml-0.5\" width=\"8\" height=\"15\" viewBox=\"0 0 9 16\"\n                fill=\"none\" xmlns=\"http:\/\/www.w3.org\/2000\/svg\">\n                <path d=\"M1.5 1.5L7.5 8L1.5 14.5\" stroke=\"currentColor\" stroke-width=\"1.5\" \/>\n            <\/svg>\n        <\/h2>\n        <p class='body-md'>CSSC bedriver forskning och utbildning inom humaniora och samh\u00e4llsvetenskap, med fokus p\u00e5 statskonst och politisk kommunikation.<\/p>    <\/article>\n<\/a>\n<a href=\"https:\/\/axsonjohnsonfoundation.org\/sv\/forskning-och-utbildning\/center\/the-changing-character-of-war-centre\/\" class=\"block group scale-image scale-image--small\">\n    <picture class=\"block mb-6 overflow-hidden rounded-lg will-change-transform\">\n        <source width=\"338\" height=\"341\" data-srcset=\"https:\/\/images.ohmyhosting.se\/WqBtD5eUncHWuHmT1OocwbIch_w=\/338x341\/smart\/filters:quality(85)\/https%3A%2F%2Faxsonjohnsonfoundation.org%2Fwp-content%2Fuploads%2F2022%2F06%2FCCW.jpg 1x,\n            https:\/\/images.ohmyhosting.se\/nB0UANRMXYa17-Xk8XAyw_5igEQ=\/676x682\/smart\/filters:quality(85)\/https%3A%2F%2Faxsonjohnsonfoundation.org%2Fwp-content%2Fuploads%2F2022%2F06%2FCCW.jpg 2x\" media=\"(min-width: 1024px)\" \/>\n        <source width=\"301\" height=\"303\" data-srcset=\"https:\/\/images.ohmyhosting.se\/50Ml7_wKhdJG7INV7EZuimvyq_Q=\/301x303\/smart\/filters:quality(85)\/https%3A%2F%2Faxsonjohnsonfoundation.org%2Fwp-content%2Fuploads%2F2022%2F06%2FCCW.jpg 1x,\n            https:\/\/images.ohmyhosting.se\/tL9MS73yC0urbp9NsLaJ2XtIDRU=\/602x606\/smart\/filters:quality(85)\/https%3A%2F%2Faxsonjohnsonfoundation.org%2Fwp-content%2Fuploads%2F2022%2F06%2FCCW.jpg 2x\" media=\"(min-width: 869px)\" \/>\n        <source width=\"249\" height=\"251\" ata-srcset=\"https:\/\/images.ohmyhosting.se\/HOgIaDwMNd7jQ04ltmhZ2ZzBJYM=\/249x251\/smart\/filters:quality(85)\/https%3A%2F%2Faxsonjohnsonfoundation.org%2Fwp-content%2Fuploads%2F2022%2F06%2FCCW.jpg 1x,\n            https:\/\/images.ohmyhosting.se\/iSwp1ujjC9zmTeBTvv1K39sWtew=\/498x502\/smart\/filters:quality(85)\/https%3A%2F%2Faxsonjohnsonfoundation.org%2Fwp-content%2Fuploads%2F2022%2F06%2FCCW.jpg 2x\" media=\"(min-width: 768px)\" \/>\n        <source width=\"342\" height=\"341\" data-srcset=\"https:\/\/images.ohmyhosting.se\/rqOt9RrLF8VzzVsgWUfkiJu_DJs=\/342x341\/smart\/filters:quality(85)\/https%3A%2F%2Faxsonjohnsonfoundation.org%2Fwp-content%2Fuploads%2F2022%2F06%2FCCW.jpg 1x,\n            https:\/\/images.ohmyhosting.se\/DhY2auD0frQOAn0aTLAjE5TrZTU=\/684x682\/smart\/filters:quality(85)\/https%3A%2F%2Faxsonjohnsonfoundation.org%2Fwp-content%2Fuploads%2F2022%2F06%2FCCW.jpg 2x\" media=\"(min-width: 641px)\" \/>\n        <source width=\"278\" height=\"277\" data-srcset=\"https:\/\/images.ohmyhosting.se\/ZGdZVjyQBVhMVCKTvvGlyf346aM=\/278x277\/smart\/filters:quality(85)\/https%3A%2F%2Faxsonjohnsonfoundation.org%2Fwp-content%2Fuploads%2F2022%2F06%2FCCW.jpg 1x,\n            https:\/\/images.ohmyhosting.se\/Zd1Qhfx82n5GkqBfMgQFYgpLhbo=\/556x554\/smart\/filters:quality(85)\/https%3A%2F%2Faxsonjohnsonfoundation.org%2Fwp-content%2Fuploads%2F2022%2F06%2FCCW.jpg 2x\" media=\"(min-width: 500px)\" \/>\n        <source width=\"452\" height=\"380\" data-srcset=\"https:\/\/images.ohmyhosting.se\/YNWaTlZbd9lSucqloUKZ_BQ1muQ=\/452x380\/smart\/filters:quality(85)\/https%3A%2F%2Faxsonjohnsonfoundation.org%2Fwp-content%2Fuploads%2F2022%2F06%2FCCW.jpg 1x,\n            https:\/\/images.ohmyhosting.se\/MiD9BPkc0-f5sN68ORkJMoLfI6k=\/904x760\/smart\/filters:quality(85)\/https%3A%2F%2Faxsonjohnsonfoundation.org%2Fwp-content%2Fuploads%2F2022%2F06%2FCCW.jpg 2x\" media=\"(min-width: 415px)\" \/>\n        <source width=\"382\" height=\"371\" data-srcset=\"https:\/\/images.ohmyhosting.se\/Hz5jbkNY2MvMEA0JIxoOhxOx60A=\/382x371\/smart\/filters:quality(85)\/https%3A%2F%2Faxsonjohnsonfoundation.org%2Fwp-content%2Fuploads%2F2022%2F06%2FCCW.jpg 1x,\n            https:\/\/images.ohmyhosting.se\/HKt4mugAv-1sNUx07FRJWRSTrRw=\/764x742\/smart\/filters:quality(85)\/https%3A%2F%2Faxsonjohnsonfoundation.org%2Fwp-content%2Fuploads%2F2022%2F06%2FCCW.jpg 2x\" media=\"(min-width: 376px)\" \/>\n        <source width=\"343\" height=\"331\" data-srcset=\"https:\/\/images.ohmyhosting.se\/ac1BCFcRAjnaBK_vjtkTyfPhojg=\/343x331\/smart\/filters:quality(85)\/https%3A%2F%2Faxsonjohnsonfoundation.org%2Fwp-content%2Fuploads%2F2022%2F06%2FCCW.jpg 1x,\n            https:\/\/images.ohmyhosting.se\/WJrwZ0RbyTLXCmt2LOIaHgASu8g=\/686x662\/smart\/filters:quality(85)\/https%3A%2F%2Faxsonjohnsonfoundation.org%2Fwp-content%2Fuploads%2F2022%2F06%2FCCW.jpg 2x\" media=\"(min-width: 1px)\" \/>\n        <img width=\"338\" height=\"341\"\n            class=\"lazy mx-auto rounded-lg pointer-events-none\"\n            data-src=\"https:\/\/images.ohmyhosting.se\/f3JeETbpG06CIEzN2pWh6_wxJZg=\/338x341\/smart\/filters:quality(10):blur(9)\/https%3A%2F%2Faxsonjohnsonfoundation.org%2Fwp-content%2Fuploads%2F2022%2F06%2FCCW.jpg\"\n            alt=\"\">\n    <\/picture>\n    <article class=\"text-center\">\n        <h2 class=\"heading-sm text-[1.3rem] pt-1.5 mb-2.5 group-hover:text-blue-600\">\n            <span class=\"border-b border-transparent group-hover:border-blue-600\">\n                Changing Character of War Centre            <\/span>\n            <svg class=\"inline transform group-hover:translate-x-0.5\n                transition-transform duration-200 pb-0.5 ml-0.5\" width=\"8\" height=\"15\" viewBox=\"0 0 9 16\"\n                fill=\"none\" xmlns=\"http:\/\/www.w3.org\/2000\/svg\">\n                <path d=\"M1.5 1.5L7.5 8L1.5 14.5\" stroke=\"currentColor\" stroke-width=\"1.5\" \/>\n            <\/svg>\n        <\/h2>\n        <p class='body-md'>CCW unders\u00f6ker utvecklingen av v\u00e4pnade konflikter och dess konsekvenser genom att samla forskare fr\u00e5n flera discipliner.<\/p>    <\/article>\n<\/a>        <\/div>\n    <\/div>\n<\/div>","protected":false},"excerpt":{"rendered":"","protected":false},"author":8,"featured_media":0,"parent":484,"menu_order":0,"comment_status":"closed","ping_status":"closed","template":"templates\/template-general.php","meta":{"_acf_changed":false,"footnotes":""},"class_list":["post-459","page","type-page","status-publish","hentry"],"acf":[],"yoast_head":"<!-- This site is optimized with the Yoast SEO plugin v27.4 - https:\/\/yoast.com\/product\/yoast-seo-wordpress\/ -->\n<title>Centrumbildningar - Axel and Margaret Ax:son Johnson Foundation for public benefit<\/title>\n<meta name=\"robots\" content=\"index, follow, max-snippet:-1, max-image-preview:large, max-video-preview:-1\" \/>\n<link rel=\"canonical\" href=\"https:\/\/axsonjohnsonfoundation.org\/sv\/forskning-och-utbildning\/center\/\" \/>\n<meta property=\"og:locale\" content=\"sv_SE\" \/>\n<meta property=\"og:type\" content=\"article\" \/>\n<meta property=\"og:title\" content=\"Centrumbildningar - Axel and Margaret Ax:son Johnson Foundation for public benefit\" \/>\n<meta property=\"og:url\" content=\"https:\/\/axsonjohnsonfoundation.org\/sv\/forskning-och-utbildning\/center\/\" \/>\n<meta property=\"og:site_name\" content=\"Axel and Margaret Ax:son Johnson Foundation for public benefit\" \/>\n<meta property=\"article:modified_time\" content=\"2022-08-29T08:21:39+00:00\" \/>\n<meta property=\"og:image\" content=\"https:\/\/axsonjohnsonfoundation.org\/wp-content\/uploads\/2022\/05\/big-placeholder-people-1.jpeg\" \/>\n\t<meta property=\"og:image:width\" content=\"1088\" \/>\n\t<meta property=\"og:image:height\" content=\"612\" \/>\n\t<meta property=\"og:image:type\" content=\"image\/jpeg\" \/>\n<meta name=\"twitter:card\" content=\"summary_large_image\" \/>\n<script type=\"application\/ld+json\" class=\"yoast-schema-graph\">{\"@context\":\"https:\\\/\\\/schema.org\",\"@graph\":[{\"@type\":\"WebPage\",\"@id\":\"https:\\\/\\\/axsonjohnsonfoundation.org\\\/sv\\\/forskning-och-utbildning\\\/center\\\/\",\"url\":\"https:\\\/\\\/axsonjohnsonfoundation.org\\\/sv\\\/forskning-och-utbildning\\\/center\\\/\",\"name\":\"Centrumbildningar - Axel and Margaret Ax:son Johnson Foundation for public benefit\",\"isPartOf\":{\"@id\":\"https:\\\/\\\/axsonjohnsonfoundation.org\\\/sv\\\/#website\"},\"datePublished\":\"2022-06-07T14:39:37+00:00\",\"dateModified\":\"2022-08-29T08:21:39+00:00\",\"breadcrumb\":{\"@id\":\"https:\\\/\\\/axsonjohnsonfoundation.org\\\/sv\\\/forskning-och-utbildning\\\/center\\\/#breadcrumb\"},\"inLanguage\":\"sv-SE\",\"potentialAction\":[{\"@type\":\"ReadAction\",\"target\":[\"https:\\\/\\\/axsonjohnsonfoundation.org\\\/sv\\\/forskning-och-utbildning\\\/center\\\/\"]}]},{\"@type\":\"BreadcrumbList\",\"@id\":\"https:\\\/\\\/axsonjohnsonfoundation.org\\\/sv\\\/forskning-och-utbildning\\\/center\\\/#breadcrumb\",\"itemListElement\":[{\"@type\":\"ListItem\",\"position\":1,\"name\":\"Start\",\"item\":\"\\\/sv\\\/\"},{\"@type\":\"ListItem\",\"position\":2,\"name\":\"Forskning och utbildning\",\"item\":\"https:\\\/\\\/axsonjohnsonfoundation.org\\\/sv\\\/forskning-och-utbildning\\\/\"},{\"@type\":\"ListItem\",\"position\":3,\"name\":\"Centrumbildningar\"}]},{\"@type\":\"WebSite\",\"@id\":\"https:\\\/\\\/axsonjohnsonfoundation.org\\\/sv\\\/#website\",\"url\":\"https:\\\/\\\/axsonjohnsonfoundation.org\\\/sv\\\/\",\"name\":\"Axel and Margaret Ax:son Johnson Foundation for public benefit\",\"description\":\"Promoting scientific and scholarly research\",\"potentialAction\":[{\"@type\":\"SearchAction\",\"target\":{\"@type\":\"EntryPoint\",\"urlTemplate\":\"https:\\\/\\\/axsonjohnsonfoundation.org\\\/sv\\\/?s={search_term_string}\"},\"query-input\":{\"@type\":\"PropertyValueSpecification\",\"valueRequired\":true,\"valueName\":\"search_term_string\"}}],\"inLanguage\":\"sv-SE\"}]}<\/script>\n<!-- \/ Yoast SEO plugin. -->","yoast_head_json":{"title":"Centrumbildningar - Axel and Margaret Ax:son Johnson Foundation for public benefit","robots":{"index":"index","follow":"follow","max-snippet":"max-snippet:-1","max-image-preview":"max-image-preview:large","max-video-preview":"max-video-preview:-1"},"canonical":"https:\/\/axsonjohnsonfoundation.org\/sv\/forskning-och-utbildning\/center\/","og_locale":"sv_SE","og_type":"article","og_title":"Centrumbildningar - Axel and Margaret Ax:son Johnson Foundation for public benefit","og_url":"https:\/\/axsonjohnsonfoundation.org\/sv\/forskning-och-utbildning\/center\/","og_site_name":"Axel and Margaret Ax:son Johnson Foundation for public benefit","article_modified_time":"2022-08-29T08:21:39+00:00","og_image":[{"width":1088,"height":612,"url":"https:\/\/axsonjohnsonfoundation.org\/wp-content\/uploads\/2022\/05\/big-placeholder-people-1.jpeg","type":"image\/jpeg"}],"twitter_card":"summary_large_image","schema":{"@context":"https:\/\/schema.org","@graph":[{"@type":"WebPage","@id":"https:\/\/axsonjohnsonfoundation.org\/sv\/forskning-och-utbildning\/center\/","url":"https:\/\/axsonjohnsonfoundation.org\/sv\/forskning-och-utbildning\/center\/","name":"Centrumbildningar - Axel and Margaret Ax:son Johnson Foundation for public benefit","isPartOf":{"@id":"https:\/\/axsonjohnsonfoundation.org\/sv\/#website"},"datePublished":"2022-06-07T14:39:37+00:00","dateModified":"2022-08-29T08:21:39+00:00","breadcrumb":{"@id":"https:\/\/axsonjohnsonfoundation.org\/sv\/forskning-och-utbildning\/center\/#breadcrumb"},"inLanguage":"sv-SE","potentialAction":[{"@type":"ReadAction","target":["https:\/\/axsonjohnsonfoundation.org\/sv\/forskning-och-utbildning\/center\/"]}]},{"@type":"BreadcrumbList","@id":"https:\/\/axsonjohnsonfoundation.org\/sv\/forskning-och-utbildning\/center\/#breadcrumb","itemListElement":[{"@type":"ListItem","position":1,"name":"Start","item":"\/sv\/"},{"@type":"ListItem","position":2,"name":"Forskning och utbildning","item":"https:\/\/axsonjohnsonfoundation.org\/sv\/forskning-och-utbildning\/"},{"@type":"ListItem","position":3,"name":"Centrumbildningar"}]},{"@type":"WebSite","@id":"https:\/\/axsonjohnsonfoundation.org\/sv\/#website","url":"https:\/\/axsonjohnsonfoundation.org\/sv\/","name":"Axel and Margaret Ax:son Johnson Foundation for public benefit","description":"Promoting scientific and scholarly research","potentialAction":[{"@type":"SearchAction","target":{"@type":"EntryPoint","urlTemplate":"https:\/\/axsonjohnsonfoundation.org\/sv\/?s={search_term_string}"},"query-input":{"@type":"PropertyValueSpecification","valueRequired":true,"valueName":"search_term_string"}}],"inLanguage":"sv-SE"}]}},"_links":{"self":[{"href":"https:\/\/axsonjohnsonfoundation.org\/sv\/wp-json\/wp\/v2\/pages\/459","targetHints":{"allow":["GET"]}}],"collection":[{"href":"https:\/\/axsonjohnsonfoundation.org\/sv\/wp-json\/wp\/v2\/pages"}],"about":[{"href":"https:\/\/axsonjohnsonfoundation.org\/sv\/wp-json\/wp\/v2\/types\/page"}],"author":[{"embeddable":true,"href":"https:\/\/axsonjohnsonfoundation.org\/sv\/wp-json\/wp\/v2\/users\/8"}],"replies":[{"embeddable":true,"href":"https:\/\/axsonjohnsonfoundation.org\/sv\/wp-json\/wp\/v2\/comments?post=459"}],"version-history":[{"count":35,"href":"https:\/\/axsonjohnsonfoundation.org\/sv\/wp-json\/wp\/v2\/pages\/459\/revisions"}],"predecessor-version":[{"id":2012,"href":"https:\/\/axsonjohnsonfoundation.org\/sv\/wp-json\/wp\/v2\/pages\/459\/revisions\/2012"}],"up":[{"embeddable":true,"href":"https:\/\/axsonjohnsonfoundation.org\/sv\/wp-json\/wp\/v2\/pages\/484"}],"wp:attachment":[{"href":"https:\/\/axsonjohnsonfoundation.org\/sv\/wp-json\/wp\/v2\/media?parent=459"}],"curies":[{"name":"wp","href":"https:\/\/api.w.org\/{rel}","templated":true}]}}