{"id":616,"date":"2022-05-13T15:10:52","date_gmt":"2022-05-13T15:10:52","guid":{"rendered":"https:\/\/axel-johnson-stiftelse.ohmytest.se\/?page_id=616"},"modified":"2025-08-28T14:28:10","modified_gmt":"2025-08-28T14:28:10","slug":"om-oss","status":"publish","type":"page","link":"https:\/\/axsonjohnsonfoundation.org\/sv\/om-oss\/","title":{"rendered":"Om oss"},"content":{"rendered":"\n<div class=\"section-x-padding\">\n    <p class=\"body-xl section-inner-width mx-auto my-8\">\n        Axel och Margaret Ax:son Johnsons stiftelse f\u00f6r allm\u00e4nnyttiga \u00e4ndam\u00e5l \u00e4r en privat stiftelse vars huvudsakliga syfte \u00e4r att allm\u00e4nt fr\u00e4mja vetenskaplig forskning. Fokus ligger i dag p\u00e5 humaniora och samh\u00e4llsvetenskap. Stiftelsen grundades 1947 av generalkonsuln Axel Ax:son Johnson (1876-1958), \u00e4gare av Nordstjernankoncernen, och hans hustru Margaret (1887-1966).    <\/p>\n<\/div>\n\n\n<div\n    class=\"group-hover:border-blue-600 group-hover:text-blue-600 group-hover:border-beige-400 group-hover:text-beige-400 hidden\">\n<\/div>\n\n<section class=\"section-x-padding py-4\n    bg-beige-400    mx-auto section-inner-width section-y-margin\">\n            <div class=\"\n        text-black border-red-200        relative border-b-1 last:border-b-0 sm:border-b py-4 section-inner-width mx-auto\n    \">\n        <a href=\"https:\/\/axsonjohnsonfoundation.org\/sv\/stiftelsens-andamal\/\"  class=\"heading-md mb-2 group\">\n            <span\n                class=\"border-b border-transparent group-hover:border-blue-600 group-hover:text-blue-600\">\n                \u00c4ndam\u00e5l            <\/span>\n            <svg class=\"inline-block transform text-black group-hover:text-blue-600 group-hover:translate-x-0.5\n                        transition-transform duration-200 pb-0.5 ml-0.5\" width=\"9\" height=\"16\" viewBox=\"0 0 9 16\"\n                fill=\"none\" xmlns=\"http:\/\/www.w3.org\/2000\/svg\">\n                <path d=\"M1.5 1.5L7.5 8L1.5 14.5\" stroke=\"currentColor\" stroke-width=\"1.5\" \/>\n            <\/svg>\n        <\/a>\n        <p class=\"body-sm antialiased-none mt-2\">\n            Stiftelsen har till huvudsakligt \u00e4ndam\u00e5l att inom Sverige allm\u00e4nt fr\u00e4mja vetenskaplig forskning och skall d\u00e4r j\u00e4mte inom landet allm\u00e4nt fr\u00e4mja v\u00e5rd och&#8230;        <\/p>\n    <\/div>\n            <div class=\"\n        text-black border-red-200        relative border-b-1 last:border-b-0 sm:border-b py-4 section-inner-width mx-auto\n    \">\n        <a href=\"https:\/\/axsonjohnsonfoundation.org\/sv\/om-oss\/stiftelsens-organisation\/\"  class=\"heading-md mb-2 group\">\n            <span\n                class=\"border-b border-transparent group-hover:border-blue-600 group-hover:text-blue-600\">\n                Organisation            <\/span>\n            <svg class=\"inline-block transform text-black group-hover:text-blue-600 group-hover:translate-x-0.5\n                        transition-transform duration-200 pb-0.5 ml-0.5\" width=\"9\" height=\"16\" viewBox=\"0 0 9 16\"\n                fill=\"none\" xmlns=\"http:\/\/www.w3.org\/2000\/svg\">\n                <path d=\"M1.5 1.5L7.5 8L1.5 14.5\" stroke=\"currentColor\" stroke-width=\"1.5\" \/>\n            <\/svg>\n        <\/a>\n        <p class=\"body-sm antialiased-none mt-2\">\n            Stiftelsens styrelse har det yttersta ansvaret f\u00f6r f\u00f6rvaltningen vilket innefattar utdelning av anslag. Stiftelsens dagliga verksamhet leds av den verkst\u00e4llande direkt\u00f6ren som \u00e4ven ansvarar f\u00f6r beredning av projekt. F\u00f6r bed\u00f6mning av projekt  anlitas externa experter och r\u00e5dgivare.        <\/p>\n    <\/div>\n            <div class=\"\n        text-black border-red-200        relative border-b-1 last:border-b-0 sm:border-b py-4 section-inner-width mx-auto\n    \">\n        <a href=\"https:\/\/axsonjohnsonfoundation.org\/sv\/om-oss\/historia\/\"  class=\"heading-md mb-2 group\">\n            <span\n                class=\"border-b border-transparent group-hover:border-blue-600 group-hover:text-blue-600\">\n                Historia            <\/span>\n            <svg class=\"inline-block transform text-black group-hover:text-blue-600 group-hover:translate-x-0.5\n                        transition-transform duration-200 pb-0.5 ml-0.5\" width=\"9\" height=\"16\" viewBox=\"0 0 9 16\"\n                fill=\"none\" xmlns=\"http:\/\/www.w3.org\/2000\/svg\">\n                <path d=\"M1.5 1.5L7.5 8L1.5 14.5\" stroke=\"currentColor\" stroke-width=\"1.5\" \/>\n            <\/svg>\n        <\/a>\n        <p class=\"body-sm antialiased-none mt-2\">\n            Familjen Ax:son Johnson, vars namn stiftelsen b\u00e4r, har en l\u00e5ng historia av filantropi och allm\u00e4nnytta bakom sig.         <\/p>\n    <\/div>\n            <div class=\"\n        text-black border-red-200        relative border-b-1 last:border-b-0 sm:border-b py-4 section-inner-width mx-auto\n    \">\n        <a href=\"https:\/\/axsonjohnsonfoundation.org\/sv\/om-oss\/projekt\/\"  class=\"heading-md mb-2 group\">\n            <span\n                class=\"border-b border-transparent group-hover:border-blue-600 group-hover:text-blue-600\">\n                Kontakt            <\/span>\n            <svg class=\"inline-block transform text-black group-hover:text-blue-600 group-hover:translate-x-0.5\n                        transition-transform duration-200 pb-0.5 ml-0.5\" width=\"9\" height=\"16\" viewBox=\"0 0 9 16\"\n                fill=\"none\" xmlns=\"http:\/\/www.w3.org\/2000\/svg\">\n                <path d=\"M1.5 1.5L7.5 8L1.5 14.5\" stroke=\"currentColor\" stroke-width=\"1.5\" \/>\n            <\/svg>\n        <\/a>\n        <p class=\"body-sm antialiased-none mt-2\">\n            Stiftelsen initierar sj\u00e4lv forskningsprojekt och tar ej emot ans\u00f6kningar. Stiftelsen tar dock i f\u00f6rekommande fall emot f\u00f6rslag i form av projektbeskrivningar.        <\/p>\n    <\/div>\n    <\/section>\n\n\n<div class=\"section-x-padding\">\n    <div class=\"wysiwyg section-inner-width mx-auto my-8\">\n        <p>Stiftelsens verksamhet, liksom n\u00e4stan all forskning, pr\u00e4glas i dag av ett l\u00e5ngsiktigt, internationellt perspektiv.<\/p>\n<p>Vi \u00e4r\u00a0dels en\u00a0<strong><em>verksamhetsstiftelse<\/em><\/strong>\u00a0vilket inneb\u00e4r att Stiftelsen \u00e4ven bedriver projekt i egen regi.<\/p>\n<p>Genom stipendier och\u00a0andra\u00a0anslag\u00a0st\u00f6djer\u00a0vi\u00a0\u00e4ven enskilda individer\u00a0och\u00a0samarbetar med externa parter inom den akademiska v\u00e4rlden.\u00a0D\u00e4rigenom \u00e4r Stiftelsen ocks\u00e5 delvis en\u00a0<strong><em>avkastningsstiftelse<\/em><\/strong>.<\/p>\n<p>Alla anslag, oavsett om de avser projekt i egen regi\u00a0eller externa anslag, \u00e4r allm\u00e4nnyttiga.<\/p>\n<p><strong>Vad vi g\u00f6r \u2013 \u00e4ndam\u00e5lsbeskrivningen och \u00e4ndam\u00e5l<\/strong><\/p>\n<p>\u201dStiftelsen har till huvudsakligt \u00e4ndam\u00e5l att inom Sverige allm\u00e4nt fr\u00e4mja vetenskaplig forskning och skall d\u00e4r j\u00e4mte inom landet allm\u00e4nt fr\u00e4mja v\u00e5rd och uppfostran av barn, l\u00e4mna underst\u00f6d f\u00f6r beredande av utbildning \u00e5t barn och ungdom samt fr\u00e4mja v\u00e5rd av beh\u00f6vande \u00e5lderstigna, sjuka eller lytta.\u00a0F\u00f6r fr\u00e4mjande av stiftelsens \u00e4ndam\u00e5l m\u00e5 av dess tillg\u00e5ngar utdelas underst\u00f6d, stipendier och andra anslag.\u00a0Stiftelsen m\u00e5 ock genom andra \u00e5tg\u00e4rder och anordningar s\u00f6ka f\u00f6rverkliga sina syften.\u201d<\/p>\n<p>Vi har historiskt fr\u00e4mjat alla delar av \u00e4ndam\u00e5let, men idag \u00e4r v\u00e5rt fokus p\u00e5 projekt, id\u00e9er och individer inom humaniora och samh\u00e4llsvetenskap som tar uttryck genom forskning och utbildning, seminarier eller publicistik.<\/p>\n<p>Stiftelsen ska huvudsakligen inom Sverige allm\u00e4nt fr\u00e4mja vetenskaplig forskning. Hur detta \u201dallm\u00e4nna fr\u00e4mjande\u201d b\u00e4st kommer till st\u00e5nd \u00e4r det styrelsens skyldighet att fastst\u00e4lla. Det sker b\u00e4st genom internationella samarbeten.<\/p>\n<p>Stiftelsen st\u00f6djer individer, id\u00e9er och projekt som i ett l\u00e5ngsiktigt perspektiv b\u00e4r p\u00e5 ett betydande v\u00e4rde f\u00f6r allm\u00e4nheten. Stiftelsen vill b\u00e5de bevara traditioner och fr\u00e4mja f\u00f6rnyelse \u2013 alltid med syfte att st\u00e4rka samh\u00e4llets intellektuella grund. Mottot \u00e4r &#8220;<em>excellens och tillg\u00e4nglighet&#8221;<\/em>.<\/p>\n<p>Samh\u00e4llen utvecklas genom m\u00f6ten mellan m\u00e4nniskor. Stiftelsen \u00e4r en oberoende plattform f\u00f6r intellektuellt meningsutbyte, i Sverige och v\u00e4rlden. Stiftelsen introducerar internationell och tv\u00e4rvetenskaplig humanistisk och samh\u00e4llsvetenskaplig forskning i Sverige och uppmuntrar svenskt deltagande i globala diskussioner \u2013 under devisen <em>\u201dSverige i v\u00e4rlden, v\u00e4rlden i Sverige\u201d<\/em>.<\/p>\n    <\/div>\n<\/div>\n\n\n<div class=\"section-x-padding\">\n    <div class=\"wysiwyg section-inner-width mx-auto my-8\">\n        <p><strong>Hur vi arbetar<\/strong><\/p>\n<p>Stiftelsen initierar och driver egna projekt inom forskning, utbildning, seminarier och publicistik.-Vi n\u00e5r bland annat genom dotterbolagen Axess Publishing och Bokf\u00f6rlaget Stolpe n\u00e5r en bred publik och bidrar d\u00e4rmed till forskningens \u201dtredje uppgift \u2013 \u00a0dvs \u201dsamverkansuppgiften\u201d, att g\u00f6ra akademisk kunskap tillg\u00e4nglig f\u00f6r allm\u00e4nheten. Publicistik \u00e4r d\u00e4rmed en central del av att fr\u00e4mja vetenskaplig forskning.<\/p>\n<p>Stiftelsen st\u00f6djer enskilda forskare, akademiska institutioner och ideella organisationer genom stipendier och anslag.<\/p>\n<p>Stiftelsen har \u00e4ven\u00a0knutit ett antal framst\u00e5ende experter till sig, s\u00e5som f\u00f6r\u00a0The\u00a0Ax:son\u00a0Johnson Institute\u00a0for Statecraft and\u00a0Diplomacy. D\u00e4r har vi knutit\u00a0Professor Brendan Simms, University of Cambridge, Professor Francis Gavin, fr\u00e5n Johns Hopkins,\u00a0och\u00a0Professor John Bew, vid King\u2019s College London.<\/p>\n<p>Stiftelsen finansierar l\u00e5ngsiktiga projekt, utvecklar partnerskap och bygger l\u00e5ngsiktiga relationer med h\u00f6gskolor och universitet. Stiftelsen tar ej emot ans\u00f6kningar, dock tar Stiftelsen i f\u00f6rekommande fall emot projektf\u00f6rslag som sedan granskas av upp till tre av varandra oberoende experter. Om projektf\u00f6rslaget faller inom ramen f\u00f6r Stiftelsens \u00e4ndam\u00e5l och prioriterade omr\u00e5den samt f\u00f6rordas av granskarna, kan Stiftelsen uppmana forskaren att ans\u00f6ka om medel.<\/p>\n<p><strong>Internationellt perspektiv<\/strong><\/p>\n<p>Stiftelsens grundare, generalkonsuln Axel Ax:son Johnson, hade ett globalt och internationellt perspektiv p\u00e5 Sveriges utveckling. D\u00e4rf\u00f6r faller det sig naturligt att styrelsen fastslagit att fr\u00e4mjandet av vetenskaplig forskning fr\u00e4mst sker genom internationella samarbeten.<\/p>\n<p>S\u00e5dan vetenskaplig forskning som \u00e4r till nytta f\u00f6r Sverige och svenska intressen i vid mening \u00e4r v\u00e4l f\u00f6renlig med Stiftelsens \u00e4ndam\u00e5l.<\/p>\n<p>Stiftelsen sammaf\u00f6r forskare fr\u00e5n universitet i Storbritannien, Tyskland och USA med svenska l\u00e4ros\u00e4ten som exempelvis Handelsh\u00f6gskolan och F\u00f6rsvarsh\u00f6gskolan. Stiftelsen anordnar ocks\u00e5 seminarier i Sverige d\u00e4r dessa och andra internationella och svenska forskare m\u00f6ts.\u00a0\u00a0Genom initiativ som <em>The Ax:son Johnson Institute for Statecraft and Diplomacy<\/em>\u00a0bygger vi starka internationella n\u00e4tverk och st\u00e4rker Sveriges r\u00f6st i v\u00e4rlden.<\/p>\n<p><strong>Var vi arbetar<\/strong><\/p>\n<p>V\u00e5rt huvudkontor finns i Nordstjernanhuset p\u00e5 Stureplan i Stockholm. Vi bedriver \u00e4ven verksamhet vid v\u00e4rldsarvet Engelsbergs bruk och p\u00e5 Halewell i Storbritannien \u2013 platser d\u00e4r historia, kultur och id\u00e9utbyte m\u00f6ts.<\/p>\n    <\/div>\n<\/div>","protected":false},"excerpt":{"rendered":"","protected":false},"author":8,"featured_media":0,"parent":0,"menu_order":0,"comment_status":"closed","ping_status":"closed","template":"templates\/template-general.php","meta":{"_acf_changed":false,"footnotes":""},"class_list":["post-616","page","type-page","status-publish","hentry"],"acf":[],"yoast_head":"<!-- This site is optimized with the Yoast SEO plugin v27.3 - https:\/\/yoast.com\/product\/yoast-seo-wordpress\/ -->\n<title>Om oss - Axel and Margaret Ax:son Johnson Foundation for public benefit<\/title>\n<meta name=\"robots\" content=\"index, follow, max-snippet:-1, max-image-preview:large, max-video-preview:-1\" \/>\n<link rel=\"canonical\" href=\"https:\/\/axsonjohnsonfoundation.org\/sv\/om-oss\/\" \/>\n<meta property=\"og:locale\" content=\"sv_SE\" \/>\n<meta property=\"og:type\" content=\"article\" \/>\n<meta property=\"og:title\" content=\"Om oss - Axel and Margaret Ax:son Johnson Foundation for public benefit\" \/>\n<meta property=\"og:url\" content=\"https:\/\/axsonjohnsonfoundation.org\/sv\/om-oss\/\" \/>\n<meta property=\"og:site_name\" content=\"Axel and Margaret Ax:son Johnson Foundation for public benefit\" \/>\n<meta property=\"article:modified_time\" content=\"2025-08-28T14:28:10+00:00\" \/>\n<meta property=\"og:image\" content=\"https:\/\/axsonjohnsonfoundation.org\/wp-content\/uploads\/2022\/05\/big-placeholder-people-1.jpeg\" \/>\n\t<meta property=\"og:image:width\" content=\"1088\" \/>\n\t<meta property=\"og:image:height\" content=\"612\" \/>\n\t<meta property=\"og:image:type\" content=\"image\/jpeg\" \/>\n<meta name=\"twitter:card\" content=\"summary_large_image\" \/>\n<script type=\"application\/ld+json\" class=\"yoast-schema-graph\">{\"@context\":\"https:\\\/\\\/schema.org\",\"@graph\":[{\"@type\":\"WebPage\",\"@id\":\"https:\\\/\\\/axsonjohnsonfoundation.org\\\/sv\\\/om-oss\\\/\",\"url\":\"https:\\\/\\\/axsonjohnsonfoundation.org\\\/sv\\\/om-oss\\\/\",\"name\":\"Om oss - Axel and Margaret Ax:son Johnson Foundation for public benefit\",\"isPartOf\":{\"@id\":\"https:\\\/\\\/axsonjohnsonfoundation.org\\\/sv\\\/#website\"},\"datePublished\":\"2022-05-13T15:10:52+00:00\",\"dateModified\":\"2025-08-28T14:28:10+00:00\",\"breadcrumb\":{\"@id\":\"https:\\\/\\\/axsonjohnsonfoundation.org\\\/sv\\\/om-oss\\\/#breadcrumb\"},\"inLanguage\":\"sv-SE\",\"potentialAction\":[{\"@type\":\"ReadAction\",\"target\":[\"https:\\\/\\\/axsonjohnsonfoundation.org\\\/sv\\\/om-oss\\\/\"]}]},{\"@type\":\"BreadcrumbList\",\"@id\":\"https:\\\/\\\/axsonjohnsonfoundation.org\\\/sv\\\/om-oss\\\/#breadcrumb\",\"itemListElement\":[{\"@type\":\"ListItem\",\"position\":1,\"name\":\"Start\",\"item\":\"\\\/sv\\\/\"},{\"@type\":\"ListItem\",\"position\":2,\"name\":\"Om oss\"}]},{\"@type\":\"WebSite\",\"@id\":\"https:\\\/\\\/axsonjohnsonfoundation.org\\\/sv\\\/#website\",\"url\":\"https:\\\/\\\/axsonjohnsonfoundation.org\\\/sv\\\/\",\"name\":\"Axel and Margaret Ax:son Johnson Foundation for public benefit\",\"description\":\"Promoting scientific and scholarly research\",\"potentialAction\":[{\"@type\":\"SearchAction\",\"target\":{\"@type\":\"EntryPoint\",\"urlTemplate\":\"https:\\\/\\\/axsonjohnsonfoundation.org\\\/sv\\\/?s={search_term_string}\"},\"query-input\":{\"@type\":\"PropertyValueSpecification\",\"valueRequired\":true,\"valueName\":\"search_term_string\"}}],\"inLanguage\":\"sv-SE\"}]}<\/script>\n<!-- \/ Yoast SEO plugin. -->","yoast_head_json":{"title":"Om oss - Axel and Margaret Ax:son Johnson Foundation for public benefit","robots":{"index":"index","follow":"follow","max-snippet":"max-snippet:-1","max-image-preview":"max-image-preview:large","max-video-preview":"max-video-preview:-1"},"canonical":"https:\/\/axsonjohnsonfoundation.org\/sv\/om-oss\/","og_locale":"sv_SE","og_type":"article","og_title":"Om oss - Axel and Margaret Ax:son Johnson Foundation for public benefit","og_url":"https:\/\/axsonjohnsonfoundation.org\/sv\/om-oss\/","og_site_name":"Axel and Margaret Ax:son Johnson Foundation for public benefit","article_modified_time":"2025-08-28T14:28:10+00:00","og_image":[{"width":1088,"height":612,"url":"https:\/\/axsonjohnsonfoundation.org\/wp-content\/uploads\/2022\/05\/big-placeholder-people-1.jpeg","type":"image\/jpeg"}],"twitter_card":"summary_large_image","schema":{"@context":"https:\/\/schema.org","@graph":[{"@type":"WebPage","@id":"https:\/\/axsonjohnsonfoundation.org\/sv\/om-oss\/","url":"https:\/\/axsonjohnsonfoundation.org\/sv\/om-oss\/","name":"Om oss - Axel and Margaret Ax:son Johnson Foundation for public benefit","isPartOf":{"@id":"https:\/\/axsonjohnsonfoundation.org\/sv\/#website"},"datePublished":"2022-05-13T15:10:52+00:00","dateModified":"2025-08-28T14:28:10+00:00","breadcrumb":{"@id":"https:\/\/axsonjohnsonfoundation.org\/sv\/om-oss\/#breadcrumb"},"inLanguage":"sv-SE","potentialAction":[{"@type":"ReadAction","target":["https:\/\/axsonjohnsonfoundation.org\/sv\/om-oss\/"]}]},{"@type":"BreadcrumbList","@id":"https:\/\/axsonjohnsonfoundation.org\/sv\/om-oss\/#breadcrumb","itemListElement":[{"@type":"ListItem","position":1,"name":"Start","item":"\/sv\/"},{"@type":"ListItem","position":2,"name":"Om oss"}]},{"@type":"WebSite","@id":"https:\/\/axsonjohnsonfoundation.org\/sv\/#website","url":"https:\/\/axsonjohnsonfoundation.org\/sv\/","name":"Axel and Margaret Ax:son Johnson Foundation for public benefit","description":"Promoting scientific and scholarly research","potentialAction":[{"@type":"SearchAction","target":{"@type":"EntryPoint","urlTemplate":"https:\/\/axsonjohnsonfoundation.org\/sv\/?s={search_term_string}"},"query-input":{"@type":"PropertyValueSpecification","valueRequired":true,"valueName":"search_term_string"}}],"inLanguage":"sv-SE"}]}},"_links":{"self":[{"href":"https:\/\/axsonjohnsonfoundation.org\/sv\/wp-json\/wp\/v2\/pages\/616","targetHints":{"allow":["GET"]}}],"collection":[{"href":"https:\/\/axsonjohnsonfoundation.org\/sv\/wp-json\/wp\/v2\/pages"}],"about":[{"href":"https:\/\/axsonjohnsonfoundation.org\/sv\/wp-json\/wp\/v2\/types\/page"}],"author":[{"embeddable":true,"href":"https:\/\/axsonjohnsonfoundation.org\/sv\/wp-json\/wp\/v2\/users\/8"}],"replies":[{"embeddable":true,"href":"https:\/\/axsonjohnsonfoundation.org\/sv\/wp-json\/wp\/v2\/comments?post=616"}],"version-history":[{"count":65,"href":"https:\/\/axsonjohnsonfoundation.org\/sv\/wp-json\/wp\/v2\/pages\/616\/revisions"}],"predecessor-version":[{"id":4058,"href":"https:\/\/axsonjohnsonfoundation.org\/sv\/wp-json\/wp\/v2\/pages\/616\/revisions\/4058"}],"wp:attachment":[{"href":"https:\/\/axsonjohnsonfoundation.org\/sv\/wp-json\/wp\/v2\/media?parent=616"}],"curies":[{"name":"wp","href":"https:\/\/api.w.org\/{rel}","templated":true}]}}