{"id":645,"date":"2022-05-15T18:56:03","date_gmt":"2022-05-15T18:56:03","guid":{"rendered":"https:\/\/axel-johnson-stiftelse.ohmytest.se\/?page_id=645"},"modified":"2022-08-29T08:18:09","modified_gmt":"2022-08-29T08:18:09","slug":"historia","status":"publish","type":"page","link":"https:\/\/axsonjohnsonfoundation.org\/sv\/om-oss\/historia\/","title":{"rendered":"Historia"},"content":{"rendered":"\n\n\n<div class=\"section-x-padding\">\n    <p class=\"body-xl section-inner-width mx-auto my-8\">\n        Familjen Ax:son Johnson, vars namn stiftelsen b\u00e4r, har en l\u00e5ng historia av filantropi och allm\u00e4nnytta bakom sig. Det b\u00f6rjade med Nordstjernans grundare Axel Johnson (1844-1910), vars testamente f\u00f6reskrev en st\u00f6rre donation till grundandet av den geologiska institutionen vid Stockholms h\u00f6gskola.    <\/p>\n<\/div>\n\n\n<div class=\"section-x-padding\">\n    <div class=\"wysiwyg section-inner-width mx-auto my-8\">\n        <p>Hans \u00e4ldsta son, Axel Ax:son Johnson fortsatte p\u00e5 den inslagna v\u00e4gen och utvecklade en aktiv donationskultur. M\u00e5nga donationer har pr\u00e4glats av ett internationellt engagemang. Axel Ax:son Johnson st\u00f6ttade forskningsexpeditioner och spr\u00e5kvetenskap och engagerade sig \u00e4ven i humanit\u00e4r hj\u00e4lpverksamhet, bland annat under andra v\u00e4rldskriget. Axel Ax:son Johnsons st\u00f6d till den allierade krigsinsatsen bel\u00f6nades 1948 av Storbritannien med utm\u00e4rkelsen The Most Excellent Commander of the British Empire.<\/p>\n<p>Axel Ax:son Johnsons donationsfilosofi pr\u00e4glades av en tro p\u00e5 liberala ideal som individualism och n\u00e4ringsfrihet. Mellan 1944 och 1954 gav han st\u00f6d till frihetliga tidningar och skribenter som ett svar p\u00e5 Ernst Wigforss efterkrigsprogram som syftade till bland annat socialisering av n\u00e4ringslivet.<\/p>\n    <\/div>\n<\/div>\n\n\n<div class=\"section-y-margin section-x-padding\">\n    <blockquote class=\"section-inner-width mx-auto border-l-9 border-beige-400 pl-5 text-22 xs:text-36 leading-snug\">\n        Axel Ax:son Johnsons donationsfilosofi pr\u00e4glades av en tro p\u00e5 liberala ideal som individualism och n\u00e4ringsfrihet.            <\/blockquote>\n<\/div>\n\n\n<div class=\"section-x-padding\">\n    <div class=\"wysiwyg section-inner-width mx-auto my-8\">\n        <p>Han finansierade och var fram till 1944 ledamot av Kulturr\u00e5det, idag Svenska institutet, och var medgrundare av V\u00e4rldsnaturfonden. \u00c5r 1946 r\u00e4ddade han Svenska Pennklubben fr\u00e5n konkurs med den st\u00f6rsta enskilda penningg\u00e5van fr\u00e5n en privatperson till klubben. Medlen kunde ocks\u00e5 finansiera stipendier f\u00f6r utlandsstudier. I donationshistoriken kan man ocks\u00e5 notera betydande st\u00f6d till Sveriges f\u00f6rsvar. Bland annat sk\u00e4nktes stora belopp till utvecklandet av Salas luftv\u00e4rn.<\/p>\n<p>1947 grundade Axel Ax:son Johnson, tillsammans med sin hustru Margaret, Axel och Margaret Ax:son Johnson stiftelse f\u00f6r allm\u00e4nnyttiga \u00e4ndam\u00e5l.<\/p>\n    <\/div>\n<\/div>\n\n\n<div\n    class=\"group-hover:border-blue-600 group-hover:text-blue-600 group-hover:border-beige-400 group-hover:text-beige-400 hidden\">\n<\/div>\n\n<section class=\"section-x-padding py-4\n    bg-beige-400    mx-auto section-inner-width section-y-margin\">\n            <div class=\"\n        text-black border-red-200        relative border-b-1 last:border-b-0 sm:border-b py-4 section-inner-width mx-auto\n    \">\n        <a href=\"https:\/\/axsonjohnsonfoundation.org\/sv\/om-oss\/\"  class=\"heading-md mb-2 group\">\n            <span\n                class=\"border-b border-transparent group-hover:border-blue-600 group-hover:text-blue-600\">\n                Om oss            <\/span>\n            <svg class=\"inline-block transform text-black group-hover:text-blue-600 group-hover:translate-x-0.5\n                        transition-transform duration-200 pb-0.5 ml-0.5\" width=\"9\" height=\"16\" viewBox=\"0 0 9 16\"\n                fill=\"none\" xmlns=\"http:\/\/www.w3.org\/2000\/svg\">\n                <path d=\"M1.5 1.5L7.5 8L1.5 14.5\" stroke=\"currentColor\" stroke-width=\"1.5\" \/>\n            <\/svg>\n        <\/a>\n        <p class=\"body-sm antialiased-none mt-2\">\n            Axel och Margaret Ax:son Johnsons stiftelse f\u00f6r allm\u00e4nnyttiga \u00e4ndam\u00e5l \u00e4r en privat stiftelse med det prim\u00e4ra syftet att fr\u00e4mja vetenskaplig forskning och utbildning.         <\/p>\n    <\/div>\n            <div class=\"\n        text-black border-red-200        relative border-b-1 last:border-b-0 sm:border-b py-4 section-inner-width mx-auto\n    \">\n        <a href=\"https:\/\/axsonjohnsonfoundation.org\/sv\/om-oss\/stiftelsens-organisation\/\"  class=\"heading-md mb-2 group\">\n            <span\n                class=\"border-b border-transparent group-hover:border-blue-600 group-hover:text-blue-600\">\n                Organisation            <\/span>\n            <svg class=\"inline-block transform text-black group-hover:text-blue-600 group-hover:translate-x-0.5\n                        transition-transform duration-200 pb-0.5 ml-0.5\" width=\"9\" height=\"16\" viewBox=\"0 0 9 16\"\n                fill=\"none\" xmlns=\"http:\/\/www.w3.org\/2000\/svg\">\n                <path d=\"M1.5 1.5L7.5 8L1.5 14.5\" stroke=\"currentColor\" stroke-width=\"1.5\" \/>\n            <\/svg>\n        <\/a>\n        <p class=\"body-sm antialiased-none mt-2\">\n            Stiftelsen \u00e4r en operativ stiftelse som st\u00f6der forskning och utbildning, arrangerar seminarier och bedriver publicistisk verksamhet.        <\/p>\n    <\/div>\n            <div class=\"\n        text-black border-red-200        relative border-b-1 last:border-b-0 sm:border-b py-4 section-inner-width mx-auto\n    \">\n        <a href=\"https:\/\/axsonjohnsonfoundation.org\/sv\/om-oss\/projekt\/\"  class=\"heading-md mb-2 group\">\n            <span\n                class=\"border-b border-transparent group-hover:border-blue-600 group-hover:text-blue-600\">\n                Kontakt            <\/span>\n            <svg class=\"inline-block transform text-black group-hover:text-blue-600 group-hover:translate-x-0.5\n                        transition-transform duration-200 pb-0.5 ml-0.5\" width=\"9\" height=\"16\" viewBox=\"0 0 9 16\"\n                fill=\"none\" xmlns=\"http:\/\/www.w3.org\/2000\/svg\">\n                <path d=\"M1.5 1.5L7.5 8L1.5 14.5\" stroke=\"currentColor\" stroke-width=\"1.5\" \/>\n            <\/svg>\n        <\/a>\n        <p class=\"body-sm antialiased-none mt-2\">\n            Stiftelsen initierar sj\u00e4lv forskningsprojekt och tar ej emot ans\u00f6kningar. Stiftelsen tar dock i f\u00f6rekommande fall emot f\u00f6rslag i form av projektbeskrivningar.        <\/p>\n    <\/div>\n    <\/section>","protected":false},"excerpt":{"rendered":"","protected":false},"author":8,"featured_media":0,"parent":616,"menu_order":0,"comment_status":"closed","ping_status":"closed","template":"templates\/template-general.php","meta":{"_acf_changed":false,"footnotes":""},"class_list":["post-645","page","type-page","status-publish","hentry"],"acf":[],"yoast_head":"<!-- This site is optimized with the Yoast SEO plugin v27.4 - https:\/\/yoast.com\/product\/yoast-seo-wordpress\/ -->\n<title>Historia - Axel and Margaret Ax:son Johnson Foundation for public benefit<\/title>\n<meta name=\"robots\" content=\"index, follow, max-snippet:-1, max-image-preview:large, max-video-preview:-1\" \/>\n<link rel=\"canonical\" href=\"https:\/\/axsonjohnsonfoundation.org\/sv\/om-oss\/historia\/\" \/>\n<meta property=\"og:locale\" content=\"sv_SE\" \/>\n<meta property=\"og:type\" content=\"article\" \/>\n<meta property=\"og:title\" content=\"Historia - Axel and Margaret Ax:son Johnson Foundation for public benefit\" \/>\n<meta property=\"og:url\" content=\"https:\/\/axsonjohnsonfoundation.org\/sv\/om-oss\/historia\/\" \/>\n<meta property=\"og:site_name\" content=\"Axel and Margaret Ax:son Johnson Foundation for public benefit\" \/>\n<meta property=\"article:modified_time\" content=\"2022-08-29T08:18:09+00:00\" \/>\n<meta property=\"og:image\" content=\"https:\/\/axsonjohnsonfoundation.org\/wp-content\/uploads\/2022\/05\/big-placeholder-people-1.jpeg\" \/>\n\t<meta property=\"og:image:width\" content=\"1088\" \/>\n\t<meta property=\"og:image:height\" content=\"612\" \/>\n\t<meta property=\"og:image:type\" content=\"image\/jpeg\" \/>\n<meta name=\"twitter:card\" content=\"summary_large_image\" \/>\n<script type=\"application\/ld+json\" class=\"yoast-schema-graph\">{\"@context\":\"https:\\\/\\\/schema.org\",\"@graph\":[{\"@type\":\"WebPage\",\"@id\":\"https:\\\/\\\/axsonjohnsonfoundation.org\\\/sv\\\/om-oss\\\/historia\\\/\",\"url\":\"https:\\\/\\\/axsonjohnsonfoundation.org\\\/sv\\\/om-oss\\\/historia\\\/\",\"name\":\"Historia - Axel and Margaret Ax:son Johnson Foundation for public benefit\",\"isPartOf\":{\"@id\":\"https:\\\/\\\/axsonjohnsonfoundation.org\\\/sv\\\/#website\"},\"datePublished\":\"2022-05-15T18:56:03+00:00\",\"dateModified\":\"2022-08-29T08:18:09+00:00\",\"breadcrumb\":{\"@id\":\"https:\\\/\\\/axsonjohnsonfoundation.org\\\/sv\\\/om-oss\\\/historia\\\/#breadcrumb\"},\"inLanguage\":\"sv-SE\",\"potentialAction\":[{\"@type\":\"ReadAction\",\"target\":[\"https:\\\/\\\/axsonjohnsonfoundation.org\\\/sv\\\/om-oss\\\/historia\\\/\"]}]},{\"@type\":\"BreadcrumbList\",\"@id\":\"https:\\\/\\\/axsonjohnsonfoundation.org\\\/sv\\\/om-oss\\\/historia\\\/#breadcrumb\",\"itemListElement\":[{\"@type\":\"ListItem\",\"position\":1,\"name\":\"Start\",\"item\":\"\\\/sv\\\/\"},{\"@type\":\"ListItem\",\"position\":2,\"name\":\"Om oss\",\"item\":\"https:\\\/\\\/axsonjohnsonfoundation.org\\\/sv\\\/om-oss\\\/\"},{\"@type\":\"ListItem\",\"position\":3,\"name\":\"Historia\"}]},{\"@type\":\"WebSite\",\"@id\":\"https:\\\/\\\/axsonjohnsonfoundation.org\\\/sv\\\/#website\",\"url\":\"https:\\\/\\\/axsonjohnsonfoundation.org\\\/sv\\\/\",\"name\":\"Axel and Margaret Ax:son Johnson Foundation for public benefit\",\"description\":\"Promoting scientific and scholarly research\",\"potentialAction\":[{\"@type\":\"SearchAction\",\"target\":{\"@type\":\"EntryPoint\",\"urlTemplate\":\"https:\\\/\\\/axsonjohnsonfoundation.org\\\/sv\\\/?s={search_term_string}\"},\"query-input\":{\"@type\":\"PropertyValueSpecification\",\"valueRequired\":true,\"valueName\":\"search_term_string\"}}],\"inLanguage\":\"sv-SE\"}]}<\/script>\n<!-- \/ Yoast SEO plugin. -->","yoast_head_json":{"title":"Historia - Axel and Margaret Ax:son Johnson Foundation for public benefit","robots":{"index":"index","follow":"follow","max-snippet":"max-snippet:-1","max-image-preview":"max-image-preview:large","max-video-preview":"max-video-preview:-1"},"canonical":"https:\/\/axsonjohnsonfoundation.org\/sv\/om-oss\/historia\/","og_locale":"sv_SE","og_type":"article","og_title":"Historia - Axel and Margaret Ax:son Johnson Foundation for public benefit","og_url":"https:\/\/axsonjohnsonfoundation.org\/sv\/om-oss\/historia\/","og_site_name":"Axel and Margaret Ax:son Johnson Foundation for public benefit","article_modified_time":"2022-08-29T08:18:09+00:00","og_image":[{"width":1088,"height":612,"url":"https:\/\/axsonjohnsonfoundation.org\/wp-content\/uploads\/2022\/05\/big-placeholder-people-1.jpeg","type":"image\/jpeg"}],"twitter_card":"summary_large_image","schema":{"@context":"https:\/\/schema.org","@graph":[{"@type":"WebPage","@id":"https:\/\/axsonjohnsonfoundation.org\/sv\/om-oss\/historia\/","url":"https:\/\/axsonjohnsonfoundation.org\/sv\/om-oss\/historia\/","name":"Historia - Axel and Margaret Ax:son Johnson Foundation for public benefit","isPartOf":{"@id":"https:\/\/axsonjohnsonfoundation.org\/sv\/#website"},"datePublished":"2022-05-15T18:56:03+00:00","dateModified":"2022-08-29T08:18:09+00:00","breadcrumb":{"@id":"https:\/\/axsonjohnsonfoundation.org\/sv\/om-oss\/historia\/#breadcrumb"},"inLanguage":"sv-SE","potentialAction":[{"@type":"ReadAction","target":["https:\/\/axsonjohnsonfoundation.org\/sv\/om-oss\/historia\/"]}]},{"@type":"BreadcrumbList","@id":"https:\/\/axsonjohnsonfoundation.org\/sv\/om-oss\/historia\/#breadcrumb","itemListElement":[{"@type":"ListItem","position":1,"name":"Start","item":"\/sv\/"},{"@type":"ListItem","position":2,"name":"Om oss","item":"https:\/\/axsonjohnsonfoundation.org\/sv\/om-oss\/"},{"@type":"ListItem","position":3,"name":"Historia"}]},{"@type":"WebSite","@id":"https:\/\/axsonjohnsonfoundation.org\/sv\/#website","url":"https:\/\/axsonjohnsonfoundation.org\/sv\/","name":"Axel and Margaret Ax:son Johnson Foundation for public benefit","description":"Promoting scientific and scholarly research","potentialAction":[{"@type":"SearchAction","target":{"@type":"EntryPoint","urlTemplate":"https:\/\/axsonjohnsonfoundation.org\/sv\/?s={search_term_string}"},"query-input":{"@type":"PropertyValueSpecification","valueRequired":true,"valueName":"search_term_string"}}],"inLanguage":"sv-SE"}]}},"_links":{"self":[{"href":"https:\/\/axsonjohnsonfoundation.org\/sv\/wp-json\/wp\/v2\/pages\/645","targetHints":{"allow":["GET"]}}],"collection":[{"href":"https:\/\/axsonjohnsonfoundation.org\/sv\/wp-json\/wp\/v2\/pages"}],"about":[{"href":"https:\/\/axsonjohnsonfoundation.org\/sv\/wp-json\/wp\/v2\/types\/page"}],"author":[{"embeddable":true,"href":"https:\/\/axsonjohnsonfoundation.org\/sv\/wp-json\/wp\/v2\/users\/8"}],"replies":[{"embeddable":true,"href":"https:\/\/axsonjohnsonfoundation.org\/sv\/wp-json\/wp\/v2\/comments?post=645"}],"version-history":[{"count":37,"href":"https:\/\/axsonjohnsonfoundation.org\/sv\/wp-json\/wp\/v2\/pages\/645\/revisions"}],"predecessor-version":[{"id":2194,"href":"https:\/\/axsonjohnsonfoundation.org\/sv\/wp-json\/wp\/v2\/pages\/645\/revisions\/2194"}],"up":[{"embeddable":true,"href":"https:\/\/axsonjohnsonfoundation.org\/sv\/wp-json\/wp\/v2\/pages\/616"}],"wp:attachment":[{"href":"https:\/\/axsonjohnsonfoundation.org\/sv\/wp-json\/wp\/v2\/media?parent=645"}],"curies":[{"name":"wp","href":"https:\/\/api.w.org\/{rel}","templated":true}]}}