{"id":663,"date":"2022-06-10T15:46:43","date_gmt":"2022-06-10T15:46:43","guid":{"rendered":"https:\/\/axel-johnson-stiftelse.ohmytest.se\/?page_id=663"},"modified":"2025-08-28T14:29:26","modified_gmt":"2025-08-28T14:29:26","slug":"projekt","status":"publish","type":"page","link":"https:\/\/axsonjohnsonfoundation.org\/sv\/om-oss\/projekt\/","title":{"rendered":"Kontakt"},"content":{"rendered":"\n<div class=\"section-x-padding\">\n    <p class=\"body-xl section-inner-width mx-auto my-8\">\n        Stiftelsen initierar sj\u00e4lv forskningsprojekt och tar ej emot ans\u00f6kningar. Stiftelsen tar dock i f\u00f6rekommande fall emot f\u00f6rslag i form av projektbeskrivningar som granskas av upp till tre av varandra oberoende experter.    <\/p>\n<\/div>\n\n\n<div class=\"section-x-padding\">\n    <div class=\"wysiwyg section-inner-width mx-auto my-8\">\n        <p>Om ett projektf\u00f6rslag faller inom ramen f\u00f6r stiftelsens \u00e4ndam\u00e5l och prioriterade omr\u00e5den, samt f\u00f6rordas av granskarna, kan stiftelsen komma att uppmana forskaren att ans\u00f6ka om medel. Stiftelsens styrelse fattar d\u00e4refter i normalfallet beslut om eventuellt st\u00f6d vid styrelsem\u00f6te i november varje \u00e5r.<\/p>\n<h3><strong>Projektbeskrivning<\/strong><\/h3>\n<p>Ins\u00e4nda projektbeskrivningar ska vara h\u00f6gst sex sidor och ha dubbelt radavst\u00e5nd. De ska inneh\u00e5lla en beskrivning av aktuell forskning, det underutforskade omr\u00e5de som projektet \u00e4mnar bidra till, potentiella resultat samt cv, personligt brev och tre referenser.<\/p>\n<p>Observera att stiftelsen inte ger produktionsst\u00f6d till tidskrifter, b\u00f6cker och avhandlingar, ej heller st\u00f6d till \u00f6vers\u00e4ttningar av befintliga b\u00f6cker och avhandlingar.<\/p>\n<p>Stiftelsen agerar ej heller f\u00f6rlag f\u00f6r andras tidskrifter, b\u00f6cker eller avhandlingar.<\/p>\n<p>Stiftelsen ger inte st\u00f6d till seminarier och konferenser, ej heller till s\u00e4rskilt deltagande i seminarier och konferenser.<\/p>\n<p>Projektbeskrivning skickas till <a href=\"mailto:info@axsonjohnsonstiftelsen.se\">info@axsonjohnsonstiftelsen.se<\/a><\/p>\n    <\/div>\n<\/div>\n\n\n<div\n    class=\"group-hover:border-blue-600 group-hover:text-blue-600 group-hover:border-beige-400 group-hover:text-beige-400 hidden\">\n<\/div>\n\n<section class=\"section-x-padding py-4\n    bg-beige-400    mx-auto section-inner-width section-y-margin\">\n            <div class=\"\n        text-black border-red-200        relative border-b-1 last:border-b-0 sm:border-b py-4 section-inner-width mx-auto\n    \">\n        <a href=\"https:\/\/axsonjohnsonfoundation.org\/sv\/om-oss\/\"  class=\"heading-md mb-2 group\">\n            <span\n                class=\"border-b border-transparent group-hover:border-blue-600 group-hover:text-blue-600\">\n                Om oss            <\/span>\n            <svg class=\"inline-block transform text-black group-hover:text-blue-600 group-hover:translate-x-0.5\n                        transition-transform duration-200 pb-0.5 ml-0.5\" width=\"9\" height=\"16\" viewBox=\"0 0 9 16\"\n                fill=\"none\" xmlns=\"http:\/\/www.w3.org\/2000\/svg\">\n                <path d=\"M1.5 1.5L7.5 8L1.5 14.5\" stroke=\"currentColor\" stroke-width=\"1.5\" \/>\n            <\/svg>\n        <\/a>\n        <p class=\"body-sm antialiased-none mt-2\">\n            Axel och Margaret Ax:son Johnsons stiftelse f\u00f6r allm\u00e4nnyttiga \u00e4ndam\u00e5l \u00e4r en privat stiftelse med syfte att fr\u00e4mja vetenskaplig forskning och utbildning.        <\/p>\n    <\/div>\n            <div class=\"\n        text-black border-red-200        relative border-b-1 last:border-b-0 sm:border-b py-4 section-inner-width mx-auto\n    \">\n        <a href=\"https:\/\/axsonjohnsonfoundation.org\/sv\/om-oss\/historia\/\"  class=\"heading-md mb-2 group\">\n            <span\n                class=\"border-b border-transparent group-hover:border-blue-600 group-hover:text-blue-600\">\n                Historia            <\/span>\n            <svg class=\"inline-block transform text-black group-hover:text-blue-600 group-hover:translate-x-0.5\n                        transition-transform duration-200 pb-0.5 ml-0.5\" width=\"9\" height=\"16\" viewBox=\"0 0 9 16\"\n                fill=\"none\" xmlns=\"http:\/\/www.w3.org\/2000\/svg\">\n                <path d=\"M1.5 1.5L7.5 8L1.5 14.5\" stroke=\"currentColor\" stroke-width=\"1.5\" \/>\n            <\/svg>\n        <\/a>\n        <p class=\"body-sm antialiased-none mt-2\">\n            Familjen Ax:son Johnson, vars namn stiftelsen b\u00e4r, har en l\u00e5ng historia av filantropi och allm\u00e4nnytta bakom sig.        <\/p>\n    <\/div>\n            <div class=\"\n        text-black border-red-200        relative border-b-1 last:border-b-0 sm:border-b py-4 section-inner-width mx-auto\n    \">\n        <a href=\"https:\/\/axsonjohnsonfoundation.org\/sv\/om-oss\/stiftelsens-organisation\/\"  class=\"heading-md mb-2 group\">\n            <span\n                class=\"border-b border-transparent group-hover:border-blue-600 group-hover:text-blue-600\">\n                Organisation            <\/span>\n            <svg class=\"inline-block transform text-black group-hover:text-blue-600 group-hover:translate-x-0.5\n                        transition-transform duration-200 pb-0.5 ml-0.5\" width=\"9\" height=\"16\" viewBox=\"0 0 9 16\"\n                fill=\"none\" xmlns=\"http:\/\/www.w3.org\/2000\/svg\">\n                <path d=\"M1.5 1.5L7.5 8L1.5 14.5\" stroke=\"currentColor\" stroke-width=\"1.5\" \/>\n            <\/svg>\n        <\/a>\n        <p class=\"body-sm antialiased-none mt-2\">\n            Stiftelsens styrelse har det yttersta ansvaret f\u00f6r f\u00f6rvaltningen vilket innefattar utdelning av anslag. Stiftelsens dagliga verksamhet leds av den verkst\u00e4llande direkt\u00f6ren som \u00e4ven ansvarar f\u00f6r beredning av projekt. F\u00f6r bed\u00f6mning av projekt anlitas externa experter och r\u00e5dgivare.        <\/p>\n    <\/div>\n    <\/section>","protected":false},"excerpt":{"rendered":"","protected":false},"author":8,"featured_media":0,"parent":616,"menu_order":0,"comment_status":"closed","ping_status":"closed","template":"templates\/template-general.php","meta":{"_acf_changed":false,"footnotes":""},"class_list":["post-663","page","type-page","status-publish","hentry"],"acf":[],"yoast_head":"<!-- This site is optimized with the Yoast SEO plugin v27.4 - https:\/\/yoast.com\/product\/yoast-seo-wordpress\/ -->\n<title>Kontakt - Axel and Margaret Ax:son Johnson Foundation for public benefit<\/title>\n<meta name=\"robots\" content=\"index, follow, max-snippet:-1, max-image-preview:large, max-video-preview:-1\" \/>\n<link rel=\"canonical\" href=\"https:\/\/axsonjohnsonfoundation.org\/sv\/om-oss\/projekt\/\" \/>\n<meta property=\"og:locale\" content=\"sv_SE\" \/>\n<meta property=\"og:type\" content=\"article\" \/>\n<meta property=\"og:title\" content=\"Kontakt - Axel and Margaret Ax:son Johnson Foundation for public benefit\" \/>\n<meta property=\"og:url\" content=\"https:\/\/axsonjohnsonfoundation.org\/sv\/om-oss\/projekt\/\" \/>\n<meta property=\"og:site_name\" content=\"Axel and Margaret Ax:son Johnson Foundation for public benefit\" \/>\n<meta property=\"article:modified_time\" content=\"2025-08-28T14:29:26+00:00\" \/>\n<meta property=\"og:image\" content=\"https:\/\/axsonjohnsonfoundation.org\/wp-content\/uploads\/2022\/05\/big-placeholder-people-1.jpeg\" \/>\n\t<meta property=\"og:image:width\" content=\"1088\" \/>\n\t<meta property=\"og:image:height\" content=\"612\" \/>\n\t<meta property=\"og:image:type\" content=\"image\/jpeg\" \/>\n<meta name=\"twitter:card\" content=\"summary_large_image\" \/>\n<script type=\"application\/ld+json\" class=\"yoast-schema-graph\">{\"@context\":\"https:\\\/\\\/schema.org\",\"@graph\":[{\"@type\":\"WebPage\",\"@id\":\"https:\\\/\\\/axsonjohnsonfoundation.org\\\/sv\\\/om-oss\\\/projekt\\\/\",\"url\":\"https:\\\/\\\/axsonjohnsonfoundation.org\\\/sv\\\/om-oss\\\/projekt\\\/\",\"name\":\"Kontakt - Axel and Margaret Ax:son Johnson Foundation for public benefit\",\"isPartOf\":{\"@id\":\"https:\\\/\\\/axsonjohnsonfoundation.org\\\/sv\\\/#website\"},\"datePublished\":\"2022-06-10T15:46:43+00:00\",\"dateModified\":\"2025-08-28T14:29:26+00:00\",\"breadcrumb\":{\"@id\":\"https:\\\/\\\/axsonjohnsonfoundation.org\\\/sv\\\/om-oss\\\/projekt\\\/#breadcrumb\"},\"inLanguage\":\"sv-SE\",\"potentialAction\":[{\"@type\":\"ReadAction\",\"target\":[\"https:\\\/\\\/axsonjohnsonfoundation.org\\\/sv\\\/om-oss\\\/projekt\\\/\"]}]},{\"@type\":\"BreadcrumbList\",\"@id\":\"https:\\\/\\\/axsonjohnsonfoundation.org\\\/sv\\\/om-oss\\\/projekt\\\/#breadcrumb\",\"itemListElement\":[{\"@type\":\"ListItem\",\"position\":1,\"name\":\"Start\",\"item\":\"\\\/sv\\\/\"},{\"@type\":\"ListItem\",\"position\":2,\"name\":\"Om oss\",\"item\":\"https:\\\/\\\/axsonjohnsonfoundation.org\\\/sv\\\/om-oss\\\/\"},{\"@type\":\"ListItem\",\"position\":3,\"name\":\"Kontakt\"}]},{\"@type\":\"WebSite\",\"@id\":\"https:\\\/\\\/axsonjohnsonfoundation.org\\\/sv\\\/#website\",\"url\":\"https:\\\/\\\/axsonjohnsonfoundation.org\\\/sv\\\/\",\"name\":\"Axel and Margaret Ax:son Johnson Foundation for public benefit\",\"description\":\"Promoting scientific and scholarly research\",\"potentialAction\":[{\"@type\":\"SearchAction\",\"target\":{\"@type\":\"EntryPoint\",\"urlTemplate\":\"https:\\\/\\\/axsonjohnsonfoundation.org\\\/sv\\\/?s={search_term_string}\"},\"query-input\":{\"@type\":\"PropertyValueSpecification\",\"valueRequired\":true,\"valueName\":\"search_term_string\"}}],\"inLanguage\":\"sv-SE\"}]}<\/script>\n<!-- \/ Yoast SEO plugin. -->","yoast_head_json":{"title":"Kontakt - Axel and Margaret Ax:son Johnson Foundation for public benefit","robots":{"index":"index","follow":"follow","max-snippet":"max-snippet:-1","max-image-preview":"max-image-preview:large","max-video-preview":"max-video-preview:-1"},"canonical":"https:\/\/axsonjohnsonfoundation.org\/sv\/om-oss\/projekt\/","og_locale":"sv_SE","og_type":"article","og_title":"Kontakt - Axel and Margaret Ax:son Johnson Foundation for public benefit","og_url":"https:\/\/axsonjohnsonfoundation.org\/sv\/om-oss\/projekt\/","og_site_name":"Axel and Margaret Ax:son Johnson Foundation for public benefit","article_modified_time":"2025-08-28T14:29:26+00:00","og_image":[{"width":1088,"height":612,"url":"https:\/\/axsonjohnsonfoundation.org\/wp-content\/uploads\/2022\/05\/big-placeholder-people-1.jpeg","type":"image\/jpeg"}],"twitter_card":"summary_large_image","schema":{"@context":"https:\/\/schema.org","@graph":[{"@type":"WebPage","@id":"https:\/\/axsonjohnsonfoundation.org\/sv\/om-oss\/projekt\/","url":"https:\/\/axsonjohnsonfoundation.org\/sv\/om-oss\/projekt\/","name":"Kontakt - Axel and Margaret Ax:son Johnson Foundation for public benefit","isPartOf":{"@id":"https:\/\/axsonjohnsonfoundation.org\/sv\/#website"},"datePublished":"2022-06-10T15:46:43+00:00","dateModified":"2025-08-28T14:29:26+00:00","breadcrumb":{"@id":"https:\/\/axsonjohnsonfoundation.org\/sv\/om-oss\/projekt\/#breadcrumb"},"inLanguage":"sv-SE","potentialAction":[{"@type":"ReadAction","target":["https:\/\/axsonjohnsonfoundation.org\/sv\/om-oss\/projekt\/"]}]},{"@type":"BreadcrumbList","@id":"https:\/\/axsonjohnsonfoundation.org\/sv\/om-oss\/projekt\/#breadcrumb","itemListElement":[{"@type":"ListItem","position":1,"name":"Start","item":"\/sv\/"},{"@type":"ListItem","position":2,"name":"Om oss","item":"https:\/\/axsonjohnsonfoundation.org\/sv\/om-oss\/"},{"@type":"ListItem","position":3,"name":"Kontakt"}]},{"@type":"WebSite","@id":"https:\/\/axsonjohnsonfoundation.org\/sv\/#website","url":"https:\/\/axsonjohnsonfoundation.org\/sv\/","name":"Axel and Margaret Ax:son Johnson Foundation for public benefit","description":"Promoting scientific and scholarly research","potentialAction":[{"@type":"SearchAction","target":{"@type":"EntryPoint","urlTemplate":"https:\/\/axsonjohnsonfoundation.org\/sv\/?s={search_term_string}"},"query-input":{"@type":"PropertyValueSpecification","valueRequired":true,"valueName":"search_term_string"}}],"inLanguage":"sv-SE"}]}},"_links":{"self":[{"href":"https:\/\/axsonjohnsonfoundation.org\/sv\/wp-json\/wp\/v2\/pages\/663","targetHints":{"allow":["GET"]}}],"collection":[{"href":"https:\/\/axsonjohnsonfoundation.org\/sv\/wp-json\/wp\/v2\/pages"}],"about":[{"href":"https:\/\/axsonjohnsonfoundation.org\/sv\/wp-json\/wp\/v2\/types\/page"}],"author":[{"embeddable":true,"href":"https:\/\/axsonjohnsonfoundation.org\/sv\/wp-json\/wp\/v2\/users\/8"}],"replies":[{"embeddable":true,"href":"https:\/\/axsonjohnsonfoundation.org\/sv\/wp-json\/wp\/v2\/comments?post=663"}],"version-history":[{"count":26,"href":"https:\/\/axsonjohnsonfoundation.org\/sv\/wp-json\/wp\/v2\/pages\/663\/revisions"}],"predecessor-version":[{"id":4059,"href":"https:\/\/axsonjohnsonfoundation.org\/sv\/wp-json\/wp\/v2\/pages\/663\/revisions\/4059"}],"up":[{"embeddable":true,"href":"https:\/\/axsonjohnsonfoundation.org\/sv\/wp-json\/wp\/v2\/pages\/616"}],"wp:attachment":[{"href":"https:\/\/axsonjohnsonfoundation.org\/sv\/wp-json\/wp\/v2\/media?parent=663"}],"curies":[{"name":"wp","href":"https:\/\/api.w.org\/{rel}","templated":true}]}}