{"id":677,"date":"2022-06-10T11:00:37","date_gmt":"2022-06-10T11:00:37","guid":{"rendered":"https:\/\/axel-johnson-stiftelse.ohmytest.se\/?page_id=677"},"modified":"2022-08-29T08:17:38","modified_gmt":"2022-08-29T08:17:38","slug":"halewell","status":"publish","type":"page","link":"https:\/\/axsonjohnsonfoundation.org\/sv\/om-oss\/halewell\/","title":{"rendered":"Halewell"},"content":{"rendered":"\n<div class=\"section-y-margin flex flex-col items-center\">\n    \n<section class=\"section-inner-width\">\n    <picture class=\"block\">\n                    <source width=\"872\" height=\"490\" data-srcset=\"https:\/\/images.ohmyhosting.se\/zdb3SvJsw3Rj33wMIdl3Pbdtteg=\/872x490\/smart\/filters:quality(85)\/https%3A%2F%2Faxsonjohnsonfoundation.org%2Fwp-content%2Fuploads%2F2022%2F06%2FHalewell-inla%CC%88ggsbild.jpg 1x,\n                https:\/\/images.ohmyhosting.se\/HpkmY5JhBkOxrsLRW8kqEnt-pt0=\/1744x980\/smart\/filters:quality(85)\/https%3A%2F%2Faxsonjohnsonfoundation.org%2Fwp-content%2Fuploads%2F2022%2F06%2FHalewell-inla%CC%88ggsbild.jpg 2x\" media=\"(min-width: 769px)\" \/>\n            <source width=\"768\" height=\"432\" data-srcset=\"https:\/\/images.ohmyhosting.se\/h4pSFPyMCMnoNcUPokZonk7u0Pk=\/768x432\/smart\/filters:quality(85)\/https%3A%2F%2Faxsonjohnsonfoundation.org%2Fwp-content%2Fuploads%2F2022%2F06%2FHalewell-inla%CC%88ggsbild.jpg 1x,\n                https:\/\/images.ohmyhosting.se\/9Ox69VG68oIX2bOlKTQ9WXGT4sA=\/1536x864\/smart\/filters:quality(85)\/https%3A%2F%2Faxsonjohnsonfoundation.org%2Fwp-content%2Fuploads%2F2022%2F06%2FHalewell-inla%CC%88ggsbild.jpg 2x\" media=\"(min-width: 641px)\" \/>\n            <source width=\"640\" height=\"360\" data-srcset=\"https:\/\/images.ohmyhosting.se\/3E_jY8racogyy1gxBJXtdComl2M=\/640x360\/smart\/filters:quality(85)\/https%3A%2F%2Faxsonjohnsonfoundation.org%2Fwp-content%2Fuploads%2F2022%2F06%2FHalewell-inla%CC%88ggsbild.jpg 1x,\n                https:\/\/images.ohmyhosting.se\/AQ1xcC4mUeCUaaQmKeUr7Kyey_E=\/1280x720\/smart\/filters:quality(85)\/https%3A%2F%2Faxsonjohnsonfoundation.org%2Fwp-content%2Fuploads%2F2022%2F06%2FHalewell-inla%CC%88ggsbild.jpg 2x\" media=\"(min-width: 501px)\" \/>\n            <source width=\"500\" height=\"281\" data-srcset=\"https:\/\/images.ohmyhosting.se\/Ljjs8bVJbnEIFvR7sJaz6vKlJj0=\/500x281\/smart\/filters:quality(85)\/https%3A%2F%2Faxsonjohnsonfoundation.org%2Fwp-content%2Fuploads%2F2022%2F06%2FHalewell-inla%CC%88ggsbild.jpg 1x,\n                https:\/\/images.ohmyhosting.se\/PZjCppPh9n9qYIgJaVg7OCj9YNo=\/1000x562\/smart\/filters:quality(85)\/https%3A%2F%2Faxsonjohnsonfoundation.org%2Fwp-content%2Fuploads%2F2022%2F06%2FHalewell-inla%CC%88ggsbild.jpg 2x\" media=\"(min-width: 415px)\" \/>\n            <source width=\"414\" height=\"233\" data-srcset=\"https:\/\/images.ohmyhosting.se\/RJe8X3VhtfOTAD7uNs3Ci13UIkg=\/414x233\/smart\/filters:quality(85)\/https%3A%2F%2Faxsonjohnsonfoundation.org%2Fwp-content%2Fuploads%2F2022%2F06%2FHalewell-inla%CC%88ggsbild.jpg 1x,\n                https:\/\/images.ohmyhosting.se\/_uXxELhWXe6PSw3jNihsLg8uD70=\/828x466\/smart\/filters:quality(85)\/https%3A%2F%2Faxsonjohnsonfoundation.org%2Fwp-content%2Fuploads%2F2022%2F06%2FHalewell-inla%CC%88ggsbild.jpg 2x\" media=\"(min-width: 1px)\" \/>\n            <img\n                width=\"872\"\n                height=\"490\"\n                class=\"lazy rounded-lg pointer-events-none\"\n                data-src=\"https:\/\/images.ohmyhosting.se\/6EHPn_pOdNDbfhb_KQkbp5rvqU8=\/872x490\/smart\/filters:quality(10):blur(9)\/https%3A%2F%2Faxsonjohnsonfoundation.org%2Fwp-content%2Fuploads%2F2022%2F06%2FHalewell-inla%CC%88ggsbild.jpg\"\n                data-srcset=\"https:\/\/images.ohmyhosting.se\/zdb3SvJsw3Rj33wMIdl3Pbdtteg=\/872x490\/smart\/filters:quality(85)\/https%3A%2F%2Faxsonjohnsonfoundation.org%2Fwp-content%2Fuploads%2F2022%2F06%2FHalewell-inla%CC%88ggsbild.jpg\"\n                alt=\"\">\n            <\/picture>\n\n    <\/section><\/div>\n\n\n<div class=\"section-x-padding\">\n    <p class=\"body-xl section-inner-width mx-auto my-8\">\n        Halewell \u00e4r en kulturminnesm\u00e4rkt byggnad utanf\u00f6r Gloucester i syd\u00f6stra England som uppf\u00f6rdes under 1400-, 1600- och det tidiga 1900-talet. H\u00e4r bedriver stiftelsen bland annat seminarieverksamhet.    <\/p>\n<\/div>\n\n\n<div class=\"section-x-padding\">\n    <div class=\"wysiwyg section-inner-width mx-auto my-8\">\n        <p>Den ursprungliga byggnaden restes f\u00f6rmodligen f\u00f6r biskopen i Worcester 1476. Den senaste tillbyggnaden gjordes av den d\u00e5varande \u00e4garen mellan 1926 och 1928. I samband med det anlitades landskapsarkitekten Mawson som anlade husets tr\u00e4dg\u00e5rd.<\/p>\n    <\/div>\n<\/div>","protected":false},"excerpt":{"rendered":"","protected":false},"author":8,"featured_media":0,"parent":616,"menu_order":0,"comment_status":"closed","ping_status":"closed","template":"templates\/template-general.php","meta":{"_acf_changed":false,"footnotes":""},"class_list":["post-677","page","type-page","status-publish","hentry"],"acf":[],"yoast_head":"<!-- This site is optimized with the Yoast SEO plugin v27.3 - https:\/\/yoast.com\/product\/yoast-seo-wordpress\/ -->\n<title>Halewell - Axel and Margaret Ax:son Johnson Foundation for public benefit<\/title>\n<meta name=\"robots\" content=\"index, follow, max-snippet:-1, max-image-preview:large, max-video-preview:-1\" \/>\n<link rel=\"canonical\" href=\"https:\/\/axsonjohnsonfoundation.org\/sv\/om-oss\/halewell\/\" \/>\n<meta property=\"og:locale\" content=\"sv_SE\" \/>\n<meta property=\"og:type\" content=\"article\" \/>\n<meta property=\"og:title\" content=\"Halewell - Axel and Margaret Ax:son Johnson Foundation for public benefit\" \/>\n<meta property=\"og:url\" content=\"https:\/\/axsonjohnsonfoundation.org\/sv\/om-oss\/halewell\/\" \/>\n<meta property=\"og:site_name\" content=\"Axel and Margaret Ax:son Johnson Foundation for public benefit\" \/>\n<meta property=\"article:modified_time\" content=\"2022-08-29T08:17:38+00:00\" \/>\n<meta property=\"og:image\" content=\"https:\/\/axsonjohnsonfoundation.org\/wp-content\/uploads\/2022\/05\/big-placeholder-people-1.jpeg\" \/>\n\t<meta property=\"og:image:width\" content=\"1088\" \/>\n\t<meta property=\"og:image:height\" content=\"612\" \/>\n\t<meta property=\"og:image:type\" content=\"image\/jpeg\" \/>\n<meta name=\"twitter:card\" content=\"summary_large_image\" \/>\n<script type=\"application\/ld+json\" class=\"yoast-schema-graph\">{\"@context\":\"https:\\\/\\\/schema.org\",\"@graph\":[{\"@type\":\"WebPage\",\"@id\":\"https:\\\/\\\/axsonjohnsonfoundation.org\\\/sv\\\/om-oss\\\/halewell\\\/\",\"url\":\"https:\\\/\\\/axsonjohnsonfoundation.org\\\/sv\\\/om-oss\\\/halewell\\\/\",\"name\":\"Halewell - Axel and Margaret Ax:son Johnson Foundation for public benefit\",\"isPartOf\":{\"@id\":\"https:\\\/\\\/axsonjohnsonfoundation.org\\\/sv\\\/#website\"},\"datePublished\":\"2022-06-10T11:00:37+00:00\",\"dateModified\":\"2022-08-29T08:17:38+00:00\",\"breadcrumb\":{\"@id\":\"https:\\\/\\\/axsonjohnsonfoundation.org\\\/sv\\\/om-oss\\\/halewell\\\/#breadcrumb\"},\"inLanguage\":\"sv-SE\",\"potentialAction\":[{\"@type\":\"ReadAction\",\"target\":[\"https:\\\/\\\/axsonjohnsonfoundation.org\\\/sv\\\/om-oss\\\/halewell\\\/\"]}]},{\"@type\":\"BreadcrumbList\",\"@id\":\"https:\\\/\\\/axsonjohnsonfoundation.org\\\/sv\\\/om-oss\\\/halewell\\\/#breadcrumb\",\"itemListElement\":[{\"@type\":\"ListItem\",\"position\":1,\"name\":\"Start\",\"item\":\"\\\/sv\\\/\"},{\"@type\":\"ListItem\",\"position\":2,\"name\":\"Om oss\",\"item\":\"https:\\\/\\\/axsonjohnsonfoundation.org\\\/sv\\\/om-oss\\\/\"},{\"@type\":\"ListItem\",\"position\":3,\"name\":\"Halewell\"}]},{\"@type\":\"WebSite\",\"@id\":\"https:\\\/\\\/axsonjohnsonfoundation.org\\\/sv\\\/#website\",\"url\":\"https:\\\/\\\/axsonjohnsonfoundation.org\\\/sv\\\/\",\"name\":\"Axel and Margaret Ax:son Johnson Foundation for public benefit\",\"description\":\"Promoting scientific and scholarly research\",\"potentialAction\":[{\"@type\":\"SearchAction\",\"target\":{\"@type\":\"EntryPoint\",\"urlTemplate\":\"https:\\\/\\\/axsonjohnsonfoundation.org\\\/sv\\\/?s={search_term_string}\"},\"query-input\":{\"@type\":\"PropertyValueSpecification\",\"valueRequired\":true,\"valueName\":\"search_term_string\"}}],\"inLanguage\":\"sv-SE\"}]}<\/script>\n<!-- \/ Yoast SEO plugin. -->","yoast_head_json":{"title":"Halewell - Axel and Margaret Ax:son Johnson Foundation for public benefit","robots":{"index":"index","follow":"follow","max-snippet":"max-snippet:-1","max-image-preview":"max-image-preview:large","max-video-preview":"max-video-preview:-1"},"canonical":"https:\/\/axsonjohnsonfoundation.org\/sv\/om-oss\/halewell\/","og_locale":"sv_SE","og_type":"article","og_title":"Halewell - Axel and Margaret Ax:son Johnson Foundation for public benefit","og_url":"https:\/\/axsonjohnsonfoundation.org\/sv\/om-oss\/halewell\/","og_site_name":"Axel and Margaret Ax:son Johnson Foundation for public benefit","article_modified_time":"2022-08-29T08:17:38+00:00","og_image":[{"width":1088,"height":612,"url":"https:\/\/axsonjohnsonfoundation.org\/wp-content\/uploads\/2022\/05\/big-placeholder-people-1.jpeg","type":"image\/jpeg"}],"twitter_card":"summary_large_image","schema":{"@context":"https:\/\/schema.org","@graph":[{"@type":"WebPage","@id":"https:\/\/axsonjohnsonfoundation.org\/sv\/om-oss\/halewell\/","url":"https:\/\/axsonjohnsonfoundation.org\/sv\/om-oss\/halewell\/","name":"Halewell - Axel and Margaret Ax:son Johnson Foundation for public benefit","isPartOf":{"@id":"https:\/\/axsonjohnsonfoundation.org\/sv\/#website"},"datePublished":"2022-06-10T11:00:37+00:00","dateModified":"2022-08-29T08:17:38+00:00","breadcrumb":{"@id":"https:\/\/axsonjohnsonfoundation.org\/sv\/om-oss\/halewell\/#breadcrumb"},"inLanguage":"sv-SE","potentialAction":[{"@type":"ReadAction","target":["https:\/\/axsonjohnsonfoundation.org\/sv\/om-oss\/halewell\/"]}]},{"@type":"BreadcrumbList","@id":"https:\/\/axsonjohnsonfoundation.org\/sv\/om-oss\/halewell\/#breadcrumb","itemListElement":[{"@type":"ListItem","position":1,"name":"Start","item":"\/sv\/"},{"@type":"ListItem","position":2,"name":"Om oss","item":"https:\/\/axsonjohnsonfoundation.org\/sv\/om-oss\/"},{"@type":"ListItem","position":3,"name":"Halewell"}]},{"@type":"WebSite","@id":"https:\/\/axsonjohnsonfoundation.org\/sv\/#website","url":"https:\/\/axsonjohnsonfoundation.org\/sv\/","name":"Axel and Margaret Ax:son Johnson Foundation for public benefit","description":"Promoting scientific and scholarly research","potentialAction":[{"@type":"SearchAction","target":{"@type":"EntryPoint","urlTemplate":"https:\/\/axsonjohnsonfoundation.org\/sv\/?s={search_term_string}"},"query-input":{"@type":"PropertyValueSpecification","valueRequired":true,"valueName":"search_term_string"}}],"inLanguage":"sv-SE"}]}},"_links":{"self":[{"href":"https:\/\/axsonjohnsonfoundation.org\/sv\/wp-json\/wp\/v2\/pages\/677","targetHints":{"allow":["GET"]}}],"collection":[{"href":"https:\/\/axsonjohnsonfoundation.org\/sv\/wp-json\/wp\/v2\/pages"}],"about":[{"href":"https:\/\/axsonjohnsonfoundation.org\/sv\/wp-json\/wp\/v2\/types\/page"}],"author":[{"embeddable":true,"href":"https:\/\/axsonjohnsonfoundation.org\/sv\/wp-json\/wp\/v2\/users\/8"}],"replies":[{"embeddable":true,"href":"https:\/\/axsonjohnsonfoundation.org\/sv\/wp-json\/wp\/v2\/comments?post=677"}],"version-history":[{"count":17,"href":"https:\/\/axsonjohnsonfoundation.org\/sv\/wp-json\/wp\/v2\/pages\/677\/revisions"}],"predecessor-version":[{"id":2313,"href":"https:\/\/axsonjohnsonfoundation.org\/sv\/wp-json\/wp\/v2\/pages\/677\/revisions\/2313"}],"up":[{"embeddable":true,"href":"https:\/\/axsonjohnsonfoundation.org\/sv\/wp-json\/wp\/v2\/pages\/616"}],"wp:attachment":[{"href":"https:\/\/axsonjohnsonfoundation.org\/sv\/wp-json\/wp\/v2\/media?parent=677"}],"curies":[{"name":"wp","href":"https:\/\/api.w.org\/{rel}","templated":true}]}}